{"id":7719,"date":"2024-12-31T20:15:01","date_gmt":"2024-12-31T20:15:01","guid":{"rendered":"https:\/\/storetest.ivi.ee\/product\/white-cake-base-2525cm3mm-square\/"},"modified":"2026-04-07T17:40:23","modified_gmt":"2026-04-07T15:40:23","slug":"balta-kukas-pamatne-2525-cm3-mm-kvadrats","status":"publish","type":"product","link":"https:\/\/candeebaar.ee\/lv\/veikals\/balta-kukas-pamatne-2525-cm3-mm-kvadrats\/","title":{"rendered":"Balts k\u016bkas d\u0113lis 25*25cm*3mm kvadr\u0101ts"},"content":{"rendered":"<p>Kvadr\u0101tveida pamatne no bl\u012bva pastiprin\u0101ta kartona, mitrumiztur\u012bga un taukiztur\u012bga.<br \/>\nKr\u0101sa: balta<br \/>\nIzm\u0113rs: 250 * 250 mm<br \/>\nBiezums: 3mm<\/p>","protected":false},"excerpt":{"rendered":"<p>Kvadr\u0101tveida pamatne izgatavota no bl\u012bva, pastiprin\u0101ta kartona, mitrumiztur\u012bga un taukiem iztur\u012bga. Kr\u0101sa: balta. Izm\u0113rs: 250*250mm. Biezums: 3mm.<\/p>","protected":false},"featured_media":7501,"template":"","meta":{"_seopress_robots_primary_cat":"","_seopress_titles_title":"","_seopress_titles_desc":"","_seopress_robots_index":""},"product_brand":[],"product_cat":[15,144,149],"product_tag":[],"class_list":{"0":"post-7719","1":"product","2":"type-product","3":"status-publish","4":"has-post-thumbnail","6":"product_cat-all-products","7":"product_cat-25cm","8":"product_cat-square-and-rectangular","10":"first","11":"instock","12":"taxable","13":"shipping-taxable","14":"purchasable","15":"product-type-simple"},"_links":{"self":[{"href":"https:\/\/candeebaar.ee\/lv\/wp-json\/wp\/v2\/product\/7719","targetHints":{"allow":["GET"]}}],"collection":[{"href":"https:\/\/candeebaar.ee\/lv\/wp-json\/wp\/v2\/product"}],"about":[{"href":"https:\/\/candeebaar.ee\/lv\/wp-json\/wp\/v2\/types\/product"}],"version-history":[{"count":2,"href":"https:\/\/candeebaar.ee\/lv\/wp-json\/wp\/v2\/product\/7719\/revisions"}],"predecessor-version":[{"id":9112,"href":"https:\/\/candeebaar.ee\/lv\/wp-json\/wp\/v2\/product\/7719\/revisions\/9112"}],"wp:featuredmedia":[{"embeddable":true,"href":"https:\/\/candeebaar.ee\/lv\/wp-json\/wp\/v2\/media\/7501"}],"wp:attachment":[{"href":"https:\/\/candeebaar.ee\/lv\/wp-json\/wp\/v2\/media?parent=7719"}],"wp:term":[{"taxonomy":"product_brand","embeddable":true,"href":"https:\/\/candeebaar.ee\/lv\/wp-json\/wp\/v2\/product_brand?post=7719"},{"taxonomy":"product_cat","embeddable":true,"href":"https:\/\/candeebaar.ee\/lv\/wp-json\/wp\/v2\/product_cat?post=7719"},{"taxonomy":"product_tag","embeddable":true,"href":"https:\/\/candeebaar.ee\/lv\/wp-json\/wp\/v2\/product_tag?post=7719"}],"curies":[{"name":"wp","href":"https:\/\/api.w.org\/{rel}","templated":true}]}}