{"id":7736,"date":"2024-12-31T20:15:10","date_gmt":"2024-12-31T20:15:10","guid":{"rendered":"https:\/\/storetest.ivi.ee\/product\/wafer-paper-0-35mm-a4-1-sheet\/"},"modified":"2026-04-01T11:29:27","modified_gmt":"2026-04-01T09:29:27","slug":"vafelu-papirs-0-35mm-a4-1-loksne","status":"publish","type":"product","link":"https:\/\/candeebaar.ee\/lv\/veikals\/vafelu-papirs-0-35mm-a4-1-loksne\/","title":{"rendered":"Vafe\u013cu pap\u012brs 0,35mm A4 1 loksne"},"content":{"rendered":"<p>Vafe\u013cu pap\u012brs tiek izmantots p\u0101rtikas apdrukai un \u0113damu dekor\u0101ciju veido\u0161anai.<br \/>\nTam ir gluda puse (druk\u0101\u0161anai) un raupja puse.<br \/>\nBiezums: 0,35 mm<br \/>\nIzm\u0113rs: 210x297mm<br \/>\nDaudzums: 1gab<br \/>\nSvars: ~7g<br \/>\nUzturv\u0113rt\u012bba uz 100 g:<br \/>\n1589kJ\/380kcal<br \/>\nTauki (pies\u0101tin\u0101tie): 3 g (0,4 g)<br \/>\nOg\u013chidr\u0101ti: 88,1g<br \/>\nOlbaltumvielas: 0,1g<br \/>\nSast\u0101vs: kartupe\u013cu ciete, \u016bdens, ol\u012bve\u013c\u013ca.<br \/>\nUzglab\u0101t cie\u0161i nosl\u0113gt\u0101 iepakojum\u0101, v\u0113s\u0101 tum\u0161\u0101 viet\u0101.<br \/>\nRa\u017eot\u0101js: V\u0101cija<\/p>","protected":false},"excerpt":{"rendered":"<p>Vafe\u013cu pap\u012brs tiek izmantots p\u0101rtikas apdrukai un \u0113damu dekor\u0101ciju veido\u0161anai. Tam ir gluda puse (druk\u0101\u0161anai) un raupja puse. Biezums: 0.35mm Izm\u0113rs: 210x297mm Daudzums: 1gab Svars: ~7g Uzturv\u0113rt\u012bba uz 100g: 1589kJ\/380kcal Tauki (pies\u0101tin\u0101ti): 3g (0.4g) Og\u013chidr\u0101ti: 88.1g Olbaltumvielas1 Sast\u0101vs:, Sast\u0101vs:0 Olbaltumvielas. Uzglab\u0101t cie\u0161i nosl\u0113gt\u0101 iepakojum\u0101, [\u2026]<\/p>","protected":false},"featured_media":5224,"template":"","meta":{"_seopress_robots_primary_cat":"","_seopress_titles_title":"","_seopress_titles_desc":"","_seopress_robots_index":""},"product_brand":[],"product_cat":[15],"product_tag":[],"class_list":{"0":"post-7736","1":"product","2":"type-product","3":"status-publish","4":"has-post-thumbnail","6":"product_cat-all-products","8":"first","9":"instock","10":"taxable","11":"shipping-taxable","12":"purchasable","13":"product-type-simple"},"_links":{"self":[{"href":"https:\/\/candeebaar.ee\/lv\/wp-json\/wp\/v2\/product\/7736","targetHints":{"allow":["GET"]}}],"collection":[{"href":"https:\/\/candeebaar.ee\/lv\/wp-json\/wp\/v2\/product"}],"about":[{"href":"https:\/\/candeebaar.ee\/lv\/wp-json\/wp\/v2\/types\/product"}],"version-history":[{"count":1,"href":"https:\/\/candeebaar.ee\/lv\/wp-json\/wp\/v2\/product\/7736\/revisions"}],"predecessor-version":[{"id":7737,"href":"https:\/\/candeebaar.ee\/lv\/wp-json\/wp\/v2\/product\/7736\/revisions\/7737"}],"wp:featuredmedia":[{"embeddable":true,"href":"https:\/\/candeebaar.ee\/lv\/wp-json\/wp\/v2\/media\/5224"}],"wp:attachment":[{"href":"https:\/\/candeebaar.ee\/lv\/wp-json\/wp\/v2\/media?parent=7736"}],"wp:term":[{"taxonomy":"product_brand","embeddable":true,"href":"https:\/\/candeebaar.ee\/lv\/wp-json\/wp\/v2\/product_brand?post=7736"},{"taxonomy":"product_cat","embeddable":true,"href":"https:\/\/candeebaar.ee\/lv\/wp-json\/wp\/v2\/product_cat?post=7736"},{"taxonomy":"product_tag","embeddable":true,"href":"https:\/\/candeebaar.ee\/lv\/wp-json\/wp\/v2\/product_tag?post=7736"}],"curies":[{"name":"wp","href":"https:\/\/api.w.org\/{rel}","templated":true}]}}