{"id":7738,"date":"2024-12-31T20:15:10","date_gmt":"2024-12-31T20:15:10","guid":{"rendered":"https:\/\/storetest.ivi.ee\/product\/waffle-paper-0-6mm-a4-1-sheet\/"},"modified":"2026-04-01T13:41:45","modified_gmt":"2026-04-01T11:41:45","slug":"vafelu-papirs-0-6mm-a4-1-loksne","status":"publish","type":"product","link":"https:\/\/candeebaar.ee\/lv\/veikals\/vafelu-papirs-0-6mm-a4-1-loksne\/","title":{"rendered":"Vafe\u013cu pap\u012brs 0,6mm A4 1 loksne"},"content":{"rendered":"<p>Vafe\u013cu pap\u012brs tiek izmantots p\u0101rtikas apdrukai un \u0113damu dekor\u0101ciju veido\u0161anai.<br \/>\nTam ir gluda puse (druk\u0101\u0161anai) un raupja puse.<br \/>\nBiezums: 0,6 mm<br \/>\nIzm\u0113rs: 210x297mm<br \/>\nDaudzums: 1 gab<br \/>\nSvars (kop\u0113jais): ~12g<br \/>\nUzturv\u0113rt\u012bba uz 100 g:<br \/>\n1589kJ\/380kcal<br \/>\nTauki (pies\u0101tin\u0101tie): 3 g (0,4 g)<br \/>\nOg\u013chidr\u0101ti: 88,1g<br \/>\nOlbaltumvielas: 0,1g<br \/>\nSast\u0101vs: kartupe\u013cu ciete, \u016bdens, ol\u012bve\u013c\u013ca, maltodekstr\u012bns.<br \/>\nUzglab\u0101t cie\u0161i nosl\u0113gt\u0101 iepakojum\u0101, v\u0113s\u0101 tum\u0161\u0101 viet\u0101.<br \/>\nRa\u017eot\u0101js: V\u0101cija<\/p>","protected":false},"excerpt":{"rendered":"<p>Vafe\u013cu pap\u012brs tiek izmantots p\u0101rtikas apdrukai un \u0113damu dekor\u0101ciju veido\u0161anai. Tam ir gluda puse (druk\u0101\u0161anai) un raupja puse. Biezums: 0.6mm Izm\u0113rs: 210x297mm Daudzums: 1 gabals Svars (kop\u0101): ~12g Uzturv\u0113rt\u012bba uz 100g: 1589kJ\/380kcal Tauki (pies\u0101tin\u0101ti): 3g (0.4g) Og\u013chidr\u0101ti: 88.1g Sast\u0101vs: 0,1 g. , ol\u012bve\u013c\u013ca, maltodekstr\u012bns. Uzglab\u0101t [\u2026]<\/p>","protected":false},"featured_media":10513,"template":"","meta":{"_seopress_robots_primary_cat":"none","_seopress_titles_title":"","_seopress_titles_desc":"","_seopress_robots_index":""},"product_brand":[],"product_cat":[15,105],"product_tag":[],"class_list":{"0":"post-7738","1":"product","2":"type-product","3":"status-publish","4":"has-post-thumbnail","6":"product_cat-all-products","7":"product_cat-edible-print","9":"first","10":"instock","11":"taxable","12":"shipping-taxable","13":"purchasable","14":"product-type-simple"},"_links":{"self":[{"href":"https:\/\/candeebaar.ee\/lv\/wp-json\/wp\/v2\/product\/7738","targetHints":{"allow":["GET"]}}],"collection":[{"href":"https:\/\/candeebaar.ee\/lv\/wp-json\/wp\/v2\/product"}],"about":[{"href":"https:\/\/candeebaar.ee\/lv\/wp-json\/wp\/v2\/types\/product"}],"version-history":[{"count":1,"href":"https:\/\/candeebaar.ee\/lv\/wp-json\/wp\/v2\/product\/7738\/revisions"}],"predecessor-version":[{"id":7739,"href":"https:\/\/candeebaar.ee\/lv\/wp-json\/wp\/v2\/product\/7738\/revisions\/7739"}],"wp:featuredmedia":[{"embeddable":true,"href":"https:\/\/candeebaar.ee\/lv\/wp-json\/wp\/v2\/media\/10513"}],"wp:attachment":[{"href":"https:\/\/candeebaar.ee\/lv\/wp-json\/wp\/v2\/media?parent=7738"}],"wp:term":[{"taxonomy":"product_brand","embeddable":true,"href":"https:\/\/candeebaar.ee\/lv\/wp-json\/wp\/v2\/product_brand?post=7738"},{"taxonomy":"product_cat","embeddable":true,"href":"https:\/\/candeebaar.ee\/lv\/wp-json\/wp\/v2\/product_cat?post=7738"},{"taxonomy":"product_tag","embeddable":true,"href":"https:\/\/candeebaar.ee\/lv\/wp-json\/wp\/v2\/product_tag?post=7738"}],"curies":[{"name":"wp","href":"https:\/\/api.w.org\/{rel}","templated":true}]}}