{"id":7761,"date":"2024-12-31T20:15:10","date_gmt":"2024-12-31T20:15:10","guid":{"rendered":"https:\/\/storetest.ivi.ee\/product\/silicone-mold-half-sphere-50mm\/"},"modified":"2026-01-21T22:25:21","modified_gmt":"2026-01-21T20:25:21","slug":"silikona-veidnes-puslode-50mm","status":"publish","type":"product","link":"https:\/\/candeebaar.ee\/lv\/veikals\/silikona-veidnes-puslode-50mm\/","title":{"rendered":"Silikona veidne Puslode 50mm"},"content":{"rendered":"<p>Veidne \u0161okol\u0101dei<br \/>\nIzm\u0113rs: 19,5*13*2,6cm<br \/>\nPuslodes diametrs: 50 mm (6 dobumi)<br \/>\nMateri\u0101ls: p\u0101rtikas silikons<br \/>\nDarba temperat\u016bra: -60\u00b0C l\u012bdz 230\u00b0C<br \/>\nRa\u017eots: \u0136\u012bn\u0101<\/p>","protected":false},"excerpt":{"rendered":"<p>Veidne \u0161okol\u0101dei Izm\u0113rs: 19,5*13*2,6cm Puslodes diametrs: 50mm (6 dobumi) Materi\u0101ls: p\u0101rtikas silikons Darba temperat\u016bra: -60\u00b0C l\u012bdz 230\u00b0C Ra\u017eots: \u0136\u012bna<\/p>","protected":false},"featured_media":7757,"template":"","meta":{"_seopress_robots_primary_cat":"","_seopress_titles_title":"","_seopress_titles_desc":"","_seopress_robots_index":""},"product_brand":[],"product_cat":[15,82,123],"product_tag":[],"class_list":{"0":"post-7761","1":"product","2":"type-product","3":"status-publish","4":"has-post-thumbnail","6":"product_cat-all-products","7":"product_cat-chocolate-molds","8":"product_cat-geometry","10":"first","11":"instock","12":"taxable","13":"shipping-taxable","14":"purchasable","15":"product-type-simple"},"_links":{"self":[{"href":"https:\/\/candeebaar.ee\/lv\/wp-json\/wp\/v2\/product\/7761","targetHints":{"allow":["GET"]}}],"collection":[{"href":"https:\/\/candeebaar.ee\/lv\/wp-json\/wp\/v2\/product"}],"about":[{"href":"https:\/\/candeebaar.ee\/lv\/wp-json\/wp\/v2\/types\/product"}],"version-history":[{"count":1,"href":"https:\/\/candeebaar.ee\/lv\/wp-json\/wp\/v2\/product\/7761\/revisions"}],"predecessor-version":[{"id":7762,"href":"https:\/\/candeebaar.ee\/lv\/wp-json\/wp\/v2\/product\/7761\/revisions\/7762"}],"wp:featuredmedia":[{"embeddable":true,"href":"https:\/\/candeebaar.ee\/lv\/wp-json\/wp\/v2\/media\/7757"}],"wp:attachment":[{"href":"https:\/\/candeebaar.ee\/lv\/wp-json\/wp\/v2\/media?parent=7761"}],"wp:term":[{"taxonomy":"product_brand","embeddable":true,"href":"https:\/\/candeebaar.ee\/lv\/wp-json\/wp\/v2\/product_brand?post=7761"},{"taxonomy":"product_cat","embeddable":true,"href":"https:\/\/candeebaar.ee\/lv\/wp-json\/wp\/v2\/product_cat?post=7761"},{"taxonomy":"product_tag","embeddable":true,"href":"https:\/\/candeebaar.ee\/lv\/wp-json\/wp\/v2\/product_tag?post=7761"}],"curies":[{"name":"wp","href":"https:\/\/api.w.org\/{rel}","templated":true}]}}