{"id":7770,"date":"2024-12-31T20:15:10","date_gmt":"2024-12-31T20:15:10","guid":{"rendered":"https:\/\/storetest.ivi.ee\/product\/crepe-paper-20050cm-yellow\/"},"modified":"2025-11-07T10:20:53","modified_gmt":"2025-11-07T08:20:53","slug":"kreppapirs-20050cm-dzeltens","status":"publish","type":"product","link":"https:\/\/candeebaar.ee\/lv\/veikals\/kreppapirs-20050cm-dzeltens\/","title":{"rendered":"Kreppap\u012brs 200*50cm Dzeltens"},"content":{"rendered":"<p>Kreppap\u012brs iepako\u0161anai un dekor\u0113\u0161anai.<br \/>\nIzm\u0113rs: 200*50cm<br \/>\nKr\u0101sa: dzeltena<\/p>","protected":false},"excerpt":{"rendered":"<p>Kreppap\u012brs iepako\u0161anai un dekor\u0113\u0161anai. Izm\u0113rs: 200*50cm Kr\u0101sa: dzeltena<\/p>","protected":false},"featured_media":7772,"template":"","meta":{"_seopress_robots_primary_cat":"","_seopress_titles_title":"","_seopress_titles_desc":"","_seopress_robots_index":""},"product_brand":[],"product_cat":[182,181,15,93],"product_tag":[],"class_list":{"0":"post-7770","1":"product","2":"type-product","3":"status-publish","4":"has-post-thumbnail","6":"product_cat-christmas","7":"product_cat-christmas-new-year","8":"product_cat-all-products","9":"product_cat-gift-packaging","11":"first","12":"instock","13":"taxable","14":"shipping-taxable","15":"purchasable","16":"product-type-simple"},"_links":{"self":[{"href":"https:\/\/candeebaar.ee\/lv\/wp-json\/wp\/v2\/product\/7770","targetHints":{"allow":["GET"]}}],"collection":[{"href":"https:\/\/candeebaar.ee\/lv\/wp-json\/wp\/v2\/product"}],"about":[{"href":"https:\/\/candeebaar.ee\/lv\/wp-json\/wp\/v2\/types\/product"}],"version-history":[{"count":1,"href":"https:\/\/candeebaar.ee\/lv\/wp-json\/wp\/v2\/product\/7770\/revisions"}],"predecessor-version":[{"id":7771,"href":"https:\/\/candeebaar.ee\/lv\/wp-json\/wp\/v2\/product\/7770\/revisions\/7771"}],"wp:featuredmedia":[{"embeddable":true,"href":"https:\/\/candeebaar.ee\/lv\/wp-json\/wp\/v2\/media\/7772"}],"wp:attachment":[{"href":"https:\/\/candeebaar.ee\/lv\/wp-json\/wp\/v2\/media?parent=7770"}],"wp:term":[{"taxonomy":"product_brand","embeddable":true,"href":"https:\/\/candeebaar.ee\/lv\/wp-json\/wp\/v2\/product_brand?post=7770"},{"taxonomy":"product_cat","embeddable":true,"href":"https:\/\/candeebaar.ee\/lv\/wp-json\/wp\/v2\/product_cat?post=7770"},{"taxonomy":"product_tag","embeddable":true,"href":"https:\/\/candeebaar.ee\/lv\/wp-json\/wp\/v2\/product_tag?post=7770"}],"curies":[{"name":"wp","href":"https:\/\/api.w.org\/{rel}","templated":true}]}}