{"id":7775,"date":"2024-12-31T20:15:10","date_gmt":"2024-12-31T20:15:10","guid":{"rendered":"https:\/\/storetest.ivi.ee\/product\/crepe-paper-20050cm-silver\/"},"modified":"2025-04-03T21:46:25","modified_gmt":"2025-04-03T19:46:25","slug":"kreppapirs-20050cm-sudrabs","status":"publish","type":"product","link":"https:\/\/candeebaar.ee\/lv\/veikals\/kreppapirs-20050cm-sudrabs\/","title":{"rendered":"Kreppap\u012brs 200*50cm Sudrabs"},"content":{"rendered":"<p>Kreppap\u012brs iepako\u0161anai un dekor\u0113\u0161anai.<br \/>\nIzm\u0113rs: 200*50cm<br \/>\nKr\u0101sa: sudraba<\/p>","protected":false},"excerpt":{"rendered":"<p>Kreppap\u012brs iepako\u0161anai un dekor\u0113\u0161anai. Izm\u0113rs: 200*50cm Kr\u0101sa: sudraba<\/p>","protected":false},"featured_media":7768,"template":"","meta":{"_seopress_robots_primary_cat":"","_seopress_titles_title":"","_seopress_titles_desc":"","_seopress_robots_index":""},"product_brand":[],"product_cat":[15,93],"product_tag":[],"class_list":{"0":"post-7775","1":"product","2":"type-product","3":"status-publish","4":"has-post-thumbnail","6":"product_cat-all-products","7":"product_cat-gift-packaging","9":"first","10":"outofstock","11":"taxable","12":"shipping-taxable","13":"purchasable","14":"product-type-simple"},"_links":{"self":[{"href":"https:\/\/candeebaar.ee\/lv\/wp-json\/wp\/v2\/product\/7775","targetHints":{"allow":["GET"]}}],"collection":[{"href":"https:\/\/candeebaar.ee\/lv\/wp-json\/wp\/v2\/product"}],"about":[{"href":"https:\/\/candeebaar.ee\/lv\/wp-json\/wp\/v2\/types\/product"}],"version-history":[{"count":1,"href":"https:\/\/candeebaar.ee\/lv\/wp-json\/wp\/v2\/product\/7775\/revisions"}],"predecessor-version":[{"id":7776,"href":"https:\/\/candeebaar.ee\/lv\/wp-json\/wp\/v2\/product\/7775\/revisions\/7776"}],"wp:featuredmedia":[{"embeddable":true,"href":"https:\/\/candeebaar.ee\/lv\/wp-json\/wp\/v2\/media\/7768"}],"wp:attachment":[{"href":"https:\/\/candeebaar.ee\/lv\/wp-json\/wp\/v2\/media?parent=7775"}],"wp:term":[{"taxonomy":"product_brand","embeddable":true,"href":"https:\/\/candeebaar.ee\/lv\/wp-json\/wp\/v2\/product_brand?post=7775"},{"taxonomy":"product_cat","embeddable":true,"href":"https:\/\/candeebaar.ee\/lv\/wp-json\/wp\/v2\/product_cat?post=7775"},{"taxonomy":"product_tag","embeddable":true,"href":"https:\/\/candeebaar.ee\/lv\/wp-json\/wp\/v2\/product_tag?post=7775"}],"curies":[{"name":"wp","href":"https:\/\/api.w.org\/{rel}","templated":true}]}}