{"id":7795,"date":"2024-12-31T20:15:17","date_gmt":"2024-12-31T20:15:17","guid":{"rendered":"https:\/\/storetest.ivi.ee\/product\/cacao-mill-dark-chocolate-56-300g\/"},"modified":"2026-03-24T07:38:36","modified_gmt":"2026-03-24T05:38:36","slug":"kakao-dzirnavinas-tumsa-sokolade-56-300g","status":"publish","type":"product","link":"https:\/\/candeebaar.ee\/lv\/veikals\/kakao-dzirnavinas-tumsa-sokolade-56-300g\/","title":{"rendered":"Cacao Mill tum\u0161\u0101 \u0161okol\u0101de (56%) 300g"},"content":{"rendered":"<p>Tum\u0161\u0101 \u0161okol\u0101de ar bag\u0101t\u012bgu kakao gar\u0161u.<br \/>\nPl\u016bstsp\u0113ja: 2\/5<br \/>\nMasa: 300g<br \/>\nSast\u0101vs uz 100 g:<br \/>\nEner\u0123ija: 531,2 kcal\/2212,7 kJ<br \/>\nTauki: 32,6 g<br \/>\nOg\u013chidr\u0101ti: 47,7g<br \/>\nOlbaltumvielas: 7,6 g<br \/>\nKakao saturs: 56%<br \/>\nSast\u0101vs: kakao masa, kakao sviests, cukurs, E322 (lecit\u012bns <strong>sojas<\/strong>), poliglicer\u012bns, vanil\u012bns.<\/p>\n<p>Ra\u017eot\u0101js: Natra Cacao, Sp\u0101nija<br \/>\nUzglab\u0101\u0161anas temperat\u016bra: <strong>18 <\/strong>\u00b0<strong>C<br \/>\n<\/strong>Var satur\u0113t p\u0113das <strong>piens, laktoze, soja un rieksti.<br \/>\n<\/strong><\/p>","protected":false},"excerpt":{"rendered":"<p>Tum\u0161\u0101 \u0161okol\u0101de ar bag\u0101t\u012bgu kakao gar\u0161u. Pl\u016bstsp\u0113ja: 2\/5 Masa: 300g Saturs uz 100g: Ener\u0123ija: 531,2 kcal\/2212,7 kJ Tauki: 32,6 g Og\u013chidr\u0101ti: 47,7 g Olbaltumvielas: 7,6 g Kakao saturs: 56% Sast\u0101vs: kakao masa, cukurs, sviests2 , poliglicer\u012bns, vanil\u012bns. Ra\u017eot\u0101js: Natra Cacao, Sp\u0101nija Uzglab\u0101\u0161anas temperat\u016bra: 18 \u00b0C Var satur\u0113t piena, laktozes, sojas un riekstu p\u0113das.<\/p>","protected":false},"featured_media":5397,"template":"","meta":{"_seopress_robots_primary_cat":"none","_seopress_titles_title":"","_seopress_titles_desc":"","_seopress_robots_index":""},"product_brand":[],"product_cat":[15,111],"product_tag":[],"class_list":{"0":"post-7795","1":"product","2":"type-product","3":"status-publish","4":"has-post-thumbnail","6":"product_cat-all-products","7":"product_cat-cacao-mill","9":"first","10":"instock","11":"taxable","12":"shipping-taxable","13":"purchasable","14":"product-type-simple"},"_links":{"self":[{"href":"https:\/\/candeebaar.ee\/lv\/wp-json\/wp\/v2\/product\/7795","targetHints":{"allow":["GET"]}}],"collection":[{"href":"https:\/\/candeebaar.ee\/lv\/wp-json\/wp\/v2\/product"}],"about":[{"href":"https:\/\/candeebaar.ee\/lv\/wp-json\/wp\/v2\/types\/product"}],"version-history":[{"count":2,"href":"https:\/\/candeebaar.ee\/lv\/wp-json\/wp\/v2\/product\/7795\/revisions"}],"predecessor-version":[{"id":13595,"href":"https:\/\/candeebaar.ee\/lv\/wp-json\/wp\/v2\/product\/7795\/revisions\/13595"}],"wp:featuredmedia":[{"embeddable":true,"href":"https:\/\/candeebaar.ee\/lv\/wp-json\/wp\/v2\/media\/5397"}],"wp:attachment":[{"href":"https:\/\/candeebaar.ee\/lv\/wp-json\/wp\/v2\/media?parent=7795"}],"wp:term":[{"taxonomy":"product_brand","embeddable":true,"href":"https:\/\/candeebaar.ee\/lv\/wp-json\/wp\/v2\/product_brand?post=7795"},{"taxonomy":"product_cat","embeddable":true,"href":"https:\/\/candeebaar.ee\/lv\/wp-json\/wp\/v2\/product_cat?post=7795"},{"taxonomy":"product_tag","embeddable":true,"href":"https:\/\/candeebaar.ee\/lv\/wp-json\/wp\/v2\/product_tag?post=7795"}],"curies":[{"name":"wp","href":"https:\/\/api.w.org\/{rel}","templated":true}]}}