{"id":7803,"date":"2024-12-31T20:15:17","date_gmt":"2024-12-31T20:15:17","guid":{"rendered":"https:\/\/storetest.ivi.ee\/product\/cacao-mill-dark-chocolate-70-1000g\/"},"modified":"2025-08-16T18:46:00","modified_gmt":"2025-08-16T16:46:00","slug":"kakao-dzirnavinas-tumsa-sokolade-70-1000g","status":"publish","type":"product","link":"https:\/\/candeebaar.ee\/lv\/veikals\/kakao-dzirnavinas-tumsa-sokolade-70-1000g\/","title":{"rendered":"Cacao Mill tum\u0161\u0101 \u0161okol\u0101de (70%) 1000g"},"content":{"rendered":"<p>Tum\u0161a vid\u0113ji salda \u0161okol\u0101de.<br \/>\nPl\u016bstsp\u0113ja: 4\/5<br \/>\nMasa: 1000g<br \/>\nSast\u0101vs uz 100 g:<br \/>\nEner\u0123ija: 605,3kcal\/2509,8kJ<br \/>\nTauki: 46,9 g<br \/>\nOg\u013chidr\u0101ti: 34,2 g (cukurs 30,4)<br \/>\nOlbaltumvielas: 7,5g<br \/>\nKakao saturs: 70%<br \/>\nSast\u0101vs: kakao masa, kakao sviests, cukurs, vanil\u012bns.<\/p>\n<p>Ra\u017eot\u0101js: Natra Cacao, Sp\u0101nija<br \/>\nUzglab\u0101\u0161anas temperat\u016bra: <strong>18 <\/strong>\u00b0<strong>C<br \/>\n<\/strong>Var satur\u0113t p\u0113das <strong>piens, laktoze, soja un rieksti.<br \/>\n<\/strong><\/p>","protected":false},"excerpt":{"rendered":"<p>Tum\u0161a vid\u0113ji salda \u0161okol\u0101de. Pl\u016bstsp\u0113ja: 4\/5 Masa: 1000g Saturs uz 100g: Ener\u0123ija: 605,3kcal\/2509,8kJ Tauki: 46,9g Og\u013chidr\u0101ti: 34,2g (cukurs 30,4) Olbaltumvielas: 7,5g Kakao saturs: 701, koasviests, cukurs, koa sviests . Ra\u017eot\u0101js: Natra Cacao, Sp\u0101nija Uzglab\u0101\u0161anas temperat\u016bra: 18 \u00b0C Var satur\u0113t piena, laktozes, sojas un riekstu p\u0113das.<\/p>","protected":false},"featured_media":5406,"template":"","meta":{"_seopress_robots_primary_cat":"none","_seopress_titles_title":"","_seopress_titles_desc":"","_seopress_robots_index":""},"product_brand":[],"product_cat":[15,111],"product_tag":[],"class_list":{"0":"post-7803","1":"product","2":"type-product","3":"status-publish","4":"has-post-thumbnail","6":"product_cat-all-products","7":"product_cat-cacao-mill","9":"first","10":"outofstock","11":"taxable","12":"shipping-taxable","13":"purchasable","14":"product-type-simple"},"_links":{"self":[{"href":"https:\/\/candeebaar.ee\/lv\/wp-json\/wp\/v2\/product\/7803","targetHints":{"allow":["GET"]}}],"collection":[{"href":"https:\/\/candeebaar.ee\/lv\/wp-json\/wp\/v2\/product"}],"about":[{"href":"https:\/\/candeebaar.ee\/lv\/wp-json\/wp\/v2\/types\/product"}],"version-history":[{"count":2,"href":"https:\/\/candeebaar.ee\/lv\/wp-json\/wp\/v2\/product\/7803\/revisions"}],"predecessor-version":[{"id":12422,"href":"https:\/\/candeebaar.ee\/lv\/wp-json\/wp\/v2\/product\/7803\/revisions\/12422"}],"wp:featuredmedia":[{"embeddable":true,"href":"https:\/\/candeebaar.ee\/lv\/wp-json\/wp\/v2\/media\/5406"}],"wp:attachment":[{"href":"https:\/\/candeebaar.ee\/lv\/wp-json\/wp\/v2\/media?parent=7803"}],"wp:term":[{"taxonomy":"product_brand","embeddable":true,"href":"https:\/\/candeebaar.ee\/lv\/wp-json\/wp\/v2\/product_brand?post=7803"},{"taxonomy":"product_cat","embeddable":true,"href":"https:\/\/candeebaar.ee\/lv\/wp-json\/wp\/v2\/product_cat?post=7803"},{"taxonomy":"product_tag","embeddable":true,"href":"https:\/\/candeebaar.ee\/lv\/wp-json\/wp\/v2\/product_tag?post=7803"}],"curies":[{"name":"wp","href":"https:\/\/api.w.org\/{rel}","templated":true}]}}