{"id":7807,"date":"2024-12-31T20:15:17","date_gmt":"2024-12-31T20:15:17","guid":{"rendered":"https:\/\/storetest.ivi.ee\/product\/cacao-mill-white-chocolate-29-7-1000g\/"},"modified":"2026-04-06T18:29:03","modified_gmt":"2026-04-06T16:29:03","slug":"kakao-dzirnavinas-balta-sokolade-29-7-1000g","status":"publish","type":"product","link":"https:\/\/candeebaar.ee\/lv\/veikals\/kakao-dzirnavinas-balta-sokolade-29-7-1000g\/","title":{"rendered":"Cacao Mill White Chocolate (29.7%) 1000g"},"content":{"rendered":"<p>Balt\u0101 \u0161okol\u0101de ar maigu kr\u0113m\u012bgu gar\u0161u.<br \/>\n\u0160\u0137idrums: 3\/5<br \/>\nMasa: 1000g<br \/>\nSast\u0101vs uz 100 g:<br \/>\nEner\u0123ija: 569,4 kcal\/2375,2 kJ<br \/>\nTauki: 35,8 g<br \/>\nOg\u013chidr\u0101ti (cukurs): 55,2g<br \/>\nOlbaltumvielas: 6,6 g<br \/>\nKakao saturs: 29.7%<br \/>\nSast\u0101vs: kakao sviests, cukurs, sauss <strong>pienu<\/strong>, E322 (lecit\u012bns <strong>sojas<\/strong>), vanil\u012bns.<\/p>\n<p>Ra\u017eot\u0101js: Natra Cacao, Sp\u0101nija<br \/>\nUzglab\u0101\u0161anas temperat\u016bra: <strong>18 <\/strong>\u00b0<strong>C<br \/>\n<\/strong>Var satur\u0113t p\u0113das <strong>piens, laktoze, soja un rieksti.<br \/>\n<\/strong><\/p>","protected":false},"excerpt":{"rendered":"<p>Balt\u0101 \u0161okol\u0101de ar maigu kr\u0113m\u012bgu gar\u0161u. \u0160\u0137idrums: 3\/5 Masa: 1000g Saturs uz 100g: Ener\u0123ija: 569,4 kcal\/2375,2 kJ Tauki: 35,8 g Og\u013chidr\u0101ti (cukurs): 55,2 g Olbaltumvielas: 6,6 g Kakao saturs: 29,71 Sausais piens, E2, Sausais piens2 (lecit\u012bns sojas), vanil\u012bns. Ra\u017eot\u0101js: Natra Cacao, Sp\u0101nija Uzglab\u0101\u0161anas temperat\u016bra: 18 \u00b0C Var satur\u0113t piena, laktozes, sojas un riekstu p\u0113das.<\/p>","protected":false},"featured_media":5460,"template":"","meta":{"_seopress_robots_primary_cat":"none","_seopress_titles_title":"","_seopress_titles_desc":"","_seopress_robots_index":""},"product_brand":[],"product_cat":[15,111],"product_tag":[],"class_list":{"0":"post-7807","1":"product","2":"type-product","3":"status-publish","4":"has-post-thumbnail","6":"product_cat-all-products","7":"product_cat-cacao-mill","9":"first","10":"instock","11":"taxable","12":"shipping-taxable","13":"purchasable","14":"product-type-simple"},"_links":{"self":[{"href":"https:\/\/candeebaar.ee\/lv\/wp-json\/wp\/v2\/product\/7807","targetHints":{"allow":["GET"]}}],"collection":[{"href":"https:\/\/candeebaar.ee\/lv\/wp-json\/wp\/v2\/product"}],"about":[{"href":"https:\/\/candeebaar.ee\/lv\/wp-json\/wp\/v2\/types\/product"}],"version-history":[{"count":2,"href":"https:\/\/candeebaar.ee\/lv\/wp-json\/wp\/v2\/product\/7807\/revisions"}],"predecessor-version":[{"id":9727,"href":"https:\/\/candeebaar.ee\/lv\/wp-json\/wp\/v2\/product\/7807\/revisions\/9727"}],"wp:featuredmedia":[{"embeddable":true,"href":"https:\/\/candeebaar.ee\/lv\/wp-json\/wp\/v2\/media\/5460"}],"wp:attachment":[{"href":"https:\/\/candeebaar.ee\/lv\/wp-json\/wp\/v2\/media?parent=7807"}],"wp:term":[{"taxonomy":"product_brand","embeddable":true,"href":"https:\/\/candeebaar.ee\/lv\/wp-json\/wp\/v2\/product_brand?post=7807"},{"taxonomy":"product_cat","embeddable":true,"href":"https:\/\/candeebaar.ee\/lv\/wp-json\/wp\/v2\/product_cat?post=7807"},{"taxonomy":"product_tag","embeddable":true,"href":"https:\/\/candeebaar.ee\/lv\/wp-json\/wp\/v2\/product_tag?post=7807"}],"curies":[{"name":"wp","href":"https:\/\/api.w.org\/{rel}","templated":true}]}}