{"id":7813,"date":"2024-12-31T20:15:17","date_gmt":"2024-12-31T20:15:17","guid":{"rendered":"https:\/\/storetest.ivi.ee\/product\/milk-chocolate-38-cacao-mill-300g\/"},"modified":"2026-01-02T15:48:01","modified_gmt":"2026-01-02T13:48:01","slug":"piena-sokolade-38-kakao-dzirnavas-300g","status":"publish","type":"product","link":"https:\/\/candeebaar.ee\/lv\/veikals\/piena-sokolade-38-kakao-dzirnavas-300g\/","title":{"rendered":"Piena \u0161okol\u0101de 38% Cacao Mill 300g"},"content":{"rendered":"<p><strong>Piena \u0161okol\u0101de 38%<br \/>\nSast\u0101vs: <\/strong>cukurs, kakao sviests, kakao masa, v\u0101jpiena pulveris, s\u016bkalu pulveris, piena tauki, pilnpiena pulveris, sojas lecit\u012bns, emulgators, dab\u012bgs vani\u013cas aromatiz\u0113t\u0101js<\/p>\n<p>Masa: 100g<strong><br \/>\nUzturv\u0113rt\u012bba:<\/strong> 568 kcal<\/p>\n<p>Uzturv\u0113rt\u012bba (p\u0101rtikas) uz 100 g produkta:<\/p>\n<p>olbaltumvielas: 7,5 g<br \/>\ntauki: 37 g<br \/>\nog\u013chidr\u0101ti: 51 g<br \/>\nRa\u017eot\u0101js: Ibercacao, Sp\u0101nija<\/p>","protected":false},"excerpt":{"rendered":"<p>Piena \u0161okol\u0101de 38% Sast\u0101vs: cukurs, kakao sviests, kakao masa, v\u0101jpiena pulveris, s\u016bkalu pulveris, piena tauki, pilnpiena pulveris, sojas lecit\u012bns (emulgators), dab\u012bgs vani\u013cas aromatiz\u0113t\u0101js. Masa: 100 g. Uzturv\u0113rt\u012bba: 568 kcal. Uzturv\u0113rt\u012bba uz 100 g produkta: olbaltumvielas: 7,5 g, tauki: 37 g, og\u013chidr\u0101ti: 51 g. Ra\u017eot\u0101js: Ibercacao, Sp\u0101nija.<\/p>","protected":false},"featured_media":4866,"template":"","meta":{"_seopress_robots_primary_cat":"none","_seopress_titles_title":"","_seopress_titles_desc":"","_seopress_robots_index":""},"product_brand":[],"product_cat":[15,111],"product_tag":[],"class_list":{"0":"post-7813","1":"product","2":"type-product","3":"status-publish","4":"has-post-thumbnail","6":"product_cat-all-products","7":"product_cat-cacao-mill","9":"first","10":"outofstock","11":"taxable","12":"shipping-taxable","13":"purchasable","14":"product-type-simple"},"_links":{"self":[{"href":"https:\/\/candeebaar.ee\/lv\/wp-json\/wp\/v2\/product\/7813","targetHints":{"allow":["GET"]}}],"collection":[{"href":"https:\/\/candeebaar.ee\/lv\/wp-json\/wp\/v2\/product"}],"about":[{"href":"https:\/\/candeebaar.ee\/lv\/wp-json\/wp\/v2\/types\/product"}],"version-history":[{"count":2,"href":"https:\/\/candeebaar.ee\/lv\/wp-json\/wp\/v2\/product\/7813\/revisions"}],"predecessor-version":[{"id":12869,"href":"https:\/\/candeebaar.ee\/lv\/wp-json\/wp\/v2\/product\/7813\/revisions\/12869"}],"wp:featuredmedia":[{"embeddable":true,"href":"https:\/\/candeebaar.ee\/lv\/wp-json\/wp\/v2\/media\/4866"}],"wp:attachment":[{"href":"https:\/\/candeebaar.ee\/lv\/wp-json\/wp\/v2\/media?parent=7813"}],"wp:term":[{"taxonomy":"product_brand","embeddable":true,"href":"https:\/\/candeebaar.ee\/lv\/wp-json\/wp\/v2\/product_brand?post=7813"},{"taxonomy":"product_cat","embeddable":true,"href":"https:\/\/candeebaar.ee\/lv\/wp-json\/wp\/v2\/product_cat?post=7813"},{"taxonomy":"product_tag","embeddable":true,"href":"https:\/\/candeebaar.ee\/lv\/wp-json\/wp\/v2\/product_tag?post=7813"}],"curies":[{"name":"wp","href":"https:\/\/api.w.org\/{rel}","templated":true}]}}