{"id":7817,"date":"2024-12-31T20:15:17","date_gmt":"2024-12-31T20:15:17","guid":{"rendered":"https:\/\/storetest.ivi.ee\/product\/box-for-pretzel-30x30x10cm\/"},"modified":"2026-04-01T09:21:51","modified_gmt":"2026-04-01T07:21:51","slug":"kaste-klingerim-30x30x10cm","status":"publish","type":"product","link":"https:\/\/candeebaar.ee\/lv\/veikals\/kaste-klingerim-30x30x10cm\/","title":{"rendered":"Kast\u012bte kli\u0146\u0123erim 30x30x10cm"},"content":{"rendered":"<p>Kast\u012bte kli\u0146\u0123erim<br \/>\nMateri\u0101ls: mikroflautas kartons<br \/>\nKr\u0101sa: balta<br \/>\nIzm\u0113ri: 30x30x10cm<\/p>","protected":false},"excerpt":{"rendered":"<p>Kast\u012bte kli\u0146\u0123eram Materi\u0101ls: mikroflautas kartons Kr\u0101sa: balta Izm\u0113ri: 30x30x10cm<\/p>","protected":false},"featured_media":5123,"template":"","meta":{"_seopress_robots_primary_cat":"none","_seopress_titles_title":"","_seopress_titles_desc":"","_seopress_robots_index":""},"product_brand":[],"product_cat":[15,134],"product_tag":[],"class_list":{"0":"post-7817","1":"product","2":"type-product","3":"status-publish","4":"has-post-thumbnail","6":"product_cat-all-products","7":"product_cat-30cm-base","9":"first","10":"instock","11":"taxable","12":"shipping-taxable","13":"purchasable","14":"product-type-simple"},"_links":{"self":[{"href":"https:\/\/candeebaar.ee\/lv\/wp-json\/wp\/v2\/product\/7817","targetHints":{"allow":["GET"]}}],"collection":[{"href":"https:\/\/candeebaar.ee\/lv\/wp-json\/wp\/v2\/product"}],"about":[{"href":"https:\/\/candeebaar.ee\/lv\/wp-json\/wp\/v2\/types\/product"}],"version-history":[{"count":1,"href":"https:\/\/candeebaar.ee\/lv\/wp-json\/wp\/v2\/product\/7817\/revisions"}],"predecessor-version":[{"id":7818,"href":"https:\/\/candeebaar.ee\/lv\/wp-json\/wp\/v2\/product\/7817\/revisions\/7818"}],"wp:featuredmedia":[{"embeddable":true,"href":"https:\/\/candeebaar.ee\/lv\/wp-json\/wp\/v2\/media\/5123"}],"wp:attachment":[{"href":"https:\/\/candeebaar.ee\/lv\/wp-json\/wp\/v2\/media?parent=7817"}],"wp:term":[{"taxonomy":"product_brand","embeddable":true,"href":"https:\/\/candeebaar.ee\/lv\/wp-json\/wp\/v2\/product_brand?post=7817"},{"taxonomy":"product_cat","embeddable":true,"href":"https:\/\/candeebaar.ee\/lv\/wp-json\/wp\/v2\/product_cat?post=7817"},{"taxonomy":"product_tag","embeddable":true,"href":"https:\/\/candeebaar.ee\/lv\/wp-json\/wp\/v2\/product_tag?post=7817"}],"curies":[{"name":"wp","href":"https:\/\/api.w.org\/{rel}","templated":true}]}}