{"id":7819,"date":"2024-12-31T20:15:17","date_gmt":"2024-12-31T20:15:17","guid":{"rendered":"https:\/\/storetest.ivi.ee\/product\/box-for-cake-24x24x12cm\/"},"modified":"2026-04-01T14:34:02","modified_gmt":"2026-04-01T12:34:02","slug":"kaste-kukai-24x24x12cm","status":"publish","type":"product","link":"https:\/\/candeebaar.ee\/lv\/veikals\/kaste-kukai-24x24x12cm\/","title":{"rendered":"Kaste k\u016bkai 24x24x12cm"},"content":{"rendered":"<p>Kast\u012bte k\u016bkai<br \/>\nMateri\u0101ls: mikroflautas kartons<br \/>\nKr\u0101sa: balta<br \/>\nIzm\u0113ri: 24x24x12cm<\/p>","protected":false},"excerpt":{"rendered":"<p>Kast\u012bte k\u016bkai Materi\u0101ls: mikroflautas kartons Kr\u0101sa: balta Izm\u0113ri: 24x24x12cm<\/p>","protected":false},"featured_media":5123,"template":"","meta":{"_seopress_robots_primary_cat":"none","_seopress_titles_title":"","_seopress_titles_desc":"","_seopress_robots_index":""},"product_brand":[],"product_cat":[15,130],"product_tag":[],"class_list":{"0":"post-7819","1":"product","2":"type-product","3":"status-publish","4":"has-post-thumbnail","6":"product_cat-all-products","7":"product_cat-20-24cm-base","9":"first","10":"instock","11":"taxable","12":"shipping-taxable","13":"purchasable","14":"product-type-simple"},"_links":{"self":[{"href":"https:\/\/candeebaar.ee\/lv\/wp-json\/wp\/v2\/product\/7819","targetHints":{"allow":["GET"]}}],"collection":[{"href":"https:\/\/candeebaar.ee\/lv\/wp-json\/wp\/v2\/product"}],"about":[{"href":"https:\/\/candeebaar.ee\/lv\/wp-json\/wp\/v2\/types\/product"}],"version-history":[{"count":1,"href":"https:\/\/candeebaar.ee\/lv\/wp-json\/wp\/v2\/product\/7819\/revisions"}],"predecessor-version":[{"id":7820,"href":"https:\/\/candeebaar.ee\/lv\/wp-json\/wp\/v2\/product\/7819\/revisions\/7820"}],"wp:featuredmedia":[{"embeddable":true,"href":"https:\/\/candeebaar.ee\/lv\/wp-json\/wp\/v2\/media\/5123"}],"wp:attachment":[{"href":"https:\/\/candeebaar.ee\/lv\/wp-json\/wp\/v2\/media?parent=7819"}],"wp:term":[{"taxonomy":"product_brand","embeddable":true,"href":"https:\/\/candeebaar.ee\/lv\/wp-json\/wp\/v2\/product_brand?post=7819"},{"taxonomy":"product_cat","embeddable":true,"href":"https:\/\/candeebaar.ee\/lv\/wp-json\/wp\/v2\/product_cat?post=7819"},{"taxonomy":"product_tag","embeddable":true,"href":"https:\/\/candeebaar.ee\/lv\/wp-json\/wp\/v2\/product_tag?post=7819"}],"curies":[{"name":"wp","href":"https:\/\/api.w.org\/{rel}","templated":true}]}}