{"id":7828,"date":"2024-12-31T20:15:21","date_gmt":"2024-12-31T20:15:21","guid":{"rendered":"https:\/\/storetest.ivi.ee\/product\/cake-base-18cm1mm-white\/"},"modified":"2026-04-14T19:30:39","modified_gmt":"2026-04-14T17:30:39","slug":"kukas-pamatne-18cm1mm-balta","status":"publish","type":"product","link":"https:\/\/candeebaar.ee\/lv\/veikals\/kukas-pamatne-18cm1mm-balta\/","title":{"rendered":"K\u016bku d\u0113lis 18cm*1mm balts"},"content":{"rendered":"<p>Apa\u013ca pamatne bento k\u016bk\u0101m un maziem desertiem.<br \/>\nIzm\u0113rs: 18cm*1mm<br \/>\nKr\u0101sa: balta<br \/>\nMateri\u0101ls: lamin\u0113ts kartons<\/p>","protected":false},"excerpt":{"rendered":"<p>Apa\u013ca pamatne bento k\u016bk\u0101m un maziem desertiem. Izm\u0113rs: 18cm*1mm Kr\u0101sa: balta Materi\u0101ls: lamin\u0113ts kartons<\/p>","protected":false},"featured_media":7823,"template":"","meta":{"_seopress_robots_primary_cat":"none","_seopress_titles_title":"","_seopress_titles_desc":"","_seopress_robots_index":""},"product_brand":[],"product_cat":[15,140],"product_tag":[],"class_list":{"0":"post-7828","1":"product","2":"type-product","3":"status-publish","4":"has-post-thumbnail","6":"product_cat-all-products","7":"product_cat-18cm","9":"first","10":"instock","11":"taxable","12":"shipping-taxable","13":"purchasable","14":"product-type-simple"},"_links":{"self":[{"href":"https:\/\/candeebaar.ee\/lv\/wp-json\/wp\/v2\/product\/7828","targetHints":{"allow":["GET"]}}],"collection":[{"href":"https:\/\/candeebaar.ee\/lv\/wp-json\/wp\/v2\/product"}],"about":[{"href":"https:\/\/candeebaar.ee\/lv\/wp-json\/wp\/v2\/types\/product"}],"version-history":[{"count":2,"href":"https:\/\/candeebaar.ee\/lv\/wp-json\/wp\/v2\/product\/7828\/revisions"}],"predecessor-version":[{"id":9104,"href":"https:\/\/candeebaar.ee\/lv\/wp-json\/wp\/v2\/product\/7828\/revisions\/9104"}],"wp:featuredmedia":[{"embeddable":true,"href":"https:\/\/candeebaar.ee\/lv\/wp-json\/wp\/v2\/media\/7823"}],"wp:attachment":[{"href":"https:\/\/candeebaar.ee\/lv\/wp-json\/wp\/v2\/media?parent=7828"}],"wp:term":[{"taxonomy":"product_brand","embeddable":true,"href":"https:\/\/candeebaar.ee\/lv\/wp-json\/wp\/v2\/product_brand?post=7828"},{"taxonomy":"product_cat","embeddable":true,"href":"https:\/\/candeebaar.ee\/lv\/wp-json\/wp\/v2\/product_cat?post=7828"},{"taxonomy":"product_tag","embeddable":true,"href":"https:\/\/candeebaar.ee\/lv\/wp-json\/wp\/v2\/product_tag?post=7828"}],"curies":[{"name":"wp","href":"https:\/\/api.w.org\/{rel}","templated":true}]}}