{"id":7830,"date":"2024-12-31T20:15:21","date_gmt":"2024-12-31T20:15:21","guid":{"rendered":"https:\/\/storetest.ivi.ee\/product\/cacao-mill-milk-chocolate-36-1000g\/"},"modified":"2026-04-15T12:07:22","modified_gmt":"2026-04-15T10:07:22","slug":"kakao-dzirnavinas-piena-sokolade-36-1000g","status":"publish","type":"product","link":"https:\/\/candeebaar.ee\/lv\/veikals\/kakao-dzirnavinas-piena-sokolade-36-1000g\/","title":{"rendered":"Kakao dzirnavu piena \u0161okol\u0101de (36%) 1000g"},"content":{"rendered":"<p>Piena \u0161okol\u0101de ar karameles not\u012bm.<br \/>\nPl\u016bstsp\u0113ja: 3\/5<br \/>\nMasa: 1000g<br \/>\nSast\u0101vs uz 100 g:<br \/>\nEner\u0123ija: 560,6 kcal\/2338 kJ<br \/>\nTauki: 35 g<br \/>\nOg\u013chidr\u0101ti: 54,3g<br \/>\nOlbaltumvielas: 6,3g<br \/>\nKakao saturs: 36%<br \/>\nSast\u0101vs: kakao masa, kakao sviests, cukurs, sauss <strong>pienu<\/strong>, E322 (lecit\u012bns <strong>sojas<\/strong>), demineraliz\u0113tas s\u016bkalas, vanil\u012bns.<\/p>\n<p>Ra\u017eot\u0101js: Natra Cacao, Sp\u0101nija<br \/>\nUzglab\u0101\u0161anas temperat\u016bra: <strong>18 <\/strong>\u00b0<strong>C<br \/>\n<\/strong>Var satur\u0113t p\u0113das <strong>piens, laktoze, soja un rieksti.<br \/>\n<\/strong><\/p>","protected":false},"excerpt":{"rendered":"<p>Piena \u0161okol\u0101de ar karameles nokr\u0101s\u0101m. Pl\u016bstsp\u0113ja: 3\/5 Masa: 1000g Saturs uz 100g: Ener\u0123ija: 560.6 kcal\/2338 kJ Tauki: 35g Og\u013chidr\u0101ti: 54.3g Olbaltumvielas: 6.3g Kakao saturs: 36% Sast\u0101vs: kakao masa, kakao sviests2 (cukurs2, sausais piens, E3 soja), demineraliz\u0113ts s\u016bkalas, vanil\u012bns. Ra\u017eot\u0101js: Natra Cacao, Sp\u0101nija Uzglab\u0101\u0161anas temperat\u016bra: 18 \u00b0C Var satur\u0113t nelielas piena, laktozes, sojas, [\u2026]<\/p>","protected":false},"featured_media":5400,"template":"","meta":{"_seopress_robots_primary_cat":"none","_seopress_titles_title":"","_seopress_titles_desc":"High quality milk chocolate in callets, rich flavour with hints of caramel. Cocoa mass 36%. Main ingredient for Dubai chocolate!","_seopress_robots_index":""},"product_brand":[],"product_cat":[15,111],"product_tag":[],"class_list":{"0":"post-7830","1":"product","2":"type-product","3":"status-publish","4":"has-post-thumbnail","6":"product_cat-all-products","7":"product_cat-cacao-mill","9":"first","10":"instock","11":"taxable","12":"shipping-taxable","13":"purchasable","14":"product-type-simple"},"_links":{"self":[{"href":"https:\/\/candeebaar.ee\/lv\/wp-json\/wp\/v2\/product\/7830","targetHints":{"allow":["GET"]}}],"collection":[{"href":"https:\/\/candeebaar.ee\/lv\/wp-json\/wp\/v2\/product"}],"about":[{"href":"https:\/\/candeebaar.ee\/lv\/wp-json\/wp\/v2\/types\/product"}],"version-history":[{"count":2,"href":"https:\/\/candeebaar.ee\/lv\/wp-json\/wp\/v2\/product\/7830\/revisions"}],"predecessor-version":[{"id":12135,"href":"https:\/\/candeebaar.ee\/lv\/wp-json\/wp\/v2\/product\/7830\/revisions\/12135"}],"wp:featuredmedia":[{"embeddable":true,"href":"https:\/\/candeebaar.ee\/lv\/wp-json\/wp\/v2\/media\/5400"}],"wp:attachment":[{"href":"https:\/\/candeebaar.ee\/lv\/wp-json\/wp\/v2\/media?parent=7830"}],"wp:term":[{"taxonomy":"product_brand","embeddable":true,"href":"https:\/\/candeebaar.ee\/lv\/wp-json\/wp\/v2\/product_brand?post=7830"},{"taxonomy":"product_cat","embeddable":true,"href":"https:\/\/candeebaar.ee\/lv\/wp-json\/wp\/v2\/product_cat?post=7830"},{"taxonomy":"product_tag","embeddable":true,"href":"https:\/\/candeebaar.ee\/lv\/wp-json\/wp\/v2\/product_tag?post=7830"}],"curies":[{"name":"wp","href":"https:\/\/api.w.org\/{rel}","templated":true}]}}