{"id":7832,"date":"2024-12-31T20:15:21","date_gmt":"2024-12-31T20:15:21","guid":{"rendered":"https:\/\/storetest.ivi.ee\/product\/cacao-mill-milk-chocolate-36-300g\/"},"modified":"2026-04-05T19:31:30","modified_gmt":"2026-04-05T17:31:30","slug":"kakao-dzirnavinas-piena-sokolade-36-300g","status":"publish","type":"product","link":"https:\/\/candeebaar.ee\/lv\/veikals\/kakao-dzirnavinas-piena-sokolade-36-300g\/","title":{"rendered":"Kakao dzirnavu piena \u0161okol\u0101de (36%) 300g"},"content":{"rendered":"<p>Piena \u0161okol\u0101de ar karameles not\u012bm.<br \/>\nPl\u016bstsp\u0113ja: 3\/5<br \/>\nMasa: 300g<br \/>\nSast\u0101vs uz 100 g:<br \/>\nEner\u0123ija: 560,6 kcal\/2338 kJ<br \/>\nTauki: 35 g<br \/>\nOg\u013chidr\u0101ti: 54,3g<br \/>\nOlbaltumvielas: 6,3g<br \/>\nKakao saturs: 36%<br \/>\nSast\u0101vs: kakao masa, kakao sviests, cukurs, sauss <strong>pienu<\/strong>, E322 (lecit\u012bns <strong>sojas<\/strong>), demineraliz\u0113tas s\u016bkalas, vanil\u012bns.<\/p>\n<p>Ra\u017eot\u0101js: Natra Cacao, Sp\u0101nija<br \/>\nUzglab\u0101\u0161anas temperat\u016bra: <strong>18 <\/strong>\u00b0<strong>C<br \/>\n<\/strong>Var satur\u0113t p\u0113das <strong>piens, laktoze, soja un rieksti.<br \/>\n<\/strong><\/p>","protected":false},"excerpt":{"rendered":"<p>Piena \u0161okol\u0101de ar karameles not\u012bm. Pl\u016bstsp\u0113ja: 3\/5 Masa: 300g Saturs uz 100g: Ener\u0123ija: 560.6 kcal\/2338 kJ Tauki: 35g Og\u013chidr\u0101ti: 54.3g Olbaltumvielas: 6.3g Kakao saturs: 36% Sast\u0101vs: kakao masa, kakao sviests, E32, cukurs soja), demineraliz\u0113ts s\u016bkalas, vanil\u012bns. Ra\u017eot\u0101js: Natra Cacao, Sp\u0101nija Uzglab\u0101\u0161anas temperat\u016bra: 18 \u00b0C Var satur\u0113t nelielas piena, laktozes, sojas, [\u2026]<\/p>","protected":false},"featured_media":5400,"template":"","meta":{"_seopress_robots_primary_cat":"none","_seopress_titles_title":"","_seopress_titles_desc":"","_seopress_robots_index":""},"product_brand":[],"product_cat":[15,111],"product_tag":[],"class_list":{"0":"post-7832","1":"product","2":"type-product","3":"status-publish","4":"has-post-thumbnail","6":"product_cat-all-products","7":"product_cat-cacao-mill","9":"first","10":"instock","11":"taxable","12":"shipping-taxable","13":"purchasable","14":"product-type-simple"},"_links":{"self":[{"href":"https:\/\/candeebaar.ee\/lv\/wp-json\/wp\/v2\/product\/7832","targetHints":{"allow":["GET"]}}],"collection":[{"href":"https:\/\/candeebaar.ee\/lv\/wp-json\/wp\/v2\/product"}],"about":[{"href":"https:\/\/candeebaar.ee\/lv\/wp-json\/wp\/v2\/types\/product"}],"version-history":[{"count":2,"href":"https:\/\/candeebaar.ee\/lv\/wp-json\/wp\/v2\/product\/7832\/revisions"}],"predecessor-version":[{"id":10506,"href":"https:\/\/candeebaar.ee\/lv\/wp-json\/wp\/v2\/product\/7832\/revisions\/10506"}],"wp:featuredmedia":[{"embeddable":true,"href":"https:\/\/candeebaar.ee\/lv\/wp-json\/wp\/v2\/media\/5400"}],"wp:attachment":[{"href":"https:\/\/candeebaar.ee\/lv\/wp-json\/wp\/v2\/media?parent=7832"}],"wp:term":[{"taxonomy":"product_brand","embeddable":true,"href":"https:\/\/candeebaar.ee\/lv\/wp-json\/wp\/v2\/product_brand?post=7832"},{"taxonomy":"product_cat","embeddable":true,"href":"https:\/\/candeebaar.ee\/lv\/wp-json\/wp\/v2\/product_cat?post=7832"},{"taxonomy":"product_tag","embeddable":true,"href":"https:\/\/candeebaar.ee\/lv\/wp-json\/wp\/v2\/product_tag?post=7832"}],"curies":[{"name":"wp","href":"https:\/\/api.w.org\/{rel}","templated":true}]}}