{"id":7834,"date":"2024-12-31T20:15:21","date_gmt":"2024-12-31T20:15:21","guid":{"rendered":"https:\/\/storetest.ivi.ee\/product\/pistachio-paste-170g\/"},"modified":"2026-04-08T06:49:55","modified_gmt":"2026-04-08T04:49:55","slug":"pistaciju-pastas-170g","status":"publish","type":"product","link":"https:\/\/candeebaar.ee\/lv\/veikals\/pistaciju-pastas-170g\/","title":{"rendered":"Pist\u0101ciju pasta 170g"},"content":{"rendered":"<p>Dabisk\u0101 pist\u0101ciju pasta.<br \/>\nPist\u0101ciju saturs: 100% (bez piedev\u0101m)<br \/>\nNeto svars: 170g<br \/>\nUzturv\u0113rt\u012bba (uz 100 g produkta):<br \/>\n2576kJ\/621kcal<br \/>\nTauki (pies\u0101tin\u0101tie): 48,5\u00a0g (6\u00a0g)<br \/>\nOg\u013chidr\u0101ti (cukuri): 18,9 g (16,4 g)<br \/>\n\u0160\u0137iedra (6,1\u00a0g)<br \/>\nOlbaltumvielas: 24,2g<br \/>\nS\u0101ls (dabiskais saturs, var nedaudz at\u0161\u0137irties): 0,02g<br \/>\nDer\u012bguma termi\u0146\u0161: 04.09.2025<br \/>\nUzglab\u0101t istabas temperat\u016br\u0101, p\u0113c atv\u0113r\u0161anas izlietot 3 m\u0113ne\u0161u laik\u0101.<br \/>\nRa\u017eot\u0101js: Polija<br \/>\nIzcelsmes valsts: ASV<\/p>","protected":false},"excerpt":{"rendered":"<p>Dabisk\u0101 pist\u0101ciju pasta. Pist\u0101ciju saturs: 100% (bez piedev\u0101m) Neto svars: 170g Uzturv\u0113rt\u012bba (uz 100g produkta): 2576kJ\/621kcal Tauki (pies\u0101tin\u0101tie): 48.5g (6g) Og\u013chidr\u0101ti (cukuri): 18.9g (16.4g) \u0160\u0137iedra (16.4.g) Olbaltumvielas: 24,2g S\u0101ls (dabiskais saturs, var nedaudz at\u0161\u0137irties): 0,02g Uzglab\u0101\u0161anas laiks: 04.09.2025 Uzglab\u0101t istabas temperat\u016br\u0101, p\u0113c atv\u0113r\u0161anas izlietot 3 m\u0113ne\u0161u laik\u0101. Ra\u017eot\u0101js: Polija Izcelsmes valsts: [\u2026]<\/p>","protected":false},"featured_media":7836,"template":"","meta":{"_seopress_robots_primary_cat":"none","_seopress_titles_title":"","_seopress_titles_desc":"100% pistachio paste. Top ingredient for Dubai chocolate! Quality product for pastry and confectionary. Fast dispatch!","_seopress_robots_index":""},"product_brand":[],"product_cat":[178,15,101],"product_tag":[],"class_list":{"0":"post-7834","1":"product","2":"type-product","3":"status-publish","4":"has-post-thumbnail","6":"product_cat-easter-products","7":"product_cat-all-products","8":"product_cat-nut-products","10":"first","11":"instock","12":"taxable","13":"shipping-taxable","14":"purchasable","15":"product-type-simple"},"_links":{"self":[{"href":"https:\/\/candeebaar.ee\/lv\/wp-json\/wp\/v2\/product\/7834","targetHints":{"allow":["GET"]}}],"collection":[{"href":"https:\/\/candeebaar.ee\/lv\/wp-json\/wp\/v2\/product"}],"about":[{"href":"https:\/\/candeebaar.ee\/lv\/wp-json\/wp\/v2\/types\/product"}],"version-history":[{"count":1,"href":"https:\/\/candeebaar.ee\/lv\/wp-json\/wp\/v2\/product\/7834\/revisions"}],"predecessor-version":[{"id":7835,"href":"https:\/\/candeebaar.ee\/lv\/wp-json\/wp\/v2\/product\/7834\/revisions\/7835"}],"wp:featuredmedia":[{"embeddable":true,"href":"https:\/\/candeebaar.ee\/lv\/wp-json\/wp\/v2\/media\/7836"}],"wp:attachment":[{"href":"https:\/\/candeebaar.ee\/lv\/wp-json\/wp\/v2\/media?parent=7834"}],"wp:term":[{"taxonomy":"product_brand","embeddable":true,"href":"https:\/\/candeebaar.ee\/lv\/wp-json\/wp\/v2\/product_brand?post=7834"},{"taxonomy":"product_cat","embeddable":true,"href":"https:\/\/candeebaar.ee\/lv\/wp-json\/wp\/v2\/product_cat?post=7834"},{"taxonomy":"product_tag","embeddable":true,"href":"https:\/\/candeebaar.ee\/lv\/wp-json\/wp\/v2\/product_tag?post=7834"}],"curies":[{"name":"wp","href":"https:\/\/api.w.org\/{rel}","templated":true}]}}