{"id":7837,"date":"2024-12-31T20:15:21","date_gmt":"2024-12-31T20:15:21","guid":{"rendered":"https:\/\/storetest.ivi.ee\/product\/tahini-paste-sesame-125g\/"},"modified":"2026-03-20T15:58:34","modified_gmt":"2026-03-20T13:58:34","slug":"tahini-pastas-sezama-125g","status":"publish","type":"product","link":"https:\/\/candeebaar.ee\/lv\/veikals\/tahini-pastas-sezama-125g\/","title":{"rendered":"Tahini pasta (sezama) 125g"},"content":{"rendered":"<p>Dabisk\u0101 sezama pasta.<br \/>\nSezama saturs: 100% (bez piedev\u0101m)<br \/>\nNeto svars: 125g<br \/>\nUzturv\u0113rt\u012bba (uz 100 g produkta):<br \/>\n2783kJ\/673kcal<br \/>\nTauki (pies\u0101tin\u0101tie): 60 g (9,5 g)<br \/>\nOg\u013chidr\u0101ti (cukuri): 3,6 g (1,4 g)<br \/>\n\u0160\u0137iedra: 7,8g<br \/>\nOlbaltumvielas: 25 g<br \/>\nS\u0101ls (dabiskais saturs, var nedaudz at\u0161\u0137irties): 0,04g<br \/>\nDer\u012bguma termi\u0146\u0161: 04.09.2025<br \/>\nUzglab\u0101t istabas temperat\u016br\u0101, p\u0113c atv\u0113r\u0161anas izlietot 3 m\u0113ne\u0161u laik\u0101.<br \/>\nRa\u017eot\u0101js: Al Amier, Grie\u0137ija<\/p>","protected":false},"excerpt":{"rendered":"<p>Dabisk\u0101 sezama pasta. Sezama saturs: 100% (bez piedev\u0101m) Neto svars: 125g Uzturv\u0113rt\u012bba (uz 100g produkta): 2783kJ\/673kcal Tauki (pies\u0101tin\u0101ti): 60g (9,5g) Og\u013chidr\u0101ti (cukuri): 3,6g (1,4g) \u0160\u0137iedrvielas: prote\u012bns 7 : 25 g s\u0101ls (dabisks saturs, var nedaudz at\u0161\u0137irties): 0,04g Der\u012bguma termi\u0146\u0161: 04.09.2025 Uzglab\u0101t istabas temperat\u016br\u0101, p\u0113c atv\u0113r\u0161anas izlietot 3 m\u0113ne\u0161u laik\u0101. Ra\u017eot\u0101js: Al Amier, Grie\u0137ija<\/p>","protected":false},"featured_media":7839,"template":"","meta":{"_seopress_robots_primary_cat":"","_seopress_titles_title":"","_seopress_titles_desc":"100% tahini paste is full of taste and is perfect ingredient for Dubai chocolate and other sweets.","_seopress_robots_index":""},"product_brand":[],"product_cat":[15,101],"product_tag":[],"class_list":{"0":"post-7837","1":"product","2":"type-product","3":"status-publish","4":"has-post-thumbnail","6":"product_cat-all-products","7":"product_cat-nut-products","9":"first","10":"outofstock","11":"taxable","12":"shipping-taxable","13":"purchasable","14":"product-type-simple"},"_links":{"self":[{"href":"https:\/\/candeebaar.ee\/lv\/wp-json\/wp\/v2\/product\/7837","targetHints":{"allow":["GET"]}}],"collection":[{"href":"https:\/\/candeebaar.ee\/lv\/wp-json\/wp\/v2\/product"}],"about":[{"href":"https:\/\/candeebaar.ee\/lv\/wp-json\/wp\/v2\/types\/product"}],"version-history":[{"count":1,"href":"https:\/\/candeebaar.ee\/lv\/wp-json\/wp\/v2\/product\/7837\/revisions"}],"predecessor-version":[{"id":7838,"href":"https:\/\/candeebaar.ee\/lv\/wp-json\/wp\/v2\/product\/7837\/revisions\/7838"}],"wp:featuredmedia":[{"embeddable":true,"href":"https:\/\/candeebaar.ee\/lv\/wp-json\/wp\/v2\/media\/7839"}],"wp:attachment":[{"href":"https:\/\/candeebaar.ee\/lv\/wp-json\/wp\/v2\/media?parent=7837"}],"wp:term":[{"taxonomy":"product_brand","embeddable":true,"href":"https:\/\/candeebaar.ee\/lv\/wp-json\/wp\/v2\/product_brand?post=7837"},{"taxonomy":"product_cat","embeddable":true,"href":"https:\/\/candeebaar.ee\/lv\/wp-json\/wp\/v2\/product_cat?post=7837"},{"taxonomy":"product_tag","embeddable":true,"href":"https:\/\/candeebaar.ee\/lv\/wp-json\/wp\/v2\/product_tag?post=7837"}],"curies":[{"name":"wp","href":"https:\/\/api.w.org\/{rel}","templated":true}]}}