{"id":7840,"date":"2024-12-31T20:15:21","date_gmt":"2024-12-31T20:15:21","guid":{"rendered":"https:\/\/storetest.ivi.ee\/product\/tahini-paste-sesame-300g\/"},"modified":"2026-02-09T10:54:54","modified_gmt":"2026-02-09T08:54:54","slug":"tahini-pastas-sezama-300g","status":"publish","type":"product","link":"https:\/\/candeebaar.ee\/lv\/veikals\/tahini-pastas-sezama-300g\/","title":{"rendered":"Tahini pasta (sezama) 300g"},"content":{"rendered":"<p>Dabisk\u0101 sezama pasta.<br \/>\nSezama saturs: 100% (bez piedev\u0101m)<br \/>\nNeto svars: 300g<br \/>\nUzturv\u0113rt\u012bba (uz 100 g produkta):<br \/>\n2783kJ\/673kcal<br \/>\nTauki (pies\u0101tin\u0101tie): 60,3\u00a0g (9,5\u00a0g)<br \/>\nOg\u013chidr\u0101ti (cukuri): 3,6 g (1,4 g)<br \/>\n\u0160\u0137iedra: 7,8g<br \/>\nOlbaltumvielas: 25,3g<br \/>\nS\u0101ls (dabiskais saturs, var nedaudz at\u0161\u0137irties): 0g<br \/>\nDer\u012bguma termi\u0146\u0161: 02.01.2027<br \/>\nUzglab\u0101t istabas temperat\u016br\u0101, p\u0113c atv\u0113r\u0161anas izlietot 3 m\u0113ne\u0161u laik\u0101.<br \/>\nRa\u017eot\u0101js: Filos, Grie\u0137ija<\/p>","protected":false},"excerpt":{"rendered":"<p>Dabisk\u0101 sezama pasta. Sezama saturs: 100% (bez piedev\u0101m) Neto svars: 300g Uzturv\u0113rt\u012bba (uz 100g produkta): 2783kJ\/673kcal Tauki (pies\u0101tin\u0101tie): 60.3g (9.5g) Og\u013chidr\u0101ti (cukuri): 3.6g (1:4g) Figber8. Olbaltumvielas: 25,3 g s\u0101ls (dabiskais saturs, var nedaudz at\u0161\u0137irties): 0g Der\u012bguma termi\u0146\u0161: 02.01.2027 Uzglab\u0101t istabas temperat\u016br\u0101, p\u0113c atv\u0113r\u0161anas izlietot 3 m\u0113ne\u0161u laik\u0101. Ra\u017eot\u0101js: Filos, Grie\u0137ija<\/p>","protected":false},"featured_media":7842,"template":"","meta":{"_seopress_robots_primary_cat":"none","_seopress_titles_title":"","_seopress_titles_desc":"100% natural tahini paste, perfect for Dubai chocolate and other sweets, fast dispatch in Baltics and Finland!","_seopress_robots_index":""},"product_brand":[],"product_cat":[15,101,109],"product_tag":[],"class_list":{"0":"post-7840","1":"product","2":"type-product","3":"status-publish","4":"has-post-thumbnail","6":"product_cat-all-products","7":"product_cat-nut-products","8":"product_cat-sale","10":"first","11":"outofstock","12":"sale","13":"taxable","14":"shipping-taxable","15":"purchasable","16":"product-type-simple"},"_links":{"self":[{"href":"https:\/\/candeebaar.ee\/lv\/wp-json\/wp\/v2\/product\/7840","targetHints":{"allow":["GET"]}}],"collection":[{"href":"https:\/\/candeebaar.ee\/lv\/wp-json\/wp\/v2\/product"}],"about":[{"href":"https:\/\/candeebaar.ee\/lv\/wp-json\/wp\/v2\/types\/product"}],"version-history":[{"count":1,"href":"https:\/\/candeebaar.ee\/lv\/wp-json\/wp\/v2\/product\/7840\/revisions"}],"predecessor-version":[{"id":7841,"href":"https:\/\/candeebaar.ee\/lv\/wp-json\/wp\/v2\/product\/7840\/revisions\/7841"}],"wp:featuredmedia":[{"embeddable":true,"href":"https:\/\/candeebaar.ee\/lv\/wp-json\/wp\/v2\/media\/7842"}],"wp:attachment":[{"href":"https:\/\/candeebaar.ee\/lv\/wp-json\/wp\/v2\/media?parent=7840"}],"wp:term":[{"taxonomy":"product_brand","embeddable":true,"href":"https:\/\/candeebaar.ee\/lv\/wp-json\/wp\/v2\/product_brand?post=7840"},{"taxonomy":"product_cat","embeddable":true,"href":"https:\/\/candeebaar.ee\/lv\/wp-json\/wp\/v2\/product_cat?post=7840"},{"taxonomy":"product_tag","embeddable":true,"href":"https:\/\/candeebaar.ee\/lv\/wp-json\/wp\/v2\/product_tag?post=7840"}],"curies":[{"name":"wp","href":"https:\/\/api.w.org\/{rel}","templated":true}]}}