{"id":7843,"date":"2024-12-31T20:15:21","date_gmt":"2024-12-31T20:15:21","guid":{"rendered":"https:\/\/storetest.ivi.ee\/product\/vanilla-paste-ruf-75g\/"},"modified":"2026-04-15T12:04:11","modified_gmt":"2026-04-15T10:04:11","slug":"vanilas-pasta-ruf-75g","status":"publish","type":"product","link":"https:\/\/candeebaar.ee\/lv\/veikals\/vanilas-pasta-ruf-75g\/","title":{"rendered":"Vani\u013cas pasta RUF 75g"},"content":{"rendered":"<p>Pasta ar dab\u012bgo vani\u013cu, lai pievienotu m\u012bklai, kr\u0113jumam un cit\u0101m pamatn\u0113m.<br \/>\nNeto svars: 75g<br \/>\nSast\u0101vs: r\u012bsu s\u012brups, dab\u012bgais vani\u013cas ekstrakts (20%), vani\u013cas s\u0113klas (1%), biezin\u0101t\u0101ji (gu\u0101ra sve\u0137i un ksant\u0101na sve\u0137i).<br \/>\nUzturv\u0113rt\u012bba (uz 100 g produkta):<br \/>\n1212kJ\/286kcal<br \/>\nTauki (pies\u0101tin\u0101tie): 0,5 g (0,1 g)<br \/>\nOg\u013chidr\u0101ti (cukuri): 75g (44g)<br \/>\nOlbaltumvielas: 0,5 g<br \/>\nS\u0101ls: 0,04 g<br \/>\nDevas: 1 t\u0113jkarote uz 250g produkta, var main\u012bt, lai uzlabotu gar\u0161u. Pirms lieto\u0161anas m\u012bciet cauruli.<br \/>\nRa\u017eot\u0101js: RUF V\u0101cija<\/p>","protected":false},"excerpt":{"rendered":"<p>Pasta ar dab\u012bgo vani\u013cu, lai pievienotu m\u012bklai, kr\u0113jumam un cit\u0101m pamatn\u0113m. Neto svars: 75g Sast\u0101vs: r\u012bsu s\u012brups, dab\u012bgais vani\u013cas ekstrakts (20%), vani\u013cas s\u0113klas (1%), biezin\u0101t\u0101ji (gu\u0101ra sve\u0137i un ksant\u0101na sve\u0137i). Uzturv\u0113rt\u012bba (uz 100 g produkta): 1212 kJ\/286 kcal Tauki (pies\u0101tin\u0101tie): 0,5 g (0,1 g) Og\u013chidr\u0101ti (cukuri): 75 g (44 g) Olbaltumvielas: 0,5 g S\u0101ls: 0,04 g Devas: 1 t\u0113jkarote uz 250 g.<\/p>","protected":false},"featured_media":7845,"template":"","meta":{"_seopress_robots_primary_cat":"none","_seopress_titles_title":"","_seopress_titles_desc":"","_seopress_robots_index":""},"product_brand":[],"product_cat":[15,102],"product_tag":[],"class_list":{"0":"post-7843","1":"product","2":"type-product","3":"status-publish","4":"has-post-thumbnail","6":"product_cat-all-products","7":"product_cat-sugars","9":"first","10":"instock","11":"taxable","12":"shipping-taxable","13":"purchasable","14":"product-type-simple"},"_links":{"self":[{"href":"https:\/\/candeebaar.ee\/lv\/wp-json\/wp\/v2\/product\/7843","targetHints":{"allow":["GET"]}}],"collection":[{"href":"https:\/\/candeebaar.ee\/lv\/wp-json\/wp\/v2\/product"}],"about":[{"href":"https:\/\/candeebaar.ee\/lv\/wp-json\/wp\/v2\/types\/product"}],"version-history":[{"count":3,"href":"https:\/\/candeebaar.ee\/lv\/wp-json\/wp\/v2\/product\/7843\/revisions"}],"predecessor-version":[{"id":16385,"href":"https:\/\/candeebaar.ee\/lv\/wp-json\/wp\/v2\/product\/7843\/revisions\/16385"}],"wp:featuredmedia":[{"embeddable":true,"href":"https:\/\/candeebaar.ee\/lv\/wp-json\/wp\/v2\/media\/7845"}],"wp:attachment":[{"href":"https:\/\/candeebaar.ee\/lv\/wp-json\/wp\/v2\/media?parent=7843"}],"wp:term":[{"taxonomy":"product_brand","embeddable":true,"href":"https:\/\/candeebaar.ee\/lv\/wp-json\/wp\/v2\/product_brand?post=7843"},{"taxonomy":"product_cat","embeddable":true,"href":"https:\/\/candeebaar.ee\/lv\/wp-json\/wp\/v2\/product_cat?post=7843"},{"taxonomy":"product_tag","embeddable":true,"href":"https:\/\/candeebaar.ee\/lv\/wp-json\/wp\/v2\/product_tag?post=7843"}],"curies":[{"name":"wp","href":"https:\/\/api.w.org\/{rel}","templated":true}]}}