{"id":7852,"date":"2024-12-31T20:15:21","date_gmt":"2024-12-31T20:15:21","guid":{"rendered":"https:\/\/storetest.ivi.ee\/product\/cake-base-3mm-mdf-white-30cm\/"},"modified":"2026-04-03T19:12:36","modified_gmt":"2026-04-03T17:12:36","slug":"kukas-pamatne-3mm-mdf-balta-30cm","status":"publish","type":"product","link":"https:\/\/candeebaar.ee\/lv\/veikals\/kukas-pamatne-3mm-mdf-balta-30cm\/","title":{"rendered":"K\u016bku d\u0113lis 3mm (MDF) balts 30cm"},"content":{"rendered":"<p>Bl\u012bvs k\u016bkas pamats no MDF pl\u0101tnes.<br \/>\nLamin\u0113ts ar mitrumiztur\u012bgu baltu p\u0101rkl\u0101jumu (nav sertific\u0113ts tie\u0161ai saskarei ar p\u0101rtikas produktiem; pamatnei iesak\u0101m izmantot, piem\u0113ram, p\u0101rtikas pergamentu).<br \/>\nAtk\u0101rtoti lietojams, ta\u010du nav ieteicams malu un apak\u0161u pak\u013caut mitrumam.<br \/>\nKr\u0101sa: balta<br \/>\nIzm\u0113rs: 300*3mm<br \/>\nRa\u017eo\u0161ana: Igaunija<\/p>","protected":false},"excerpt":{"rendered":"<p>Bl\u012bvs k\u016bkas pamats no MDF pl\u0101tnes. Lamin\u0113ts ar mitrumiztur\u012bgu baltu p\u0101rkl\u0101jumu (nav sertific\u0113ts tie\u0161ai saskarei ar p\u0101rtikas produktiem; pamatnei iesak\u0101m izmantot, piem\u0113ram, p\u0101rtikas pergamentu). Atk\u0101rtoti lietojams, ta\u010du nav ieteicams malu un apak\u0161u pak\u013caut mitrumam. Kr\u0101sa: balta Izm\u0113rs: 300*3mm Ra\u017eo\u0161ana: Igaunija<\/p>","protected":false},"featured_media":7742,"template":"","meta":{"_seopress_robots_primary_cat":"none","_seopress_titles_title":"","_seopress_titles_desc":"","_seopress_robots_index":""},"product_brand":[],"product_cat":[15,147],"product_tag":[],"class_list":{"0":"post-7852","1":"product","2":"type-product","3":"status-publish","4":"has-post-thumbnail","6":"product_cat-all-products","7":"product_cat-30cm","9":"first","10":"instock","11":"taxable","12":"shipping-taxable","13":"purchasable","14":"product-type-simple"},"_links":{"self":[{"href":"https:\/\/candeebaar.ee\/lv\/wp-json\/wp\/v2\/product\/7852","targetHints":{"allow":["GET"]}}],"collection":[{"href":"https:\/\/candeebaar.ee\/lv\/wp-json\/wp\/v2\/product"}],"about":[{"href":"https:\/\/candeebaar.ee\/lv\/wp-json\/wp\/v2\/types\/product"}],"version-history":[{"count":3,"href":"https:\/\/candeebaar.ee\/lv\/wp-json\/wp\/v2\/product\/7852\/revisions"}],"predecessor-version":[{"id":11612,"href":"https:\/\/candeebaar.ee\/lv\/wp-json\/wp\/v2\/product\/7852\/revisions\/11612"}],"wp:featuredmedia":[{"embeddable":true,"href":"https:\/\/candeebaar.ee\/lv\/wp-json\/wp\/v2\/media\/7742"}],"wp:attachment":[{"href":"https:\/\/candeebaar.ee\/lv\/wp-json\/wp\/v2\/media?parent=7852"}],"wp:term":[{"taxonomy":"product_brand","embeddable":true,"href":"https:\/\/candeebaar.ee\/lv\/wp-json\/wp\/v2\/product_brand?post=7852"},{"taxonomy":"product_cat","embeddable":true,"href":"https:\/\/candeebaar.ee\/lv\/wp-json\/wp\/v2\/product_cat?post=7852"},{"taxonomy":"product_tag","embeddable":true,"href":"https:\/\/candeebaar.ee\/lv\/wp-json\/wp\/v2\/product_tag?post=7852"}],"curies":[{"name":"wp","href":"https:\/\/api.w.org\/{rel}","templated":true}]}}