{"id":7857,"date":"2024-12-31T20:15:21","date_gmt":"2024-12-31T20:15:21","guid":{"rendered":"https:\/\/storetest.ivi.ee\/product\/2in1-chocolate-mold\/"},"modified":"2026-03-10T14:32:00","modified_gmt":"2026-03-10T12:32:00","slug":"2in1-sokolades-veidne","status":"publish","type":"product","link":"https:\/\/candeebaar.ee\/lv\/veikals\/2in1-sokolades-veidne\/","title":{"rendered":"2in1 \u0161okol\u0101des veidne"},"content":{"rendered":"<p>Dzi\u013ca veidne d\u0101vanu \u0161okol\u0101des pagatavo\u0161anai.<br \/>\nVeidnes izm\u0113rs: 21*19cm<br \/>\n1 \u0161okol\u0101des izm\u0113rs: 160*83*25mm<br \/>\nMateri\u0101ls: silikons<br \/>\nLieto\u0161anas temperat\u016bra: -40\u00b0 l\u012bdz 230\u00b0C<br \/>\nRa\u017eot\u0101js: \u0136\u012bna<\/p>","protected":false},"excerpt":{"rendered":"<p>Dzi\u013ca veidne d\u0101vanu \u0161okol\u0101des pagatavo\u0161anai. Veidnes izm\u0113rs: 21*19cm 1 \u0161okol\u0101des izm\u0113rs: 160*83*25mm Materi\u0101ls: silikons Lieto\u0161anas temperat\u016bra: -40\u00b0 l\u012bdz 230\u00b0C Ra\u017eot\u0101js: \u0136\u012bna<\/p>","protected":false},"featured_media":7859,"template":"","meta":{"_seopress_robots_primary_cat":"none","_seopress_titles_title":"","_seopress_titles_desc":"","_seopress_robots_index":""},"product_brand":[],"product_cat":[82,123],"product_tag":[],"class_list":{"0":"post-7857","1":"product","2":"type-product","3":"status-publish","4":"has-post-thumbnail","6":"product_cat-chocolate-molds","7":"product_cat-geometry","9":"first","10":"outofstock","11":"taxable","12":"shipping-taxable","13":"purchasable","14":"product-type-simple"},"_links":{"self":[{"href":"https:\/\/candeebaar.ee\/lv\/wp-json\/wp\/v2\/product\/7857","targetHints":{"allow":["GET"]}}],"collection":[{"href":"https:\/\/candeebaar.ee\/lv\/wp-json\/wp\/v2\/product"}],"about":[{"href":"https:\/\/candeebaar.ee\/lv\/wp-json\/wp\/v2\/types\/product"}],"version-history":[{"count":1,"href":"https:\/\/candeebaar.ee\/lv\/wp-json\/wp\/v2\/product\/7857\/revisions"}],"predecessor-version":[{"id":7858,"href":"https:\/\/candeebaar.ee\/lv\/wp-json\/wp\/v2\/product\/7857\/revisions\/7858"}],"wp:featuredmedia":[{"embeddable":true,"href":"https:\/\/candeebaar.ee\/lv\/wp-json\/wp\/v2\/media\/7859"}],"wp:attachment":[{"href":"https:\/\/candeebaar.ee\/lv\/wp-json\/wp\/v2\/media?parent=7857"}],"wp:term":[{"taxonomy":"product_brand","embeddable":true,"href":"https:\/\/candeebaar.ee\/lv\/wp-json\/wp\/v2\/product_brand?post=7857"},{"taxonomy":"product_cat","embeddable":true,"href":"https:\/\/candeebaar.ee\/lv\/wp-json\/wp\/v2\/product_cat?post=7857"},{"taxonomy":"product_tag","embeddable":true,"href":"https:\/\/candeebaar.ee\/lv\/wp-json\/wp\/v2\/product_tag?post=7857"}],"curies":[{"name":"wp","href":"https:\/\/api.w.org\/{rel}","templated":true}]}}