{"id":7870,"date":"2024-12-31T20:15:21","date_gmt":"2024-12-31T20:15:21","guid":{"rendered":"https:\/\/storetest.ivi.ee\/product\/dessert-box-christmas-tree-150-250-80mm\/"},"modified":"2025-12-18T13:08:32","modified_gmt":"2025-12-18T11:08:32","slug":"deserta-kastite-ziemassvetku-eglite-150-250-80mm","status":"publish","type":"product","link":"https:\/\/candeebaar.ee\/lv\/veikals\/deserta-kastite-ziemassvetku-eglite-150-250-80mm\/","title":{"rendered":"Deserta kast\u012bte \u201cZiemassv\u0113tku egl\u012bte\u201d 150 250 80mm"},"content":{"rendered":"<p>Kartona kaste, piem\u0113rota rul\u0101d\u0113m un citiem desertiem.<br \/>\nKr\u0101sa: balta, raksts<br \/>\nIzm\u0113rs: 150x250x80 mm<\/p>","protected":false},"excerpt":{"rendered":"<p>Kartona kaste, piem\u0113rota rul\u0101d\u0113m un citiem desertiem. Kr\u0101sa: balta, raksts Izm\u0113rs: 150x250x80 mm<\/p>","protected":false},"featured_media":7867,"template":"","meta":{"_seopress_robots_primary_cat":"","_seopress_titles_title":"","_seopress_titles_desc":"","_seopress_robots_index":""},"product_brand":[],"product_cat":[182,181,15,137,154,93],"product_tag":[],"class_list":{"0":"post-7870","1":"product","2":"type-product","3":"status-publish","4":"has-post-thumbnail","6":"product_cat-christmas","7":"product_cat-christmas-new-year","8":"product_cat-all-products","9":"product_cat-rectangular","10":"product_cat-different-style","11":"product_cat-gift-packaging","13":"first","14":"instock","15":"taxable","16":"shipping-taxable","17":"purchasable","18":"product-type-simple"},"_links":{"self":[{"href":"https:\/\/candeebaar.ee\/lv\/wp-json\/wp\/v2\/product\/7870","targetHints":{"allow":["GET"]}}],"collection":[{"href":"https:\/\/candeebaar.ee\/lv\/wp-json\/wp\/v2\/product"}],"about":[{"href":"https:\/\/candeebaar.ee\/lv\/wp-json\/wp\/v2\/types\/product"}],"version-history":[{"count":1,"href":"https:\/\/candeebaar.ee\/lv\/wp-json\/wp\/v2\/product\/7870\/revisions"}],"predecessor-version":[{"id":7871,"href":"https:\/\/candeebaar.ee\/lv\/wp-json\/wp\/v2\/product\/7870\/revisions\/7871"}],"wp:featuredmedia":[{"embeddable":true,"href":"https:\/\/candeebaar.ee\/lv\/wp-json\/wp\/v2\/media\/7867"}],"wp:attachment":[{"href":"https:\/\/candeebaar.ee\/lv\/wp-json\/wp\/v2\/media?parent=7870"}],"wp:term":[{"taxonomy":"product_brand","embeddable":true,"href":"https:\/\/candeebaar.ee\/lv\/wp-json\/wp\/v2\/product_brand?post=7870"},{"taxonomy":"product_cat","embeddable":true,"href":"https:\/\/candeebaar.ee\/lv\/wp-json\/wp\/v2\/product_cat?post=7870"},{"taxonomy":"product_tag","embeddable":true,"href":"https:\/\/candeebaar.ee\/lv\/wp-json\/wp\/v2\/product_tag?post=7870"}],"curies":[{"name":"wp","href":"https:\/\/api.w.org\/{rel}","templated":true}]}}