{"id":7875,"date":"2024-12-31T20:15:21","date_gmt":"2024-12-31T20:15:21","guid":{"rendered":"https:\/\/storetest.ivi.ee\/product\/white-cake-board-16cm3mm\/"},"modified":"2026-04-02T20:46:05","modified_gmt":"2026-04-02T18:46:05","slug":"balts-kukas-delis-16cm3mm","status":"publish","type":"product","link":"https:\/\/candeebaar.ee\/lv\/veikals\/balts-kukas-delis-16cm3mm\/","title":{"rendered":"White Cake Board 16cm*3mm"},"content":{"rendered":"<p>Apa\u013c\u0161 d\u0113lis no bl\u012bva pastiprin\u0101ta kartona, mitrumiztur\u012bgs un taukiztur\u012bgs.<br \/>\nKr\u0101sa: balta<br \/>\nDiametrs: 160 mm<br \/>\nBiezums: 3mm<\/p>","protected":false},"excerpt":{"rendered":"<p>Apa\u013c\u0161 d\u0113lis no bl\u012bva pastiprin\u0101ta kartona, mitrumiztur\u012bgs un taukiztur\u012bgs. Kr\u0101sa: balta Diametrs: 160mm Biezums: 3mm<\/p>","protected":false},"featured_media":7250,"template":"","meta":{"_seopress_robots_primary_cat":"none","_seopress_titles_title":"","_seopress_titles_desc":"","_seopress_robots_index":""},"product_brand":[],"product_cat":[15,139],"product_tag":[],"class_list":{"0":"post-7875","1":"product","2":"type-product","3":"status-publish","4":"has-post-thumbnail","6":"product_cat-all-products","7":"product_cat-small-size","9":"first","10":"instock","11":"taxable","12":"shipping-taxable","13":"purchasable","14":"product-type-simple"},"_links":{"self":[{"href":"https:\/\/candeebaar.ee\/lv\/wp-json\/wp\/v2\/product\/7875","targetHints":{"allow":["GET"]}}],"collection":[{"href":"https:\/\/candeebaar.ee\/lv\/wp-json\/wp\/v2\/product"}],"about":[{"href":"https:\/\/candeebaar.ee\/lv\/wp-json\/wp\/v2\/types\/product"}],"version-history":[{"count":2,"href":"https:\/\/candeebaar.ee\/lv\/wp-json\/wp\/v2\/product\/7875\/revisions"}],"predecessor-version":[{"id":9106,"href":"https:\/\/candeebaar.ee\/lv\/wp-json\/wp\/v2\/product\/7875\/revisions\/9106"}],"wp:featuredmedia":[{"embeddable":true,"href":"https:\/\/candeebaar.ee\/lv\/wp-json\/wp\/v2\/media\/7250"}],"wp:attachment":[{"href":"https:\/\/candeebaar.ee\/lv\/wp-json\/wp\/v2\/media?parent=7875"}],"wp:term":[{"taxonomy":"product_brand","embeddable":true,"href":"https:\/\/candeebaar.ee\/lv\/wp-json\/wp\/v2\/product_brand?post=7875"},{"taxonomy":"product_cat","embeddable":true,"href":"https:\/\/candeebaar.ee\/lv\/wp-json\/wp\/v2\/product_cat?post=7875"},{"taxonomy":"product_tag","embeddable":true,"href":"https:\/\/candeebaar.ee\/lv\/wp-json\/wp\/v2\/product_tag?post=7875"}],"curies":[{"name":"wp","href":"https:\/\/api.w.org\/{rel}","templated":true}]}}