{"id":7885,"date":"2024-12-31T20:15:28","date_gmt":"2024-12-31T20:15:28","guid":{"rendered":"https:\/\/storetest.ivi.ee\/product\/burger-box-for-bento-cake-118cm\/"},"modified":"2026-03-19T16:22:30","modified_gmt":"2026-03-19T14:22:30","slug":"burgeru-kastite-bento-kukai-118cm","status":"publish","type":"product","link":"https:\/\/candeebaar.ee\/lv\/veikals\/burgeru-kastite-bento-kukai-118cm\/","title":{"rendered":"Burgerkaste bento k\u016bkai 11*8cm"},"content":{"rendered":"<p>Burgeru kast\u012bte bento k\u016bkai.<br \/>\nPamatne \u2013 kartons, v\u0101ks \u2013 caursp\u012bd\u012bga plastmasa.<br \/>\nPamatne: 11*11cm, kop\u0113jais augstums: 8cm<br \/>\nK\u016bkas diametrs: ~9cm<\/p>","protected":false},"excerpt":{"rendered":"<p>Burgeru kast\u012bte bento k\u016bkai. Pamatne \u2013 kartons, v\u0101ks \u2013 caursp\u012bd\u012bga plastmasa. Pamatne: 11*11cm, kop\u0113jais augstums: 8cm K\u016bkas diametrs: ~9cm<\/p>","protected":false},"featured_media":7470,"template":"","meta":{"_seopress_robots_primary_cat":"","_seopress_titles_title":"","_seopress_titles_desc":"","_seopress_robots_index":""},"product_brand":[],"product_cat":[15,129,154],"product_tag":[],"class_list":{"0":"post-7885","1":"product","2":"type-product","3":"status-publish","4":"has-post-thumbnail","6":"product_cat-all-products","7":"product_cat-small-and-bento-size","8":"product_cat-different-style","10":"first","11":"instock","12":"taxable","13":"shipping-taxable","14":"purchasable","15":"product-type-simple"},"_links":{"self":[{"href":"https:\/\/candeebaar.ee\/lv\/wp-json\/wp\/v2\/product\/7885","targetHints":{"allow":["GET"]}}],"collection":[{"href":"https:\/\/candeebaar.ee\/lv\/wp-json\/wp\/v2\/product"}],"about":[{"href":"https:\/\/candeebaar.ee\/lv\/wp-json\/wp\/v2\/types\/product"}],"version-history":[{"count":1,"href":"https:\/\/candeebaar.ee\/lv\/wp-json\/wp\/v2\/product\/7885\/revisions"}],"predecessor-version":[{"id":7886,"href":"https:\/\/candeebaar.ee\/lv\/wp-json\/wp\/v2\/product\/7885\/revisions\/7886"}],"wp:featuredmedia":[{"embeddable":true,"href":"https:\/\/candeebaar.ee\/lv\/wp-json\/wp\/v2\/media\/7470"}],"wp:attachment":[{"href":"https:\/\/candeebaar.ee\/lv\/wp-json\/wp\/v2\/media?parent=7885"}],"wp:term":[{"taxonomy":"product_brand","embeddable":true,"href":"https:\/\/candeebaar.ee\/lv\/wp-json\/wp\/v2\/product_brand?post=7885"},{"taxonomy":"product_cat","embeddable":true,"href":"https:\/\/candeebaar.ee\/lv\/wp-json\/wp\/v2\/product_cat?post=7885"},{"taxonomy":"product_tag","embeddable":true,"href":"https:\/\/candeebaar.ee\/lv\/wp-json\/wp\/v2\/product_tag?post=7885"}],"curies":[{"name":"wp","href":"https:\/\/api.w.org\/{rel}","templated":true}]}}