{"id":7893,"date":"2024-12-31T20:15:28","date_gmt":"2024-12-31T20:15:28","guid":{"rendered":"https:\/\/storetest.ivi.ee\/product\/paper-bag-260140290mm-white\/"},"modified":"2026-04-07T08:42:47","modified_gmt":"2026-04-07T06:42:47","slug":"papira-maisins-260140290mm-balts","status":"publish","type":"product","link":"https:\/\/candeebaar.ee\/lv\/veikals\/papira-maisins-260140290mm-balts\/","title":{"rendered":"Pap\u012bra maisi\u0146\u0161 260*140*290mm Balts"},"content":{"rendered":"<p>Pap\u012bra maisi\u0146\u0161 ar plakaniem rokturiem.<br \/>\nIzm\u0113rs: 260*140*290(augstums)mm<\/p>","protected":false},"excerpt":{"rendered":"<p>Pap\u012bra maisi\u0146\u0161 ar plakaniem rokturiem. Izm\u0113rs: 260*140*290(augstums)mm<\/p>","protected":false},"featured_media":7892,"template":"","meta":{"_seopress_robots_primary_cat":"none","_seopress_titles_title":"","_seopress_titles_desc":"","_seopress_robots_index":""},"product_brand":[],"product_cat":[15,93,95],"product_tag":[],"class_list":{"0":"post-7893","1":"product","2":"type-product","3":"status-publish","4":"has-post-thumbnail","6":"product_cat-all-products","7":"product_cat-gift-packaging","8":"product_cat-plastic-and-paper-bags","10":"first","11":"instock","12":"taxable","13":"shipping-taxable","14":"purchasable","15":"product-type-simple"},"_links":{"self":[{"href":"https:\/\/candeebaar.ee\/lv\/wp-json\/wp\/v2\/product\/7893","targetHints":{"allow":["GET"]}}],"collection":[{"href":"https:\/\/candeebaar.ee\/lv\/wp-json\/wp\/v2\/product"}],"about":[{"href":"https:\/\/candeebaar.ee\/lv\/wp-json\/wp\/v2\/types\/product"}],"version-history":[{"count":1,"href":"https:\/\/candeebaar.ee\/lv\/wp-json\/wp\/v2\/product\/7893\/revisions"}],"predecessor-version":[{"id":7894,"href":"https:\/\/candeebaar.ee\/lv\/wp-json\/wp\/v2\/product\/7893\/revisions\/7894"}],"wp:featuredmedia":[{"embeddable":true,"href":"https:\/\/candeebaar.ee\/lv\/wp-json\/wp\/v2\/media\/7892"}],"wp:attachment":[{"href":"https:\/\/candeebaar.ee\/lv\/wp-json\/wp\/v2\/media?parent=7893"}],"wp:term":[{"taxonomy":"product_brand","embeddable":true,"href":"https:\/\/candeebaar.ee\/lv\/wp-json\/wp\/v2\/product_brand?post=7893"},{"taxonomy":"product_cat","embeddable":true,"href":"https:\/\/candeebaar.ee\/lv\/wp-json\/wp\/v2\/product_cat?post=7893"},{"taxonomy":"product_tag","embeddable":true,"href":"https:\/\/candeebaar.ee\/lv\/wp-json\/wp\/v2\/product_tag?post=7893"}],"curies":[{"name":"wp","href":"https:\/\/api.w.org\/{rel}","templated":true}]}}