{"id":7895,"date":"2024-12-31T20:15:28","date_gmt":"2024-12-31T20:15:28","guid":{"rendered":"https:\/\/storetest.ivi.ee\/product\/dry-spray-gold-5g-food-colours\/"},"modified":"2026-02-14T09:10:06","modified_gmt":"2026-02-14T07:10:06","slug":"sausais-aerosols-zelta-5g-partikas-krasvielas","status":"publish","type":"product","link":"https:\/\/candeebaar.ee\/lv\/veikals\/sausais-aerosols-zelta-5g-partikas-krasvielas\/","title":{"rendered":"Sausais aerosols \u201cGold\u201d 5g p\u0101rtikas kr\u0101svielas"},"content":{"rendered":"<p>Sausais aerosols dekor\u0113\u0161anai, \u0113rts bezkontakta uzkl\u0101\u0161anai, izmanto k\u016bku, konfek\u0161u, marcip\u0101na u.c. dekor\u0113\u0161anai.<br \/>\nSast\u0101vs: E555, kr\u0101sviela E172.<br \/>\nKr\u0101sa: zelta<br \/>\nMasa: 5g<br \/>\nUzglab\u0101t v\u0113s\u0101, tum\u0161\u0101 un saus\u0101 viet\u0101.<br \/>\nRa\u017eot\u0101js: Food Colours, Polija<\/p>","protected":false},"excerpt":{"rendered":"<p>Sausais aerosols dekor\u0113\u0161anai, \u0113rts bezkontakta uzkl\u0101\u0161anai, izmanto k\u016bku, konfek\u0161u, marcip\u0101na uc dekor\u0113\u0161anai. Sast\u0101vs: E555, kr\u0101sviela E172. Kr\u0101sa: zelts Masa: 5g Uzglab\u0101t v\u0113s\u0101, tum\u0161\u0101 un saus\u0101 viet\u0101. Ra\u017eot\u0101js: Food Colours, Polija<\/p>","protected":false},"featured_media":7890,"template":"","meta":{"_seopress_robots_primary_cat":"none","_seopress_titles_title":"","_seopress_titles_desc":"","_seopress_robots_index":""},"product_brand":[],"product_cat":[15,115],"product_tag":[],"class_list":{"0":"post-7895","1":"product","2":"type-product","3":"status-publish","4":"has-post-thumbnail","6":"product_cat-all-products","7":"product_cat-glitter","9":"first","10":"outofstock","11":"taxable","12":"shipping-taxable","13":"purchasable","14":"product-type-simple"},"_links":{"self":[{"href":"https:\/\/candeebaar.ee\/lv\/wp-json\/wp\/v2\/product\/7895","targetHints":{"allow":["GET"]}}],"collection":[{"href":"https:\/\/candeebaar.ee\/lv\/wp-json\/wp\/v2\/product"}],"about":[{"href":"https:\/\/candeebaar.ee\/lv\/wp-json\/wp\/v2\/types\/product"}],"version-history":[{"count":1,"href":"https:\/\/candeebaar.ee\/lv\/wp-json\/wp\/v2\/product\/7895\/revisions"}],"predecessor-version":[{"id":7896,"href":"https:\/\/candeebaar.ee\/lv\/wp-json\/wp\/v2\/product\/7895\/revisions\/7896"}],"wp:featuredmedia":[{"embeddable":true,"href":"https:\/\/candeebaar.ee\/lv\/wp-json\/wp\/v2\/media\/7890"}],"wp:attachment":[{"href":"https:\/\/candeebaar.ee\/lv\/wp-json\/wp\/v2\/media?parent=7895"}],"wp:term":[{"taxonomy":"product_brand","embeddable":true,"href":"https:\/\/candeebaar.ee\/lv\/wp-json\/wp\/v2\/product_brand?post=7895"},{"taxonomy":"product_cat","embeddable":true,"href":"https:\/\/candeebaar.ee\/lv\/wp-json\/wp\/v2\/product_cat?post=7895"},{"taxonomy":"product_tag","embeddable":true,"href":"https:\/\/candeebaar.ee\/lv\/wp-json\/wp\/v2\/product_tag?post=7895"}],"curies":[{"name":"wp","href":"https:\/\/api.w.org\/{rel}","templated":true}]}}