{"id":7904,"date":"2024-12-31T20:15:28","date_gmt":"2024-12-31T20:15:28","guid":{"rendered":"https:\/\/storetest.ivi.ee\/product\/cake-box-21-21-3532cm\/"},"modified":"2026-02-12T14:46:24","modified_gmt":"2026-02-12T12:46:24","slug":"kuku-kaste-21-21-3532cm","status":"publish","type":"product","link":"https:\/\/candeebaar.ee\/lv\/veikals\/kuku-kaste-21-21-3532cm\/","title":{"rendered":"K\u016bku kaste 21 21 35(32)cm"},"content":{"rendered":"<p>D\u0101vanu kast\u012bte k\u016bkai.<br \/>\nSast\u0101v no 2 da\u013c\u0101m, iztur\u012bga un \u0113rta lieto\u0161an\u0101.<br \/>\nMateri\u0101ls: kartons, plastmasa<br \/>\nIzm\u0113rs (platums\/garums): 21x21x35cm (darba augstums 32cm)<br \/>\nRa\u017eot\u0101js: It\u0101lija<\/p>","protected":false},"excerpt":{"rendered":"<p>D\u0101vanu kast\u012bte k\u016bkai. Sast\u0101v no 2 da\u013c\u0101m, iztur\u012bga un \u0113rta lieto\u0161an\u0101. Materi\u0101ls: kartons, plastmasa Izm\u0113rs (w\/h\/d): 21x21x35cm (darba augstums 32cm) Ra\u017eot\u0101js: It\u0101lija<\/p>","protected":false},"featured_media":6004,"template":"","meta":{"_seopress_robots_primary_cat":"none","_seopress_titles_title":"","_seopress_titles_desc":"","_seopress_robots_index":""},"product_brand":[],"product_cat":[15,130,136,93],"product_tag":[],"class_list":{"0":"post-7904","1":"product","2":"type-product","3":"status-publish","4":"has-post-thumbnail","6":"product_cat-all-products","7":"product_cat-20-24cm-base","8":"product_cat-tall-cake-boxes-h25cm","9":"product_cat-gift-packaging","11":"first","12":"instock","13":"taxable","14":"shipping-taxable","15":"purchasable","16":"product-type-simple"},"_links":{"self":[{"href":"https:\/\/candeebaar.ee\/lv\/wp-json\/wp\/v2\/product\/7904","targetHints":{"allow":["GET"]}}],"collection":[{"href":"https:\/\/candeebaar.ee\/lv\/wp-json\/wp\/v2\/product"}],"about":[{"href":"https:\/\/candeebaar.ee\/lv\/wp-json\/wp\/v2\/types\/product"}],"version-history":[{"count":2,"href":"https:\/\/candeebaar.ee\/lv\/wp-json\/wp\/v2\/product\/7904\/revisions"}],"predecessor-version":[{"id":10222,"href":"https:\/\/candeebaar.ee\/lv\/wp-json\/wp\/v2\/product\/7904\/revisions\/10222"}],"wp:featuredmedia":[{"embeddable":true,"href":"https:\/\/candeebaar.ee\/lv\/wp-json\/wp\/v2\/media\/6004"}],"wp:attachment":[{"href":"https:\/\/candeebaar.ee\/lv\/wp-json\/wp\/v2\/media?parent=7904"}],"wp:term":[{"taxonomy":"product_brand","embeddable":true,"href":"https:\/\/candeebaar.ee\/lv\/wp-json\/wp\/v2\/product_brand?post=7904"},{"taxonomy":"product_cat","embeddable":true,"href":"https:\/\/candeebaar.ee\/lv\/wp-json\/wp\/v2\/product_cat?post=7904"},{"taxonomy":"product_tag","embeddable":true,"href":"https:\/\/candeebaar.ee\/lv\/wp-json\/wp\/v2\/product_tag?post=7904"}],"curies":[{"name":"wp","href":"https:\/\/api.w.org\/{rel}","templated":true}]}}