{"id":7910,"date":"2024-12-31T20:15:28","date_gmt":"2024-12-31T20:15:28","guid":{"rendered":"https:\/\/storetest.ivi.ee\/product\/box-for-cake-25-25-2522cm\/"},"modified":"2026-03-20T10:26:32","modified_gmt":"2026-03-20T08:26:32","slug":"kaste-kukai-25-25-2522cm","status":"publish","type":"product","link":"https:\/\/candeebaar.ee\/lv\/veikals\/kaste-kukai-25-25-2522cm\/","title":{"rendered":"Kaste k\u016bkai 25 25 25(22)cm"},"content":{"rendered":"<p>D\u0101vanu kast\u012bte k\u016bkai.<br \/>\nSast\u0101v no 2 da\u013c\u0101m, iztur\u012bga un \u0113rta lieto\u0161an\u0101.<br \/>\nMateri\u0101ls: kartons, plastmasa<br \/>\nIzm\u0113rs (platums\/garums): 25x25x25cm (darba augstums 22cm)<br \/>\nRa\u017eot\u0101js: It\u0101lija<\/p>","protected":false},"excerpt":{"rendered":"<p>D\u0101vanu kast\u012bte k\u016bkai. Sast\u0101v no 2 da\u013c\u0101m, iztur\u012bga un \u0113rta lieto\u0161an\u0101. Materi\u0101ls: kartons, plastmasa Izm\u0113rs (w\/h\/d): 25x25x25cm (darba augstums 22cm) Ra\u017eot\u0101js: It\u0101lija<\/p>","protected":false},"featured_media":6004,"template":"","meta":{"_seopress_robots_primary_cat":"none","_seopress_titles_title":"","_seopress_titles_desc":"","_seopress_robots_index":""},"product_brand":[],"product_cat":[15,131,93],"product_tag":[],"class_list":{"0":"post-7910","1":"product","2":"type-product","3":"status-publish","4":"has-post-thumbnail","6":"product_cat-all-products","7":"product_cat-25cm-base","8":"product_cat-gift-packaging","10":"first","11":"instock","12":"taxable","13":"shipping-taxable","14":"purchasable","15":"product-type-simple"},"_links":{"self":[{"href":"https:\/\/candeebaar.ee\/lv\/wp-json\/wp\/v2\/product\/7910","targetHints":{"allow":["GET"]}}],"collection":[{"href":"https:\/\/candeebaar.ee\/lv\/wp-json\/wp\/v2\/product"}],"about":[{"href":"https:\/\/candeebaar.ee\/lv\/wp-json\/wp\/v2\/types\/product"}],"version-history":[{"count":2,"href":"https:\/\/candeebaar.ee\/lv\/wp-json\/wp\/v2\/product\/7910\/revisions"}],"predecessor-version":[{"id":10233,"href":"https:\/\/candeebaar.ee\/lv\/wp-json\/wp\/v2\/product\/7910\/revisions\/10233"}],"wp:featuredmedia":[{"embeddable":true,"href":"https:\/\/candeebaar.ee\/lv\/wp-json\/wp\/v2\/media\/6004"}],"wp:attachment":[{"href":"https:\/\/candeebaar.ee\/lv\/wp-json\/wp\/v2\/media?parent=7910"}],"wp:term":[{"taxonomy":"product_brand","embeddable":true,"href":"https:\/\/candeebaar.ee\/lv\/wp-json\/wp\/v2\/product_brand?post=7910"},{"taxonomy":"product_cat","embeddable":true,"href":"https:\/\/candeebaar.ee\/lv\/wp-json\/wp\/v2\/product_cat?post=7910"},{"taxonomy":"product_tag","embeddable":true,"href":"https:\/\/candeebaar.ee\/lv\/wp-json\/wp\/v2\/product_tag?post=7910"}],"curies":[{"name":"wp","href":"https:\/\/api.w.org\/{rel}","templated":true}]}}