{"id":7915,"date":"2024-12-31T20:15:28","date_gmt":"2024-12-31T20:15:28","guid":{"rendered":"https:\/\/storetest.ivi.ee\/product\/gift-box-21021070mm\/"},"modified":"2026-04-07T08:42:47","modified_gmt":"2026-04-07T06:42:47","slug":"davanu-kastite-21021070mm","status":"publish","type":"product","link":"https:\/\/candeebaar.ee\/lv\/veikals\/davanu-kastite-21021070mm\/","title":{"rendered":"D\u0101vanu kast\u012bte 210*210*70mm"},"content":{"rendered":"<p>Iztur\u012bga d\u0101vanu kast\u012bte ar caursp\u012bd\u012bgu v\u0101ku.<br \/>\nMateri\u0101ls: gofr\u0113ts kartons, plastmasa<br \/>\nIzm\u0113rs: 210*210*h70mm<br \/>\nKr\u0101sa: krafts<\/p>","protected":false},"excerpt":{"rendered":"<p>Iztur\u012bga d\u0101vanu kast\u012bte ar caursp\u012bd\u012bgu v\u0101ku. Materi\u0101ls: gofr\u0113ts kartons, plastmasa Izm\u0113rs: 210*210*h70mm Kr\u0101sa: kraft<\/p>","protected":false},"featured_media":7914,"template":"","meta":{"_seopress_robots_primary_cat":"","_seopress_titles_title":"","_seopress_titles_desc":"","_seopress_robots_index":""},"product_brand":[],"product_cat":[182,181,15,154,93],"product_tag":[],"class_list":{"0":"post-7915","1":"product","2":"type-product","3":"status-publish","4":"has-post-thumbnail","6":"product_cat-christmas","7":"product_cat-christmas-new-year","8":"product_cat-all-products","9":"product_cat-different-style","10":"product_cat-gift-packaging","12":"first","13":"instock","14":"taxable","15":"shipping-taxable","16":"purchasable","17":"product-type-simple"},"_links":{"self":[{"href":"https:\/\/candeebaar.ee\/lv\/wp-json\/wp\/v2\/product\/7915","targetHints":{"allow":["GET"]}}],"collection":[{"href":"https:\/\/candeebaar.ee\/lv\/wp-json\/wp\/v2\/product"}],"about":[{"href":"https:\/\/candeebaar.ee\/lv\/wp-json\/wp\/v2\/types\/product"}],"version-history":[{"count":1,"href":"https:\/\/candeebaar.ee\/lv\/wp-json\/wp\/v2\/product\/7915\/revisions"}],"predecessor-version":[{"id":7916,"href":"https:\/\/candeebaar.ee\/lv\/wp-json\/wp\/v2\/product\/7915\/revisions\/7916"}],"wp:featuredmedia":[{"embeddable":true,"href":"https:\/\/candeebaar.ee\/lv\/wp-json\/wp\/v2\/media\/7914"}],"wp:attachment":[{"href":"https:\/\/candeebaar.ee\/lv\/wp-json\/wp\/v2\/media?parent=7915"}],"wp:term":[{"taxonomy":"product_brand","embeddable":true,"href":"https:\/\/candeebaar.ee\/lv\/wp-json\/wp\/v2\/product_brand?post=7915"},{"taxonomy":"product_cat","embeddable":true,"href":"https:\/\/candeebaar.ee\/lv\/wp-json\/wp\/v2\/product_cat?post=7915"},{"taxonomy":"product_tag","embeddable":true,"href":"https:\/\/candeebaar.ee\/lv\/wp-json\/wp\/v2\/product_tag?post=7915"}],"curies":[{"name":"wp","href":"https:\/\/api.w.org\/{rel}","templated":true}]}}