{"id":7917,"date":"2024-12-31T20:15:28","date_gmt":"2024-12-31T20:15:28","guid":{"rendered":"https:\/\/storetest.ivi.ee\/product\/gift-box-for-gingerbread-10015035mm\/"},"modified":"2026-01-20T11:40:56","modified_gmt":"2026-01-20T09:40:56","slug":"davanu-kastite-piparkukam-10015035mm","status":"publish","type":"product","link":"https:\/\/candeebaar.ee\/lv\/veikals\/davanu-kastite-piparkukam-10015035mm\/","title":{"rendered":"D\u0101vanu kast\u012bte pipark\u016bk\u0101m 100*150*35mm"},"content":{"rendered":"<p>Kvalitat\u012bva d\u0101vanu kast\u012bte no divsl\u0101\u0146u kartona ar caursp\u012bd\u012bgu v\u0101ku (v\u0101kam ir 2 fiks\u0113jo\u0161ie stiprin\u0101jumi).<br \/>\n Vienk\u0101r\u0161i mont\u0113jams, ar izcilu stingr\u012bbu, piem\u0113rots pipark\u016bk\u0101m, k\u0101 ar\u012b citiem zema profila priek\u0161metiem.<br \/>\n Materi\u0101ls: dubultais kartons, plastmasa<br \/>\n Izm\u0113rs: 100*150*h35mm<br \/>\n Kr\u0101sa: krafts<br \/>\n Ra\u017eo\u0161ana: It\u0101lija<\/p>","protected":false},"excerpt":{"rendered":"<p>Kvalitat\u012bva d\u0101vanu kast\u012bte no divsl\u0101\u0146u kartona ar caursp\u012bd\u012bgu v\u0101ku (v\u0101kam ir 2 fiks\u0113jo\u0161ie stiprin\u0101jumi). Vienk\u0101r\u0161i mont\u0113jams, ar izcilu stingr\u012bbu, piem\u0113rots pipark\u016bk\u0101m, k\u0101 ar\u012b citiem zema profila priek\u0161metiem. Materi\u0101ls: dubultais kartons, plastmasa Izm\u0113rs: 100*150*h35mm Kr\u0101sa: kraft Ra\u017eo\u0161ana: It\u0101lija<\/p>","protected":false},"featured_media":7919,"template":"","meta":{"_seopress_robots_primary_cat":"","_seopress_titles_title":"","_seopress_titles_desc":"","_seopress_robots_index":""},"product_brand":[],"product_cat":[182,181,15,156,93],"product_tag":[],"class_list":{"0":"post-7917","1":"product","2":"type-product","3":"status-publish","4":"has-post-thumbnail","6":"product_cat-christmas","7":"product_cat-christmas-new-year","8":"product_cat-all-products","9":"product_cat-low-boxes","10":"product_cat-gift-packaging","12":"first","13":"instock","14":"taxable","15":"shipping-taxable","16":"purchasable","17":"product-type-simple"},"_links":{"self":[{"href":"https:\/\/candeebaar.ee\/lv\/wp-json\/wp\/v2\/product\/7917","targetHints":{"allow":["GET"]}}],"collection":[{"href":"https:\/\/candeebaar.ee\/lv\/wp-json\/wp\/v2\/product"}],"about":[{"href":"https:\/\/candeebaar.ee\/lv\/wp-json\/wp\/v2\/types\/product"}],"version-history":[{"count":1,"href":"https:\/\/candeebaar.ee\/lv\/wp-json\/wp\/v2\/product\/7917\/revisions"}],"predecessor-version":[{"id":7918,"href":"https:\/\/candeebaar.ee\/lv\/wp-json\/wp\/v2\/product\/7917\/revisions\/7918"}],"wp:featuredmedia":[{"embeddable":true,"href":"https:\/\/candeebaar.ee\/lv\/wp-json\/wp\/v2\/media\/7919"}],"wp:attachment":[{"href":"https:\/\/candeebaar.ee\/lv\/wp-json\/wp\/v2\/media?parent=7917"}],"wp:term":[{"taxonomy":"product_brand","embeddable":true,"href":"https:\/\/candeebaar.ee\/lv\/wp-json\/wp\/v2\/product_brand?post=7917"},{"taxonomy":"product_cat","embeddable":true,"href":"https:\/\/candeebaar.ee\/lv\/wp-json\/wp\/v2\/product_cat?post=7917"},{"taxonomy":"product_tag","embeddable":true,"href":"https:\/\/candeebaar.ee\/lv\/wp-json\/wp\/v2\/product_tag?post=7917"}],"curies":[{"name":"wp","href":"https:\/\/api.w.org\/{rel}","templated":true}]}}