{"id":7924,"date":"2024-12-31T20:15:28","date_gmt":"2024-12-31T20:15:28","guid":{"rendered":"https:\/\/storetest.ivi.ee\/product\/gift-box-for-gingerbread-15020035mm\/"},"modified":"2025-05-01T06:39:53","modified_gmt":"2025-05-01T04:39:53","slug":"davanu-kastite-piparkukam-15020035mm","status":"publish","type":"product","link":"https:\/\/candeebaar.ee\/lv\/veikals\/davanu-kastite-piparkukam-15020035mm\/","title":{"rendered":"D\u0101vanu kast\u012bte pipark\u016bk\u0101m 150*200*35mm"},"content":{"rendered":"<p>Kvalitat\u012bva d\u0101vanu kast\u012bte no divsl\u0101\u0146u kartona ar caursp\u012bd\u012bgu v\u0101ku (v\u0101kam ir 2 fiks\u0113jo\u0161ie stiprin\u0101jumi).<br \/>\nVienk\u0101r\u0161i mont\u0113jams, ar izcilu stingr\u012bbu, piem\u0113rots pipark\u016bk\u0101m, k\u0101 ar\u012b citiem zema profila priek\u0161metiem.<br \/>\nMateri\u0101ls: dubultais kartons, plastmasa<br \/>\nIzm\u0113rs: 150*200*h35mm<br \/>\nKr\u0101sa: krafts<br \/>\nRa\u017eo\u0161ana: It\u0101lija<\/p>","protected":false},"excerpt":{"rendered":"<p>Kvalitat\u012bva d\u0101vanu kast\u012bte no divsl\u0101\u0146u kartona ar caursp\u012bd\u012bgu v\u0101ku (v\u0101kam ir 2 fiks\u0113jo\u0161ie stiprin\u0101jumi). Vienk\u0101r\u0161i mont\u0113jams, ar izcilu stingr\u012bbu, piem\u0113rots pipark\u016bk\u0101m, k\u0101 ar\u012b citiem zema profila priek\u0161metiem. Materi\u0101ls: dubultais kartons, plastmasa Izm\u0113rs: 150*200*h35mm Kr\u0101sa: kraft Ra\u017eo\u0161ana: It\u0101lija<\/p>","protected":false},"featured_media":7926,"template":"","meta":{"_seopress_robots_primary_cat":"none","_seopress_titles_title":"","_seopress_titles_desc":"","_seopress_robots_index":""},"product_brand":[],"product_cat":[15,156,93],"product_tag":[],"class_list":{"0":"post-7924","1":"product","2":"type-product","3":"status-publish","4":"has-post-thumbnail","6":"product_cat-all-products","7":"product_cat-low-boxes","8":"product_cat-gift-packaging","10":"first","11":"outofstock","12":"taxable","13":"shipping-taxable","14":"purchasable","15":"product-type-simple"},"_links":{"self":[{"href":"https:\/\/candeebaar.ee\/lv\/wp-json\/wp\/v2\/product\/7924","targetHints":{"allow":["GET"]}}],"collection":[{"href":"https:\/\/candeebaar.ee\/lv\/wp-json\/wp\/v2\/product"}],"about":[{"href":"https:\/\/candeebaar.ee\/lv\/wp-json\/wp\/v2\/types\/product"}],"version-history":[{"count":2,"href":"https:\/\/candeebaar.ee\/lv\/wp-json\/wp\/v2\/product\/7924\/revisions"}],"predecessor-version":[{"id":11479,"href":"https:\/\/candeebaar.ee\/lv\/wp-json\/wp\/v2\/product\/7924\/revisions\/11479"}],"wp:featuredmedia":[{"embeddable":true,"href":"https:\/\/candeebaar.ee\/lv\/wp-json\/wp\/v2\/media\/7926"}],"wp:attachment":[{"href":"https:\/\/candeebaar.ee\/lv\/wp-json\/wp\/v2\/media?parent=7924"}],"wp:term":[{"taxonomy":"product_brand","embeddable":true,"href":"https:\/\/candeebaar.ee\/lv\/wp-json\/wp\/v2\/product_brand?post=7924"},{"taxonomy":"product_cat","embeddable":true,"href":"https:\/\/candeebaar.ee\/lv\/wp-json\/wp\/v2\/product_cat?post=7924"},{"taxonomy":"product_tag","embeddable":true,"href":"https:\/\/candeebaar.ee\/lv\/wp-json\/wp\/v2\/product_tag?post=7924"}],"curies":[{"name":"wp","href":"https:\/\/api.w.org\/{rel}","templated":true}]}}