{"id":7941,"date":"2024-12-31T20:15:37","date_gmt":"2024-12-31T20:15:37","guid":{"rendered":"https:\/\/storetest.ivi.ee\/product\/satin-ribbon-10mm22m-aperol\/"},"modified":"2026-04-02T16:26:52","modified_gmt":"2026-04-02T14:26:52","slug":"satina-lente-10mm22m-aperols","status":"publish","type":"product","link":"https:\/\/candeebaar.ee\/lv\/veikals\/satina-lente-10mm22m-aperols\/","title":{"rendered":"Sat\u012bna lente 10mm*22m Aperol"},"content":{"rendered":"<p>Sat\u012bna lente.<br \/>\nIzm\u0113rs: 10mm*22m<br \/>\nKr\u0101sa: aperols<\/p>","protected":false},"excerpt":{"rendered":"<p>Sat\u012bna lente. Izm\u0113rs: 10mm*22m Kr\u0101sa: aperols<\/p>","protected":false},"featured_media":7932,"template":"","meta":{"_seopress_robots_primary_cat":"","_seopress_titles_title":"","_seopress_titles_desc":"","_seopress_robots_index":""},"product_brand":[],"product_cat":[15,91,106],"product_tag":[],"class_list":{"0":"post-7941","1":"product","2":"type-product","3":"status-publish","4":"has-post-thumbnail","6":"product_cat-all-products","7":"product_cat-satin-ribbons","8":"product_cat-new","10":"first","11":"instock","12":"taxable","13":"shipping-taxable","14":"purchasable","15":"product-type-simple"},"_links":{"self":[{"href":"https:\/\/candeebaar.ee\/lv\/wp-json\/wp\/v2\/product\/7941","targetHints":{"allow":["GET"]}}],"collection":[{"href":"https:\/\/candeebaar.ee\/lv\/wp-json\/wp\/v2\/product"}],"about":[{"href":"https:\/\/candeebaar.ee\/lv\/wp-json\/wp\/v2\/types\/product"}],"version-history":[{"count":1,"href":"https:\/\/candeebaar.ee\/lv\/wp-json\/wp\/v2\/product\/7941\/revisions"}],"predecessor-version":[{"id":7942,"href":"https:\/\/candeebaar.ee\/lv\/wp-json\/wp\/v2\/product\/7941\/revisions\/7942"}],"wp:featuredmedia":[{"embeddable":true,"href":"https:\/\/candeebaar.ee\/lv\/wp-json\/wp\/v2\/media\/7932"}],"wp:attachment":[{"href":"https:\/\/candeebaar.ee\/lv\/wp-json\/wp\/v2\/media?parent=7941"}],"wp:term":[{"taxonomy":"product_brand","embeddable":true,"href":"https:\/\/candeebaar.ee\/lv\/wp-json\/wp\/v2\/product_brand?post=7941"},{"taxonomy":"product_cat","embeddable":true,"href":"https:\/\/candeebaar.ee\/lv\/wp-json\/wp\/v2\/product_cat?post=7941"},{"taxonomy":"product_tag","embeddable":true,"href":"https:\/\/candeebaar.ee\/lv\/wp-json\/wp\/v2\/product_tag?post=7941"}],"curies":[{"name":"wp","href":"https:\/\/api.w.org\/{rel}","templated":true}]}}