{"id":7947,"date":"2024-12-31T20:15:37","date_gmt":"2024-12-31T20:15:37","guid":{"rendered":"https:\/\/storetest.ivi.ee\/product\/satin-ribbon-25mm22m-mint\/"},"modified":"2026-04-02T05:28:49","modified_gmt":"2026-04-02T03:28:49","slug":"satina-lente-25mm22m-piparmetra","status":"publish","type":"product","link":"https:\/\/candeebaar.ee\/lv\/veikals\/satina-lente-25mm22m-piparmetra\/","title":{"rendered":"Sat\u012bna lente 25mm*22m Mint"},"content":{"rendered":"<p>Sat\u012bna lente.<br \/>\nIzm\u0113rs: 25mm*22m<br \/>\nKr\u0101sa: piparm\u0113tra<\/p>","protected":false},"excerpt":{"rendered":"<p>Sat\u012bna lente. Izm\u0113rs: 25mm*22m Kr\u0101sa: Mint<\/p>","protected":false},"featured_media":7935,"template":"","meta":{"_seopress_robots_primary_cat":"","_seopress_titles_title":"","_seopress_titles_desc":"","_seopress_robots_index":""},"product_brand":[],"product_cat":[182,181,15,91],"product_tag":[],"class_list":{"0":"post-7947","1":"product","2":"type-product","3":"status-publish","4":"has-post-thumbnail","6":"product_cat-christmas","7":"product_cat-christmas-new-year","8":"product_cat-all-products","9":"product_cat-satin-ribbons","11":"first","12":"instock","13":"taxable","14":"shipping-taxable","15":"purchasable","16":"product-type-simple"},"_links":{"self":[{"href":"https:\/\/candeebaar.ee\/lv\/wp-json\/wp\/v2\/product\/7947","targetHints":{"allow":["GET"]}}],"collection":[{"href":"https:\/\/candeebaar.ee\/lv\/wp-json\/wp\/v2\/product"}],"about":[{"href":"https:\/\/candeebaar.ee\/lv\/wp-json\/wp\/v2\/types\/product"}],"version-history":[{"count":1,"href":"https:\/\/candeebaar.ee\/lv\/wp-json\/wp\/v2\/product\/7947\/revisions"}],"predecessor-version":[{"id":7948,"href":"https:\/\/candeebaar.ee\/lv\/wp-json\/wp\/v2\/product\/7947\/revisions\/7948"}],"wp:featuredmedia":[{"embeddable":true,"href":"https:\/\/candeebaar.ee\/lv\/wp-json\/wp\/v2\/media\/7935"}],"wp:attachment":[{"href":"https:\/\/candeebaar.ee\/lv\/wp-json\/wp\/v2\/media?parent=7947"}],"wp:term":[{"taxonomy":"product_brand","embeddable":true,"href":"https:\/\/candeebaar.ee\/lv\/wp-json\/wp\/v2\/product_brand?post=7947"},{"taxonomy":"product_cat","embeddable":true,"href":"https:\/\/candeebaar.ee\/lv\/wp-json\/wp\/v2\/product_cat?post=7947"},{"taxonomy":"product_tag","embeddable":true,"href":"https:\/\/candeebaar.ee\/lv\/wp-json\/wp\/v2\/product_tag?post=7947"}],"curies":[{"name":"wp","href":"https:\/\/api.w.org\/{rel}","templated":true}]}}