{"id":7951,"date":"2024-12-31T20:15:37","date_gmt":"2024-12-31T20:15:37","guid":{"rendered":"https:\/\/storetest.ivi.ee\/product\/cake-base-25cm1mm-white\/"},"modified":"2026-03-31T00:49:23","modified_gmt":"2026-03-30T22:49:23","slug":"kukas-pamatne-25cm1mm-balta","status":"publish","type":"product","link":"https:\/\/candeebaar.ee\/lv\/veikals\/kukas-pamatne-25cm1mm-balta\/","title":{"rendered":"K\u016bkas pamatne 25cm*1mm balta"},"content":{"rendered":"<p>Apa\u013ca pamatne bento k\u016bk\u0101m un maziem desertiem.<br \/>\nIzm\u0113rs: 250*1mm<br \/>\nKr\u0101sa: balta<br \/>\nMateri\u0101ls: lamin\u0113ts kartons<\/p>","protected":false},"excerpt":{"rendered":"<p>Apa\u013ca pamatne bento k\u016bk\u0101m un maziem desertiem. Izm\u0113rs: 250*1mm Kr\u0101sa: Balts Materi\u0101ls: Lamin\u0113ts kartons<\/p>","protected":false},"featured_media":7823,"template":"","meta":{"_seopress_robots_primary_cat":"","_seopress_titles_title":"","_seopress_titles_desc":"","_seopress_robots_index":""},"product_brand":[],"product_cat":[15,144],"product_tag":[],"class_list":{"0":"post-7951","1":"product","2":"type-product","3":"status-publish","4":"has-post-thumbnail","6":"product_cat-all-products","7":"product_cat-25cm","9":"first","10":"instock","11":"taxable","12":"shipping-taxable","13":"purchasable","14":"product-type-simple"},"_links":{"self":[{"href":"https:\/\/candeebaar.ee\/lv\/wp-json\/wp\/v2\/product\/7951","targetHints":{"allow":["GET"]}}],"collection":[{"href":"https:\/\/candeebaar.ee\/lv\/wp-json\/wp\/v2\/product"}],"about":[{"href":"https:\/\/candeebaar.ee\/lv\/wp-json\/wp\/v2\/types\/product"}],"version-history":[{"count":1,"href":"https:\/\/candeebaar.ee\/lv\/wp-json\/wp\/v2\/product\/7951\/revisions"}],"predecessor-version":[{"id":7952,"href":"https:\/\/candeebaar.ee\/lv\/wp-json\/wp\/v2\/product\/7951\/revisions\/7952"}],"wp:featuredmedia":[{"embeddable":true,"href":"https:\/\/candeebaar.ee\/lv\/wp-json\/wp\/v2\/media\/7823"}],"wp:attachment":[{"href":"https:\/\/candeebaar.ee\/lv\/wp-json\/wp\/v2\/media?parent=7951"}],"wp:term":[{"taxonomy":"product_brand","embeddable":true,"href":"https:\/\/candeebaar.ee\/lv\/wp-json\/wp\/v2\/product_brand?post=7951"},{"taxonomy":"product_cat","embeddable":true,"href":"https:\/\/candeebaar.ee\/lv\/wp-json\/wp\/v2\/product_cat?post=7951"},{"taxonomy":"product_tag","embeddable":true,"href":"https:\/\/candeebaar.ee\/lv\/wp-json\/wp\/v2\/product_tag?post=7951"}],"curies":[{"name":"wp","href":"https:\/\/api.w.org\/{rel}","templated":true}]}}