{"id":7953,"date":"2024-12-31T20:15:37","date_gmt":"2024-12-31T20:15:37","guid":{"rendered":"https:\/\/storetest.ivi.ee\/product\/cake-box-252520cm-with-window\/"},"modified":"2026-04-08T09:45:01","modified_gmt":"2026-04-08T07:45:01","slug":"kuku-kaste-252520cm-ar-logu","status":"publish","type":"product","link":"https:\/\/candeebaar.ee\/lv\/veikals\/kuku-kaste-252520cm-ar-logu\/","title":{"rendered":"K\u016bku kaste 25*25*20cm ar logu"},"content":{"rendered":"<p>K\u016bku kaste ar logu.<br \/>\nIzm\u0113rs: 255*255*200mm<br \/>\nMateri\u0101ls: kartons \u2013 0,5 mm piem\u0113rots viegl\u0101m k\u016bk\u0101m.<br \/>\nVienk\u0101r\u0161s dizains, viegli mont\u0113jams.<br \/>\nKr\u0101sa: balta<\/p>","protected":false},"excerpt":{"rendered":"<p>K\u016bku kaste ar logu. Izm\u0113rs: 255*255*200mm Materi\u0101ls: kartons \u2013 0,5mm piem\u0113rots viegl\u0101m k\u016bk\u0101m. Vienk\u0101r\u0161s dizains, viegli mont\u0113jams. Kr\u0101sa: balta<\/p>","protected":false},"featured_media":7955,"template":"","meta":{"_seopress_robots_primary_cat":"none","_seopress_titles_title":"","_seopress_titles_desc":"","_seopress_robots_index":""},"product_brand":[],"product_cat":[15,131],"product_tag":[],"class_list":{"0":"post-7953","1":"product","2":"type-product","3":"status-publish","4":"has-post-thumbnail","6":"product_cat-all-products","7":"product_cat-25cm-base","9":"first","10":"instock","11":"taxable","12":"shipping-taxable","13":"purchasable","14":"product-type-simple"},"_links":{"self":[{"href":"https:\/\/candeebaar.ee\/lv\/wp-json\/wp\/v2\/product\/7953","targetHints":{"allow":["GET"]}}],"collection":[{"href":"https:\/\/candeebaar.ee\/lv\/wp-json\/wp\/v2\/product"}],"about":[{"href":"https:\/\/candeebaar.ee\/lv\/wp-json\/wp\/v2\/types\/product"}],"version-history":[{"count":1,"href":"https:\/\/candeebaar.ee\/lv\/wp-json\/wp\/v2\/product\/7953\/revisions"}],"predecessor-version":[{"id":7954,"href":"https:\/\/candeebaar.ee\/lv\/wp-json\/wp\/v2\/product\/7953\/revisions\/7954"}],"wp:featuredmedia":[{"embeddable":true,"href":"https:\/\/candeebaar.ee\/lv\/wp-json\/wp\/v2\/media\/7955"}],"wp:attachment":[{"href":"https:\/\/candeebaar.ee\/lv\/wp-json\/wp\/v2\/media?parent=7953"}],"wp:term":[{"taxonomy":"product_brand","embeddable":true,"href":"https:\/\/candeebaar.ee\/lv\/wp-json\/wp\/v2\/product_brand?post=7953"},{"taxonomy":"product_cat","embeddable":true,"href":"https:\/\/candeebaar.ee\/lv\/wp-json\/wp\/v2\/product_cat?post=7953"},{"taxonomy":"product_tag","embeddable":true,"href":"https:\/\/candeebaar.ee\/lv\/wp-json\/wp\/v2\/product_tag?post=7953"}],"curies":[{"name":"wp","href":"https:\/\/api.w.org\/{rel}","templated":true}]}}