{"id":7956,"date":"2024-12-31T20:15:37","date_gmt":"2024-12-31T20:15:37","guid":{"rendered":"https:\/\/storetest.ivi.ee\/product\/box-for-5-ice-creams-3118-54cm\/"},"modified":"2026-02-23T12:35:50","modified_gmt":"2026-02-23T10:35:50","slug":"kaste-5-saldejumiem-3118-54cm","status":"publish","type":"product","link":"https:\/\/candeebaar.ee\/lv\/veikals\/kaste-5-saldejumiem-3118-54cm\/","title":{"rendered":"Kast\u012bte 5 sald\u0113jumiem 31*18,5*4cm"},"content":{"rendered":"<p>Kaste ar st\u016bra logu 5 sald\u0113jumiem vai l\u012bdz\u012bga izm\u0113ra desertiem.<br \/>\nKomplekt\u0101 iz\u0146emami ielikt\u0146i-dal\u012bt\u0101ji, 1 sekcijas izm\u0113rs \u2013 18*6*4cm.<br \/>\nKastes izm\u0113rs: 31*18,5*4cm<br \/>\nKr\u0101sa: balta<br \/>\nMateri\u0101ls: kartons, caursp\u012bd\u012bga plastmasa<\/p>","protected":false},"excerpt":{"rendered":"<p>Kaste ar st\u016bra logu 5 sald\u0113jumiem vai l\u012bdz\u012bga izm\u0113ra desertiem. Iek\u013cauti iz\u0146emami ielikt\u0146i-dal\u012bt\u0101ji, 1 sekcijas izm\u0113rs \u2013 18*6*4cm. Kastes izm\u0113rs: 31*18,5*4cm Kr\u0101sa: balta Materi\u0101ls: kartons, caursp\u012bd\u012bga plastmasa<\/p>","protected":false},"featured_media":7958,"template":"","meta":{"_seopress_robots_primary_cat":"","_seopress_titles_title":"","_seopress_titles_desc":"","_seopress_robots_index":""},"product_brand":[],"product_cat":[182,181,15,153,154,93],"product_tag":[],"class_list":{"0":"post-7956","1":"product","2":"type-product","3":"status-publish","4":"has-post-thumbnail","6":"product_cat-christmas","7":"product_cat-christmas-new-year","8":"product_cat-all-products","9":"product_cat-candy-boxes","10":"product_cat-different-style","11":"product_cat-gift-packaging","13":"first","14":"instock","15":"taxable","16":"shipping-taxable","17":"purchasable","18":"product-type-simple"},"_links":{"self":[{"href":"https:\/\/candeebaar.ee\/lv\/wp-json\/wp\/v2\/product\/7956","targetHints":{"allow":["GET"]}}],"collection":[{"href":"https:\/\/candeebaar.ee\/lv\/wp-json\/wp\/v2\/product"}],"about":[{"href":"https:\/\/candeebaar.ee\/lv\/wp-json\/wp\/v2\/types\/product"}],"version-history":[{"count":1,"href":"https:\/\/candeebaar.ee\/lv\/wp-json\/wp\/v2\/product\/7956\/revisions"}],"predecessor-version":[{"id":7957,"href":"https:\/\/candeebaar.ee\/lv\/wp-json\/wp\/v2\/product\/7956\/revisions\/7957"}],"wp:featuredmedia":[{"embeddable":true,"href":"https:\/\/candeebaar.ee\/lv\/wp-json\/wp\/v2\/media\/7958"}],"wp:attachment":[{"href":"https:\/\/candeebaar.ee\/lv\/wp-json\/wp\/v2\/media?parent=7956"}],"wp:term":[{"taxonomy":"product_brand","embeddable":true,"href":"https:\/\/candeebaar.ee\/lv\/wp-json\/wp\/v2\/product_brand?post=7956"},{"taxonomy":"product_cat","embeddable":true,"href":"https:\/\/candeebaar.ee\/lv\/wp-json\/wp\/v2\/product_cat?post=7956"},{"taxonomy":"product_tag","embeddable":true,"href":"https:\/\/candeebaar.ee\/lv\/wp-json\/wp\/v2\/product_tag?post=7956"}],"curies":[{"name":"wp","href":"https:\/\/api.w.org\/{rel}","templated":true}]}}