{"id":7962,"date":"2024-12-31T20:15:37","date_gmt":"2024-12-31T20:15:37","guid":{"rendered":"https:\/\/storetest.ivi.ee\/product\/popping-candy-mona-lisa-45g\/"},"modified":"2025-05-18T16:22:07","modified_gmt":"2025-05-18T14:22:07","slug":"popping-candy-mona-lisa-45g","status":"publish","type":"product","link":"https:\/\/candeebaar.ee\/lv\/veikals\/popping-candy-mona-lisa-45g\/","title":{"rendered":"Popping Candy Mona Lisa 45g"},"content":{"rendered":"<p>Eksplod\u0113jo\u0161a karamele tum\u0161aj\u0101 \u0161okol\u0101d\u0113 Callebaut.<br \/>\nLielisks risin\u0101jums b\u0113rnu desertiem. \u0160okol\u0101des p\u0101rkl\u0101jums ne tikai nodro\u0161ina izcilu gar\u0161u, bet ar\u012b pal\u012bdz saglab\u0101t leco\u0161\u0101s konfektes \u012bpa\u0161\u012bbas, kas, tr\u0101pot mut\u0113, priec\u012bgi sprak\u0161\u0137 un sprak\u0161\u0137.<br \/>\nSvars: 45g<br \/>\nGranulu izm\u0113rs: 3-6mm<br \/>\nSast\u0101vs:<br \/>\nTum\u0161\u0101 \u0161okol\u0101de (kakao, cukurs, kakao sviests, sojas lecit\u012bns), saldumi (cukurs, glikoze, <strong>pienu<\/strong> cukurs, putot\u0101js E290, r\u012bsu ciete), cukurs, kakao pulveris, &quot;glaz\u016bra&quot; E904, E414. Var satur\u0113t p\u0113das <strong>olas, glut\u0113ns, rieksti<\/strong>.<br \/>\nSast\u0101vs uz 100 g produkta:<br \/>\nUzturv\u0113rt\u012bba: 447kcal\/1870kJ<br \/>\nTauki (pies\u0101tin\u0101tie): 16,4 g (10 g)<br \/>\nOg\u013chidr\u0101ti (cukuri): 68g (59g)<br \/>\nOlbaltumvielas: 3,8g<br \/>\nS\u0101ls: 0,01 g<br \/>\nRa\u017eot\u0101js: Barry Callebaut, Be\u013c\u0123ija<\/p>","protected":false},"excerpt":{"rendered":"<p>Eksplod\u0113jo\u0161a karamele tum\u0161aj\u0101 \u0161okol\u0101d\u0113 Callebaut. Lielisks risin\u0101jums b\u0113rnu desertiem. \u0160okol\u0101des p\u0101rkl\u0101jums ne tikai nodro\u0161ina izcilu gar\u0161u, bet ar\u012b pal\u012bdz saglab\u0101t leco\u0161\u0101s konfektes \u012bpa\u0161\u012bbas, kas, tr\u0101pot mut\u0113, priec\u012bgi sprak\u0161\u0137 un sprak\u0161\u0137. Svars: 45g Granulu izm\u0113rs: 3-6mm Sast\u0101vs: Tum\u0161\u0101 \u0161okol\u0101de (kakao, cukurs, kakao sviests, sojas lecit\u012bns), saldumi [\u2026]<\/p>","protected":false},"featured_media":7964,"template":"","meta":{"_seopress_robots_primary_cat":"none","_seopress_titles_title":"","_seopress_titles_desc":"","_seopress_robots_index":""},"product_brand":[],"product_cat":[15,110,104,109],"product_tag":[],"class_list":{"0":"post-7962","1":"product","2":"type-product","3":"status-publish","4":"has-post-thumbnail","6":"product_cat-all-products","7":"product_cat-callebaut","8":"product_cat-sprinkles","9":"product_cat-sale","10":"brand-callebaut","12":"first","13":"outofstock","14":"sale","15":"taxable","16":"shipping-taxable","17":"purchasable","18":"product-type-simple"},"_links":{"self":[{"href":"https:\/\/candeebaar.ee\/lv\/wp-json\/wp\/v2\/product\/7962","targetHints":{"allow":["GET"]}}],"collection":[{"href":"https:\/\/candeebaar.ee\/lv\/wp-json\/wp\/v2\/product"}],"about":[{"href":"https:\/\/candeebaar.ee\/lv\/wp-json\/wp\/v2\/types\/product"}],"version-history":[{"count":1,"href":"https:\/\/candeebaar.ee\/lv\/wp-json\/wp\/v2\/product\/7962\/revisions"}],"predecessor-version":[{"id":7963,"href":"https:\/\/candeebaar.ee\/lv\/wp-json\/wp\/v2\/product\/7962\/revisions\/7963"}],"wp:featuredmedia":[{"embeddable":true,"href":"https:\/\/candeebaar.ee\/lv\/wp-json\/wp\/v2\/media\/7964"}],"wp:attachment":[{"href":"https:\/\/candeebaar.ee\/lv\/wp-json\/wp\/v2\/media?parent=7962"}],"wp:term":[{"taxonomy":"product_brand","embeddable":true,"href":"https:\/\/candeebaar.ee\/lv\/wp-json\/wp\/v2\/product_brand?post=7962"},{"taxonomy":"product_cat","embeddable":true,"href":"https:\/\/candeebaar.ee\/lv\/wp-json\/wp\/v2\/product_cat?post=7962"},{"taxonomy":"product_tag","embeddable":true,"href":"https:\/\/candeebaar.ee\/lv\/wp-json\/wp\/v2\/product_tag?post=7962"}],"curies":[{"name":"wp","href":"https:\/\/api.w.org\/{rel}","templated":true}]}}