{"id":7966,"date":"2024-12-31T20:15:37","date_gmt":"2024-12-31T20:15:37","guid":{"rendered":"https:\/\/storetest.ivi.ee\/product\/inulin-100g\/"},"modified":"2026-04-06T19:00:51","modified_gmt":"2026-04-06T17:00:51","slug":"inulins-100-g","status":"publish","type":"product","link":"https:\/\/candeebaar.ee\/lv\/veikals\/inulins-100-g\/","title":{"rendered":"Inul\u012bns 100 g"},"content":{"rendered":"<p>Inul\u012bns ir dabisks saldin\u0101t\u0101js, kam piem\u012bt daudzas organismam labv\u0113l\u012bgas \u012bpa\u0161\u012bbas.<br \/>\nSast\u0101vs: inul\u012bns (cigori\u0146u sakne)<br \/>\nSast\u0101vs uz 100 g produkta:<br \/>\nUzturv\u0113rt\u012bba: 208kcal\/874kJ<br \/>\nTauki (pies\u0101tin\u0101tie): 0g (0g)<br \/>\nOg\u013chidr\u0101ti (cukuri): 7g (7g)<br \/>\n\u0160\u0137iedra: 90g<br \/>\nOlbaltumvielas: 0g<br \/>\nS\u0101ls: 0,01 g<br \/>\nUzglab\u0101t tum\u0161\u0101, v\u0113s\u0101 viet\u0101 herm\u0113tisk\u0101 iepakojum\u0101. Var satur\u0113t p\u0113das <strong>glut\u0113ns un rieksti.<\/strong><br \/>\nRa\u017eot\u0101js: Be\u013c\u0123ija<\/p>","protected":false},"excerpt":{"rendered":"<p>Inul\u012bns ir dabisks saldin\u0101t\u0101js, kam piem\u012bt daudzas organismam labv\u0113l\u012bgas \u012bpa\u0161\u012bbas. Sast\u0101vs: inul\u012bns (cigori\u0146u sakne) Saturs uz 100g produkta: Uzturv\u0113rt\u012bba: 208kcal\/874kJ Tauki (pies\u0101tin\u0101tie): 0g (0g) Og\u013chidr\u0101ti (cukuri): 7g (7g) \u0160\u0137iedrvielas: 90g Olbaltumvielas: 0g S\u0101ls: 0,01g tum\u0161\u0101, v\u0113s\u0101 viet\u0101 herm\u0113tisk\u0101 iepakojum\u0101. Var satur\u0113t glut\u0113na un [\u2026]<\/p>","protected":false},"featured_media":7968,"template":"","meta":{"_seopress_robots_primary_cat":"none","_seopress_titles_title":"","_seopress_titles_desc":"","_seopress_robots_index":""},"product_brand":[],"product_cat":[15,102],"product_tag":[],"class_list":{"0":"post-7966","1":"product","2":"type-product","3":"status-publish","4":"has-post-thumbnail","6":"product_cat-all-products","7":"product_cat-sugars","9":"first","10":"outofstock","11":"taxable","12":"shipping-taxable","13":"purchasable","14":"product-type-simple"},"_links":{"self":[{"href":"https:\/\/candeebaar.ee\/lv\/wp-json\/wp\/v2\/product\/7966","targetHints":{"allow":["GET"]}}],"collection":[{"href":"https:\/\/candeebaar.ee\/lv\/wp-json\/wp\/v2\/product"}],"about":[{"href":"https:\/\/candeebaar.ee\/lv\/wp-json\/wp\/v2\/types\/product"}],"version-history":[{"count":1,"href":"https:\/\/candeebaar.ee\/lv\/wp-json\/wp\/v2\/product\/7966\/revisions"}],"predecessor-version":[{"id":7967,"href":"https:\/\/candeebaar.ee\/lv\/wp-json\/wp\/v2\/product\/7966\/revisions\/7967"}],"wp:featuredmedia":[{"embeddable":true,"href":"https:\/\/candeebaar.ee\/lv\/wp-json\/wp\/v2\/media\/7968"}],"wp:attachment":[{"href":"https:\/\/candeebaar.ee\/lv\/wp-json\/wp\/v2\/media?parent=7966"}],"wp:term":[{"taxonomy":"product_brand","embeddable":true,"href":"https:\/\/candeebaar.ee\/lv\/wp-json\/wp\/v2\/product_brand?post=7966"},{"taxonomy":"product_cat","embeddable":true,"href":"https:\/\/candeebaar.ee\/lv\/wp-json\/wp\/v2\/product_cat?post=7966"},{"taxonomy":"product_tag","embeddable":true,"href":"https:\/\/candeebaar.ee\/lv\/wp-json\/wp\/v2\/product_tag?post=7966"}],"curies":[{"name":"wp","href":"https:\/\/api.w.org\/{rel}","templated":true}]}}