{"id":7969,"date":"2024-12-31T20:15:37","date_gmt":"2024-12-31T20:15:37","guid":{"rendered":"https:\/\/storetest.ivi.ee\/product\/erythritol-100g\/"},"modified":"2026-02-02T19:09:49","modified_gmt":"2026-02-02T17:09:49","slug":"eritritols-100-g","status":"publish","type":"product","link":"https:\/\/candeebaar.ee\/lv\/veikals\/eritritols-100-g\/","title":{"rendered":"Eritritols 100 g"},"content":{"rendered":"<p>Eritritola saldin\u0101t\u0101js, bezkaloriju cukura aizst\u0101j\u0113js.<br \/>\nSast\u0101vs: eritritols<br \/>\nSast\u0101vs uz 100 g produkta:<br \/>\nUzturv\u0113rt\u012bba: 0 kcal\/0 kJ<br \/>\nTauki (pies\u0101tin\u0101tie): 0g (0g)<br \/>\nOg\u013chidr\u0101ti (cukuri): 100g (100g)<br \/>\nOlbaltumvielas: 0g<br \/>\nS\u0101ls: 0 g<br \/>\nUzglab\u0101t v\u0113s\u0101 tum\u0161\u0101 viet\u0101, nosl\u0113gt\u0101 iepakojum\u0101. Var satur\u0113t p\u0113das <strong>glut\u0113ns un rieksti.<\/strong><br \/>\nRa\u017eot\u0101js: Be\u013c\u0123ija<\/p>","protected":false},"excerpt":{"rendered":"<p>Eritritola saldin\u0101t\u0101js, bezkaloriju cukura aizst\u0101j\u0113js. Sast\u0101vs: eritritols Sast\u0101vs uz 100g produkta: Uzturv\u0113rt\u012bba: 0 kcal\/0 kJ Tauki (pies\u0101tin\u0101tie): 0g (0g) Og\u013chidr\u0101ti (cukuri): 100g (100g) Olbaltumvielas: 0g S\u0101ls: 0g Uzglab\u0101t v\u0113s\u0101, tum\u0161\u0101 viet\u0101. aizz\u012bmogots iepakojums. Var satur\u0113t glut\u0113na un riekstu p\u0113das. Ra\u017eot\u0101js: Be\u013c\u0123ija<\/p>","protected":false},"featured_media":7968,"template":"","meta":{"_seopress_robots_primary_cat":"none","_seopress_titles_title":"","_seopress_titles_desc":"","_seopress_robots_index":""},"product_brand":[],"product_cat":[15,102],"product_tag":[],"class_list":{"0":"post-7969","1":"product","2":"type-product","3":"status-publish","4":"has-post-thumbnail","6":"product_cat-all-products","7":"product_cat-sugars","9":"first","10":"instock","11":"taxable","12":"shipping-taxable","13":"purchasable","14":"product-type-simple"},"_links":{"self":[{"href":"https:\/\/candeebaar.ee\/lv\/wp-json\/wp\/v2\/product\/7969","targetHints":{"allow":["GET"]}}],"collection":[{"href":"https:\/\/candeebaar.ee\/lv\/wp-json\/wp\/v2\/product"}],"about":[{"href":"https:\/\/candeebaar.ee\/lv\/wp-json\/wp\/v2\/types\/product"}],"version-history":[{"count":1,"href":"https:\/\/candeebaar.ee\/lv\/wp-json\/wp\/v2\/product\/7969\/revisions"}],"predecessor-version":[{"id":7970,"href":"https:\/\/candeebaar.ee\/lv\/wp-json\/wp\/v2\/product\/7969\/revisions\/7970"}],"wp:featuredmedia":[{"embeddable":true,"href":"https:\/\/candeebaar.ee\/lv\/wp-json\/wp\/v2\/media\/7968"}],"wp:attachment":[{"href":"https:\/\/candeebaar.ee\/lv\/wp-json\/wp\/v2\/media?parent=7969"}],"wp:term":[{"taxonomy":"product_brand","embeddable":true,"href":"https:\/\/candeebaar.ee\/lv\/wp-json\/wp\/v2\/product_brand?post=7969"},{"taxonomy":"product_cat","embeddable":true,"href":"https:\/\/candeebaar.ee\/lv\/wp-json\/wp\/v2\/product_cat?post=7969"},{"taxonomy":"product_tag","embeddable":true,"href":"https:\/\/candeebaar.ee\/lv\/wp-json\/wp\/v2\/product_tag?post=7969"}],"curies":[{"name":"wp","href":"https:\/\/api.w.org\/{rel}","templated":true}]}}