{"id":7971,"date":"2024-12-31T20:15:37","date_gmt":"2024-12-31T20:15:37","guid":{"rendered":"https:\/\/storetest.ivi.ee\/product\/gift-box-merry-christmas-green-15104cm\/"},"modified":"2025-12-14T13:49:11","modified_gmt":"2025-12-14T11:49:11","slug":"davanu-kastite-priecigus-ziemassvetkus-zala-15104cm","status":"publish","type":"product","link":"https:\/\/candeebaar.ee\/lv\/veikals\/davanu-kastite-priecigus-ziemassvetkus-zala-15104cm\/","title":{"rendered":"D\u0101vanu kast\u012bte \u201cMerry Christmas\u201d za\u013ca 15*10*4cm"},"content":{"rendered":"<p>Sv\u0113tku kast\u012bte ar Ziemassv\u0113tku tematiku.<br \/>\nIzm\u0113rs: 15*10*4cm<br \/>\nMateri\u0101ls: kartons<br \/>\nKr\u0101sa: za\u013ca ar rakstu<\/p>","protected":false},"excerpt":{"rendered":"<p>Sv\u0113tku kast\u012bte ar Ziemassv\u0113tku tematiku. Izm\u0113rs: 15*10*4cm Materi\u0101ls: kartons Kr\u0101sa: za\u013ca ar rakstu<\/p>","protected":false},"featured_media":7973,"template":"","meta":{"_seopress_robots_primary_cat":"","_seopress_titles_title":"","_seopress_titles_desc":"","_seopress_robots_index":""},"product_brand":[],"product_cat":[182,181,15,154,93],"product_tag":[],"class_list":{"0":"post-7971","1":"product","2":"type-product","3":"status-publish","4":"has-post-thumbnail","6":"product_cat-christmas","7":"product_cat-christmas-new-year","8":"product_cat-all-products","9":"product_cat-different-style","10":"product_cat-gift-packaging","12":"first","13":"instock","14":"taxable","15":"shipping-taxable","16":"purchasable","17":"product-type-simple"},"_links":{"self":[{"href":"https:\/\/candeebaar.ee\/lv\/wp-json\/wp\/v2\/product\/7971","targetHints":{"allow":["GET"]}}],"collection":[{"href":"https:\/\/candeebaar.ee\/lv\/wp-json\/wp\/v2\/product"}],"about":[{"href":"https:\/\/candeebaar.ee\/lv\/wp-json\/wp\/v2\/types\/product"}],"version-history":[{"count":1,"href":"https:\/\/candeebaar.ee\/lv\/wp-json\/wp\/v2\/product\/7971\/revisions"}],"predecessor-version":[{"id":7972,"href":"https:\/\/candeebaar.ee\/lv\/wp-json\/wp\/v2\/product\/7971\/revisions\/7972"}],"wp:featuredmedia":[{"embeddable":true,"href":"https:\/\/candeebaar.ee\/lv\/wp-json\/wp\/v2\/media\/7973"}],"wp:attachment":[{"href":"https:\/\/candeebaar.ee\/lv\/wp-json\/wp\/v2\/media?parent=7971"}],"wp:term":[{"taxonomy":"product_brand","embeddable":true,"href":"https:\/\/candeebaar.ee\/lv\/wp-json\/wp\/v2\/product_brand?post=7971"},{"taxonomy":"product_cat","embeddable":true,"href":"https:\/\/candeebaar.ee\/lv\/wp-json\/wp\/v2\/product_cat?post=7971"},{"taxonomy":"product_tag","embeddable":true,"href":"https:\/\/candeebaar.ee\/lv\/wp-json\/wp\/v2\/product_tag?post=7971"}],"curies":[{"name":"wp","href":"https:\/\/api.w.org\/{rel}","templated":true}]}}