{"id":8004,"date":"2024-12-31T20:15:51","date_gmt":"2024-12-31T20:15:51","guid":{"rendered":"https:\/\/storetest.ivi.ee\/product\/sprinkles-azure-pearls-45g\/"},"modified":"2025-10-26T12:00:02","modified_gmt":"2025-10-26T10:00:02","slug":"parkaisa-debeszils-perles-45g","status":"publish","type":"product","link":"https:\/\/candeebaar.ee\/lv\/veikals\/parkaisa-debeszils-perles-45g\/","title":{"rendered":"Smidzin\u0101t\u0101ji \u201cAzure Pearls\u201d 45g"},"content":{"rendered":"<p>Smidzin\u0101t\u0101ji desertu dekor\u0113\u0161anai. Bumbi\u0146as \u223c 5mm diametr\u0101, ar m\u012bkstu r\u012bsu pamatni.<br \/>\nMasa: 45g<br \/>\nSast\u0101vs: cukurs, r\u012bsu milti, s\u012brups, talks, konditorejas glaz\u016bra, sorb\u012bnsk\u0101be, kr\u0101svielas E133, E174.<br \/>\nSast\u0101vs uz 100 g:<br \/>\nUzturv\u0113rt\u012bba: 1502kJ\/359.2kcal<br \/>\nTauki (pies\u0101tin\u0101tie): 1,3\u00a0g (0,39\u00a0g)<br \/>\nOg\u013chidr\u0101ti (cukuri): 88,2 g (77,3 g)<br \/>\nOlbaltumvielas: 1,4g<\/p>\n<p>Nav piem\u0113rots b\u0113rniem l\u012bdz 3 gadu vecumam.<br \/>\nRa\u017eot\u0101js: Ukraina<br \/>\nDer\u012bguma termi\u0146\u0161: 30.10.2026<\/p>","protected":false},"excerpt":{"rendered":"<p>Smidzin\u0101t\u0101ji desertu dekor\u0113\u0161anai. Bumbi\u0146as \u223c 5mm diametr\u0101, ar m\u012bkstu r\u012bsu pamatni. Masa: 45g Sast\u0101vs: cukurs, r\u012bsu milti, s\u012brups, talks, konditorejas glaz\u016bra, sorb\u012bnsk\u0101be, kr\u0101svielas E133, E174. Saturs uz 100g: Uzturv\u0113rt\u012bba: 1502kJ\/359.2kcal Tauki (pies\u0101tin\u0101tie): 1.3g (0.39g) Og\u013chidr\u0101ti (cukuri): 88.2g (77.3g) Olbaltumvielas: 1.4g Nav piem\u0113rots b\u0113rniem l\u012bdz 3 gadu vecumam. Ra\u017eot\u0101js: Ukraina [\u2026]<\/p>","protected":false},"featured_media":7981,"template":"","meta":{"_seopress_robots_primary_cat":"none","_seopress_titles_title":"","_seopress_titles_desc":"","_seopress_robots_index":""},"product_brand":[],"product_cat":[15,104],"product_tag":[],"class_list":{"0":"post-8004","1":"product","2":"type-product","3":"status-publish","4":"has-post-thumbnail","6":"product_cat-all-products","7":"product_cat-sprinkles","9":"first","10":"instock","11":"taxable","12":"shipping-taxable","13":"purchasable","14":"product-type-simple"},"_links":{"self":[{"href":"https:\/\/candeebaar.ee\/lv\/wp-json\/wp\/v2\/product\/8004","targetHints":{"allow":["GET"]}}],"collection":[{"href":"https:\/\/candeebaar.ee\/lv\/wp-json\/wp\/v2\/product"}],"about":[{"href":"https:\/\/candeebaar.ee\/lv\/wp-json\/wp\/v2\/types\/product"}],"version-history":[{"count":1,"href":"https:\/\/candeebaar.ee\/lv\/wp-json\/wp\/v2\/product\/8004\/revisions"}],"predecessor-version":[{"id":8005,"href":"https:\/\/candeebaar.ee\/lv\/wp-json\/wp\/v2\/product\/8004\/revisions\/8005"}],"wp:featuredmedia":[{"embeddable":true,"href":"https:\/\/candeebaar.ee\/lv\/wp-json\/wp\/v2\/media\/7981"}],"wp:attachment":[{"href":"https:\/\/candeebaar.ee\/lv\/wp-json\/wp\/v2\/media?parent=8004"}],"wp:term":[{"taxonomy":"product_brand","embeddable":true,"href":"https:\/\/candeebaar.ee\/lv\/wp-json\/wp\/v2\/product_brand?post=8004"},{"taxonomy":"product_cat","embeddable":true,"href":"https:\/\/candeebaar.ee\/lv\/wp-json\/wp\/v2\/product_cat?post=8004"},{"taxonomy":"product_tag","embeddable":true,"href":"https:\/\/candeebaar.ee\/lv\/wp-json\/wp\/v2\/product_tag?post=8004"}],"curies":[{"name":"wp","href":"https:\/\/api.w.org\/{rel}","templated":true}]}}