{"id":8006,"date":"2025-12-31T20:15:51","date_gmt":"2025-12-31T18:15:51","guid":{"rendered":"https:\/\/storetest.ivi.ee\/product\/sprinkles-red-hearts-45g\/"},"modified":"2026-04-02T18:57:42","modified_gmt":"2026-04-02T16:57:42","slug":"smidzinasanas-sarkanas-sirdis-45g","status":"publish","type":"product","link":"https:\/\/candeebaar.ee\/lv\/veikals\/smidzinasanas-sarkanas-sirdis-45g\/","title":{"rendered":"Smidzin\u0101t\u0101ji \u201cRed Hearts\u201d 45g"},"content":{"rendered":"<p>Smidzin\u0101t\u0101ji desertu dekor\u0113\u0161anai.<br \/>\nSirds izm\u0113rs: 6 mm<br \/>\nMasa: 45g<br \/>\nSast\u0101vda\u013cas:<br \/>\nBaltais cukurs, r\u012bsu milti, rafin\u0113ta dezodor\u0113ta palmu e\u013c\u013ca, kukur\u016bzas ciete, melase, biezin\u0101t\u0101js: karboksimetilceluloze (CMC) (E466), glaz\u016bras vielas: gumijarabiks (E414), talks (E553b), aromatiz\u0113t\u0101js: vani\u013ca, p\u0101rtikas kr\u0101sviela: Ponceau 4R (E124).<br \/>\nSast\u0101vs uz 100 g:<br \/>\nUzturv\u0113rt\u012bba: 1544 kJ\/369 kcal<br \/>\nTauki (pies\u0101tin\u0101tie): 3,8 g (1,6 g)<br \/>\nOg\u013chidr\u0101ti: 82g<br \/>\nOlbaltumvielas: 1,7 g<br \/>\nNav piem\u0113rots b\u0113rniem l\u012bdz 3 gadu vecumam.<br \/>\nRa\u017eot\u0101js: V\u0101cija<\/p>","protected":false},"excerpt":{"rendered":"<p>Desertu dekor\u0113\u0161anai paredz\u0113tas p\u0101rslas. Sirds izm\u0113rs: 6 mm. Masa: 45 g. Sast\u0101vda\u013cas: baltais cukurs, r\u012bsu milti, rafin\u0113ta dezodor\u0113ta palmu e\u013c\u013ca, kukur\u016bzas ciete, melase, biezin\u0101t\u0101js: karboksimetilceluloze (CMC) (E466), glaz\u016bras vielas: gumijarabiks (E414), talks (E553b), aromatiz\u0113t\u0101js: vani\u013ca, p\u0101rtikas kr\u0101sviela: Ponceau 4R (E124). Saturs uz 100 g: uzturv\u0113rt\u012bba: 1544 kJ\/369 kcal; tauki (pies\u0101tin\u0101tie): 3,8 g (1,6 g); og\u013chidr\u0101ti: 82 g; olbaltumvielas: 1,7 g. Nav piem\u0113rots [\u2026]<\/p>","protected":false},"featured_media":15330,"template":"","meta":{"_seopress_robots_primary_cat":"none","_seopress_titles_title":"","_seopress_titles_desc":"","_seopress_robots_index":""},"product_brand":[],"product_cat":[183,15,104],"product_tag":[],"class_list":{"0":"post-8006","1":"product","2":"type-product","3":"status-publish","4":"has-post-thumbnail","6":"product_cat-valentines-day","7":"product_cat-all-products","8":"product_cat-sprinkles","10":"first","11":"instock","12":"taxable","13":"shipping-taxable","14":"purchasable","15":"product-type-simple"},"_links":{"self":[{"href":"https:\/\/candeebaar.ee\/lv\/wp-json\/wp\/v2\/product\/8006","targetHints":{"allow":["GET"]}}],"collection":[{"href":"https:\/\/candeebaar.ee\/lv\/wp-json\/wp\/v2\/product"}],"about":[{"href":"https:\/\/candeebaar.ee\/lv\/wp-json\/wp\/v2\/types\/product"}],"version-history":[{"count":3,"href":"https:\/\/candeebaar.ee\/lv\/wp-json\/wp\/v2\/product\/8006\/revisions"}],"predecessor-version":[{"id":15331,"href":"https:\/\/candeebaar.ee\/lv\/wp-json\/wp\/v2\/product\/8006\/revisions\/15331"}],"wp:featuredmedia":[{"embeddable":true,"href":"https:\/\/candeebaar.ee\/lv\/wp-json\/wp\/v2\/media\/15330"}],"wp:attachment":[{"href":"https:\/\/candeebaar.ee\/lv\/wp-json\/wp\/v2\/media?parent=8006"}],"wp:term":[{"taxonomy":"product_brand","embeddable":true,"href":"https:\/\/candeebaar.ee\/lv\/wp-json\/wp\/v2\/product_brand?post=8006"},{"taxonomy":"product_cat","embeddable":true,"href":"https:\/\/candeebaar.ee\/lv\/wp-json\/wp\/v2\/product_cat?post=8006"},{"taxonomy":"product_tag","embeddable":true,"href":"https:\/\/candeebaar.ee\/lv\/wp-json\/wp\/v2\/product_tag?post=8006"}],"curies":[{"name":"wp","href":"https:\/\/api.w.org\/{rel}","templated":true}]}}