{"id":8008,"date":"2024-12-31T20:15:51","date_gmt":"2024-12-31T20:15:51","guid":{"rendered":"https:\/\/storetest.ivi.ee\/product\/sprinkles-red-white-hearts-45g\/"},"modified":"2026-01-04T16:02:21","modified_gmt":"2026-01-04T14:02:21","slug":"smidzinasanas-sarkanas-baltas-sirdis-45g","status":"publish","type":"product","link":"https:\/\/candeebaar.ee\/lv\/veikals\/smidzinasanas-sarkanas-baltas-sirdis-45g\/","title":{"rendered":"Smidzin\u0101t\u0101ji \u201cRed &amp; White Hearts\u201d 45g"},"content":{"rendered":"<p>Smidzin\u0101t\u0101ji desertu dekor\u0113\u0161anai.<br \/>\nSirds izm\u0113rs: 6 mm<br \/>\nMasa: 45g<br \/>\nSast\u0101vs: cukurs, p\u0101rtikas kr\u0101svielas, <strong>kvie\u0161u milti<\/strong>, s\u012brups, emulgators E476, p\u0101rkl\u0101juma glaz\u016bra, sorb\u012bnsk\u0101be, kr\u0101svielas E122, E124<br \/>\nSast\u0101vs uz 100 g:<br \/>\nUzturv\u0113rt\u012bba: 1465kJ\/350kcal<br \/>\nTauki: 2g<br \/>\nOg\u013chidr\u0101ti: 82g<br \/>\nOlbaltumvielas: 0g<br \/>\nNav piem\u0113rots b\u0113rniem l\u012bdz 3 gadu vecumam.<br \/>\nRa\u017eot\u0101js: Ukraina<\/p>","protected":false},"excerpt":{"rendered":"<p>Smidzin\u0101t\u0101ji desertu dekor\u0113\u0161anai. Sirds izm\u0113rs: 6mm Masa: 45g Sast\u0101vs: cukurs, p\u0101rtikas kr\u0101svielas, kvie\u0161u milti, s\u012brups, emulgators E476, p\u0101rkl\u0101juma glaz\u016bra, sorb\u012bnsk\u0101be, kr\u0101svielas E122, E124 Saturs 100g: Uzturv\u0113rt\u012bba: 1465kJ\/350kcal Tauki: 2g Auto:bohidr\u0101ti:2g. 0g Nav piem\u0113rots b\u0113rniem jaun\u0101ki par 3 gadiem. Ra\u017eot\u0101js: Ukraina<\/p>","protected":false},"featured_media":7988,"template":"","meta":{"_seopress_robots_primary_cat":"none","_seopress_titles_title":"","_seopress_titles_desc":"","_seopress_robots_index":""},"product_brand":[],"product_cat":[183,15,104],"product_tag":[],"class_list":{"0":"post-8008","1":"product","2":"type-product","3":"status-publish","4":"has-post-thumbnail","6":"product_cat-valentines-day","7":"product_cat-all-products","8":"product_cat-sprinkles","10":"first","11":"outofstock","12":"taxable","13":"shipping-taxable","14":"purchasable","15":"product-type-simple"},"_links":{"self":[{"href":"https:\/\/candeebaar.ee\/lv\/wp-json\/wp\/v2\/product\/8008","targetHints":{"allow":["GET"]}}],"collection":[{"href":"https:\/\/candeebaar.ee\/lv\/wp-json\/wp\/v2\/product"}],"about":[{"href":"https:\/\/candeebaar.ee\/lv\/wp-json\/wp\/v2\/types\/product"}],"version-history":[{"count":1,"href":"https:\/\/candeebaar.ee\/lv\/wp-json\/wp\/v2\/product\/8008\/revisions"}],"predecessor-version":[{"id":8009,"href":"https:\/\/candeebaar.ee\/lv\/wp-json\/wp\/v2\/product\/8008\/revisions\/8009"}],"wp:featuredmedia":[{"embeddable":true,"href":"https:\/\/candeebaar.ee\/lv\/wp-json\/wp\/v2\/media\/7988"}],"wp:attachment":[{"href":"https:\/\/candeebaar.ee\/lv\/wp-json\/wp\/v2\/media?parent=8008"}],"wp:term":[{"taxonomy":"product_brand","embeddable":true,"href":"https:\/\/candeebaar.ee\/lv\/wp-json\/wp\/v2\/product_brand?post=8008"},{"taxonomy":"product_cat","embeddable":true,"href":"https:\/\/candeebaar.ee\/lv\/wp-json\/wp\/v2\/product_cat?post=8008"},{"taxonomy":"product_tag","embeddable":true,"href":"https:\/\/candeebaar.ee\/lv\/wp-json\/wp\/v2\/product_tag?post=8008"}],"curies":[{"name":"wp","href":"https:\/\/api.w.org\/{rel}","templated":true}]}}