{"id":8010,"date":"2024-12-31T20:15:51","date_gmt":"2024-12-31T20:15:51","guid":{"rendered":"https:\/\/storetest.ivi.ee\/product\/topping-golden-balls-xl-45g\/"},"modified":"2026-03-30T15:42:40","modified_gmt":"2026-03-30T13:42:40","slug":"virskartas-zelta-bumbinas-xl-45g","status":"publish","type":"product","link":"https:\/\/candeebaar.ee\/lv\/veikals\/virskartas-zelta-bumbinas-xl-45g\/","title":{"rendered":"Virsi\u0146\u0161 \u201cGolden Balls XL\u201d 45g"},"content":{"rendered":"<p>Smidzin\u0101t\u0101ji desertu dekor\u0113\u0161anai. Bumbi\u0146as ir \u013coti lielas \u223c 17 mm diametr\u0101, ar m\u012bkstu r\u012bsu pamatni un \u0161okol\u0101di.<br \/>\nMasa: 45g<br \/>\nSast\u0101vs: cukurs, r\u012bsu ciete, milti (<strong>kvie\u0161i, pilngraudu kvie\u0161i, iesala kvie\u0161i<\/strong>), kvie\u0161u lipeklis, kakao sviests, kakao masa, kr\u0101svielas (E160c, E160d, E174), dab\u012bgais vani\u013cas aromatiz\u0113t\u0101js, E903, E904, biezin\u0101t\u0101js E414, emulgators E473, liellopu ga\u013cas \u017eelat\u012bns, irdin\u0101t\u0101js E500, s\u0101ls.<br \/>\nSast\u0101vs uz 100 g:<br \/>\nUzturv\u0113rt\u012bba: 1982kJ\/472kcal<br \/>\nTauki (pies\u0101tin\u0101tie): 17,2\u00a0g (10,5\u00a0g)<br \/>\nOg\u013chidr\u0101ti (cukuri): 73,7 g (65,1 g)<br \/>\nOlbaltumvielas: 4,4g<br \/>\nS\u0101ls: 0,1 g<\/p>\n<p>Nav piem\u0113rots b\u0113rniem l\u012bdz 3 gadu vecumam.<br \/>\nRa\u017eot\u0101js: V\u0101cija<br \/>\nDer\u012bguma termi\u0146\u0161: 2027. gada oktobris<\/p>","protected":false},"excerpt":{"rendered":"<p>Smidzin\u0101t\u0101ji desertu dekor\u0113\u0161anai. Bumbi\u0146as ir \u013coti lielas \u223c 17 mm diametr\u0101, ar m\u012bkstu r\u012bsu pamatni un \u0161okol\u0101di. Masa: 45g Sast\u0101vs: cukurs, r\u012bsu ciete, milti (kvie\u0161i, pilngraudu kvie\u0161i, kvie\u0161u iesala), kvie\u0161u lipeklis, kakao sviests, kakao masa, kr\u0101svielas (E160c, E160d, E174), dab\u012bgs vani\u013cas aromatiz\u0113t\u0101js, E903, E904, biezin\u0101t\u0101js E414, emulgators E473, liellopu ga\u013cas \u017eelat\u012bns, irdin\u0101t\u0101js [\u2026]<\/p>","protected":false},"featured_media":7985,"template":"","meta":{"_seopress_robots_primary_cat":"none","_seopress_titles_title":"","_seopress_titles_desc":"","_seopress_robots_index":""},"product_brand":[],"product_cat":[182,181,180,15,104,106],"product_tag":[],"class_list":{"0":"post-8010","1":"product","2":"type-product","3":"status-publish","4":"has-post-thumbnail","6":"product_cat-christmas","7":"product_cat-christmas-new-year","8":"product_cat-wedding-products","9":"product_cat-all-products","10":"product_cat-sprinkles","11":"product_cat-new","13":"first","14":"instock","15":"taxable","16":"shipping-taxable","17":"purchasable","18":"product-type-simple"},"_links":{"self":[{"href":"https:\/\/candeebaar.ee\/lv\/wp-json\/wp\/v2\/product\/8010","targetHints":{"allow":["GET"]}}],"collection":[{"href":"https:\/\/candeebaar.ee\/lv\/wp-json\/wp\/v2\/product"}],"about":[{"href":"https:\/\/candeebaar.ee\/lv\/wp-json\/wp\/v2\/types\/product"}],"version-history":[{"count":3,"href":"https:\/\/candeebaar.ee\/lv\/wp-json\/wp\/v2\/product\/8010\/revisions"}],"predecessor-version":[{"id":14182,"href":"https:\/\/candeebaar.ee\/lv\/wp-json\/wp\/v2\/product\/8010\/revisions\/14182"}],"wp:featuredmedia":[{"embeddable":true,"href":"https:\/\/candeebaar.ee\/lv\/wp-json\/wp\/v2\/media\/7985"}],"wp:attachment":[{"href":"https:\/\/candeebaar.ee\/lv\/wp-json\/wp\/v2\/media?parent=8010"}],"wp:term":[{"taxonomy":"product_brand","embeddable":true,"href":"https:\/\/candeebaar.ee\/lv\/wp-json\/wp\/v2\/product_brand?post=8010"},{"taxonomy":"product_cat","embeddable":true,"href":"https:\/\/candeebaar.ee\/lv\/wp-json\/wp\/v2\/product_cat?post=8010"},{"taxonomy":"product_tag","embeddable":true,"href":"https:\/\/candeebaar.ee\/lv\/wp-json\/wp\/v2\/product_tag?post=8010"}],"curies":[{"name":"wp","href":"https:\/\/api.w.org\/{rel}","templated":true}]}}