{"id":8017,"date":"2024-12-31T20:15:51","date_gmt":"2024-12-31T20:15:51","guid":{"rendered":"https:\/\/storetest.ivi.ee\/product\/teddy-dream-sprinkles-45g\/"},"modified":"2026-04-06T18:13:22","modified_gmt":"2026-04-06T16:13:22","slug":"teddy-dream-smidzinataji-45g","status":"publish","type":"product","link":"https:\/\/candeebaar.ee\/lv\/veikals\/teddy-dream-smidzinataji-45g\/","title":{"rendered":"Teddy Dream smidzin\u0101t\u0101ji 45g"},"content":{"rendered":"<p>Smidzin\u0101t\u0101ji desertu dekor\u0113\u0161anai.<br \/>\nMasa: 45g<br \/>\nSast\u0101vs: cukurs, <strong>kvie\u0161u milti<\/strong>, s\u012brups, rafin\u0113ta palmu e\u013c\u013ca, modific\u0113ta ciete, biezin\u0101t\u0101ji (E412, E415, E466, E414), talks, konditorejas glaz\u016bra, kr\u0101svielas E102, E122, E133, E170, E174.<br \/>\nUztura saturs uz 100 g:<br \/>\nUzturv\u0113rt\u012bba: 1502kJ\/359.2kcal<br \/>\nTauki (pies\u0101tin\u0101tie): 1,3\u00a0g (0,39\u00a0g)<br \/>\nOg\u013chidr\u0101ti (cukuri): 88,2 g (77,3 g)<br \/>\nOlbaltumvielas: 1,4g<br \/>\nUzglab\u0101t sl\u0113gt\u0101 iepakojum\u0101, tum\u0161\u0101 v\u0113s\u0101 viet\u0101.<\/p>\n<p>Nav piem\u0113rots b\u0113rniem l\u012bdz 3 gadu vecumam.<br \/>\nRa\u017eot\u0101js: Ukraina<br \/>\nDer\u012bguma termi\u0146\u0161: 30.09.2026<\/p>","protected":false},"excerpt":{"rendered":"<p>Smidzin\u0101t\u0101ji desertu dekor\u0113\u0161anai. Masa: 45g Sast\u0101vs: cukurs, kvie\u0161u milti, s\u012brups, rafin\u0113ta palmu e\u013c\u013ca, modific\u0113ta ciete, biezin\u0101t\u0101ji (E412, E415, E466, E414), talks, konditorejas glaz\u016bra, kr\u0101svielas E102, E122, E133, E170, E174. Uzturv\u0113rt\u012bba uz 100 g: Uzturv\u0113rt\u012bba: 1502 kJ\/359,2 kcal Tauki (pies\u0101tin\u0101tie): 1,3 g (0,39 g) Og\u013chidr\u0101ti (cukuri): 88,2 g (77,3 g) Olbaltumvielas: 1,4 g Uzglab\u0101t sl\u0113gt\u0101 iepakojum\u0101, tum\u0161\u0101 [\u2026]<\/p>","protected":false},"featured_media":7998,"template":"","meta":{"_seopress_robots_primary_cat":"none","_seopress_titles_title":"","_seopress_titles_desc":"","_seopress_robots_index":""},"product_brand":[],"product_cat":[15,104],"product_tag":[],"class_list":{"0":"post-8017","1":"product","2":"type-product","3":"status-publish","4":"has-post-thumbnail","6":"product_cat-all-products","7":"product_cat-sprinkles","9":"first","10":"instock","11":"taxable","12":"shipping-taxable","13":"purchasable","14":"product-type-simple"},"_links":{"self":[{"href":"https:\/\/candeebaar.ee\/lv\/wp-json\/wp\/v2\/product\/8017","targetHints":{"allow":["GET"]}}],"collection":[{"href":"https:\/\/candeebaar.ee\/lv\/wp-json\/wp\/v2\/product"}],"about":[{"href":"https:\/\/candeebaar.ee\/lv\/wp-json\/wp\/v2\/types\/product"}],"version-history":[{"count":1,"href":"https:\/\/candeebaar.ee\/lv\/wp-json\/wp\/v2\/product\/8017\/revisions"}],"predecessor-version":[{"id":8018,"href":"https:\/\/candeebaar.ee\/lv\/wp-json\/wp\/v2\/product\/8017\/revisions\/8018"}],"wp:featuredmedia":[{"embeddable":true,"href":"https:\/\/candeebaar.ee\/lv\/wp-json\/wp\/v2\/media\/7998"}],"wp:attachment":[{"href":"https:\/\/candeebaar.ee\/lv\/wp-json\/wp\/v2\/media?parent=8017"}],"wp:term":[{"taxonomy":"product_brand","embeddable":true,"href":"https:\/\/candeebaar.ee\/lv\/wp-json\/wp\/v2\/product_brand?post=8017"},{"taxonomy":"product_cat","embeddable":true,"href":"https:\/\/candeebaar.ee\/lv\/wp-json\/wp\/v2\/product_cat?post=8017"},{"taxonomy":"product_tag","embeddable":true,"href":"https:\/\/candeebaar.ee\/lv\/wp-json\/wp\/v2\/product_tag?post=8017"}],"curies":[{"name":"wp","href":"https:\/\/api.w.org\/{rel}","templated":true}]}}