{"id":8019,"date":"2024-12-31T20:15:51","date_gmt":"2024-12-31T20:15:51","guid":{"rendered":"https:\/\/storetest.ivi.ee\/product\/sprinkles-soap-bubbles-45g\/"},"modified":"2026-03-12T09:50:21","modified_gmt":"2026-03-12T07:50:21","slug":"smidzinataji-ziepju-burbuli-45g","status":"publish","type":"product","link":"https:\/\/candeebaar.ee\/lv\/veikals\/smidzinataji-ziepju-burbuli-45g\/","title":{"rendered":"Smidzin\u0101t\u0101ji \u201cZiepju burbu\u013ci\u201d 45g"},"content":{"rendered":"<p>Smidzin\u0101t\u0101ji desertu dekor\u0113\u0161anai.<br \/>\nMasa: 45g<br \/>\nSast\u0101vs: cukurs, <strong>kvie\u0161u milti<\/strong>, s\u012brups, rafin\u0113ta palmu e\u013c\u013ca, modific\u0113ta ciete, biezin\u0101t\u0101ji (E412, E415, E466, E414), talks, konditorejas glaz\u016bra, kr\u0101svielas E102, E132, E133, E170, E174.<br \/>\nSast\u0101vs uz 100 g:<br \/>\nUzturv\u0113rt\u012bba: 406 kcal<br \/>\nTauki (pies\u0101tin\u0101tie): 5,5 g<br \/>\nOg\u013chidr\u0101ti (cukuri): 92g (77,3g)<br \/>\nOlbaltumvielas: 2g<br \/>\nUzglab\u0101t sl\u0113gt\u0101 iepakojum\u0101, tum\u0161\u0101 v\u0113s\u0101 viet\u0101.<\/p>\n<p>Nav piem\u0113rots b\u0113rniem l\u012bdz 3 gadu vecumam.<br \/>\nRa\u017eot\u0101js: Ukraina<\/p>","protected":false},"excerpt":{"rendered":"<p>Smidzin\u0101t\u0101ji desertu dekor\u0113\u0161anai. Masa: 45g Sast\u0101vs: cukurs, kvie\u0161u milti, s\u012brups, rafin\u0113ta palmu e\u013c\u013ca, modific\u0113ta ciete, biezin\u0101t\u0101ji (E412, E415, E466, E414), talks, konditorejas glaz\u016bra, kr\u0101svielas E102, E132, E133, E170, E174. Saturs uz 100 g: Uzturv\u0113rt\u012bba: 406 kcal Tauki (pies\u0101tin\u0101tie): 5,5 g Og\u013chidr\u0101ti (cukuri): 92 g (77,3 g) Olbaltumvielas: 2 g Uzglab\u0101t sl\u0113gt\u0101 iepakojum\u0101, tum\u0161\u0101, v\u0113s\u0101 [\u2026]<\/p>","protected":false},"featured_media":7996,"template":"","meta":{"_seopress_robots_primary_cat":"none","_seopress_titles_title":"","_seopress_titles_desc":"","_seopress_robots_index":""},"product_brand":[],"product_cat":[15,104,109],"product_tag":[175],"class_list":{"0":"post-8019","1":"product","2":"type-product","3":"status-publish","4":"has-post-thumbnail","6":"product_cat-all-products","7":"product_cat-sprinkles","8":"product_cat-sale","9":"product_tag-easter","11":"first","12":"outofstock","13":"sale","14":"taxable","15":"shipping-taxable","16":"purchasable","17":"product-type-simple"},"_links":{"self":[{"href":"https:\/\/candeebaar.ee\/lv\/wp-json\/wp\/v2\/product\/8019","targetHints":{"allow":["GET"]}}],"collection":[{"href":"https:\/\/candeebaar.ee\/lv\/wp-json\/wp\/v2\/product"}],"about":[{"href":"https:\/\/candeebaar.ee\/lv\/wp-json\/wp\/v2\/types\/product"}],"version-history":[{"count":2,"href":"https:\/\/candeebaar.ee\/lv\/wp-json\/wp\/v2\/product\/8019\/revisions"}],"predecessor-version":[{"id":15428,"href":"https:\/\/candeebaar.ee\/lv\/wp-json\/wp\/v2\/product\/8019\/revisions\/15428"}],"wp:featuredmedia":[{"embeddable":true,"href":"https:\/\/candeebaar.ee\/lv\/wp-json\/wp\/v2\/media\/7996"}],"wp:attachment":[{"href":"https:\/\/candeebaar.ee\/lv\/wp-json\/wp\/v2\/media?parent=8019"}],"wp:term":[{"taxonomy":"product_brand","embeddable":true,"href":"https:\/\/candeebaar.ee\/lv\/wp-json\/wp\/v2\/product_brand?post=8019"},{"taxonomy":"product_cat","embeddable":true,"href":"https:\/\/candeebaar.ee\/lv\/wp-json\/wp\/v2\/product_cat?post=8019"},{"taxonomy":"product_tag","embeddable":true,"href":"https:\/\/candeebaar.ee\/lv\/wp-json\/wp\/v2\/product_tag?post=8019"}],"curies":[{"name":"wp","href":"https:\/\/api.w.org\/{rel}","templated":true}]}}