{"id":8025,"date":"2024-12-31T20:15:51","date_gmt":"2024-12-31T20:15:51","guid":{"rendered":"https:\/\/storetest.ivi.ee\/product\/sprinkles-happy-love-45g\/"},"modified":"2026-04-02T13:21:36","modified_gmt":"2026-04-02T11:21:36","slug":"smidzinajumi-laimigu-milestibu-45g","status":"publish","type":"product","link":"https:\/\/candeebaar.ee\/lv\/veikals\/smidzinajumi-laimigu-milestibu-45g\/","title":{"rendered":"Smidzin\u0101t\u0101ji \u201cHappy Love\u201d 45g"},"content":{"rendered":"<p>Smidzin\u0101t\u0101ji desertu dekor\u0113\u0161anai.<br \/>\nMasa: 45g<br \/>\nSast\u0101vs: cukurs, <strong>kvie\u0161u milti<\/strong>, s\u012brups, emulgators E476, konditorejas glaz\u016bra, kr\u0101svielas E102, E110, E122, E124, E170, E133.<br \/>\nUzturv\u0113rt\u012bba uz 100 g:<br \/>\nEner\u0123\u0113tisk\u0101 v\u0113rt\u012bba: 1465kJ\/350kcal<br \/>\nTauki (pies\u0101tin\u0101tie): 2g<br \/>\nOg\u013chidr\u0101ti: 83g<br \/>\nOlbaltumvielas: 0g<br \/>\nUzglab\u0101t sl\u0113gt\u0101 iepakojum\u0101, tum\u0161\u0101 v\u0113s\u0101 viet\u0101.<br \/>\nKoci\u0146iem ir cieta miltu pamatne un tie nav piem\u0113roti pat\u0113ri\u0146am.<\/p>\n<p>Nav piem\u0113rots b\u0113rniem l\u012bdz 3 gadu vecumam.<br \/>\nRa\u017eot\u0101js: Ukraina<\/p>","protected":false},"excerpt":{"rendered":"<p>Smidzin\u0101t\u0101ji desertu dekor\u0113\u0161anai. Masa: 45g Sast\u0101vs: cukurs, kvie\u0161u milti, s\u012brups, emulgators E476, konditorejas glaz\u016bra, kr\u0101svielas E102, E110, E122, E124, E170, E133. Uzturv\u0113rt\u012bba uz 100g: Ener\u0123\u0113tisk\u0101 v\u0113rt\u012bba: 1465kJ\/350kcal Tauki (pies\u0101tin\u0101tie): 2g Og\u013chidr\u0101ti: 83g Olbaltumvielas: 0g Uzglab\u0101t sl\u0113gt\u0101 iepakojum\u0101, tum\u0161\u0101, v\u0113s\u0101 viet\u0101. N\u016bj\u0101m ir cieta miltu pamatne, un t\u0101s ir [\u2026]<\/p>","protected":false},"featured_media":7986,"template":"","meta":{"_seopress_robots_primary_cat":"none","_seopress_titles_title":"","_seopress_titles_desc":"","_seopress_robots_index":""},"product_brand":[],"product_cat":[183,15,104,109],"product_tag":[175],"class_list":{"0":"post-8025","1":"product","2":"type-product","3":"status-publish","4":"has-post-thumbnail","6":"product_cat-valentines-day","7":"product_cat-all-products","8":"product_cat-sprinkles","9":"product_cat-sale","10":"product_tag-easter","12":"first","13":"outofstock","14":"sale","15":"taxable","16":"shipping-taxable","17":"purchasable","18":"product-type-simple"},"_links":{"self":[{"href":"https:\/\/candeebaar.ee\/lv\/wp-json\/wp\/v2\/product\/8025","targetHints":{"allow":["GET"]}}],"collection":[{"href":"https:\/\/candeebaar.ee\/lv\/wp-json\/wp\/v2\/product"}],"about":[{"href":"https:\/\/candeebaar.ee\/lv\/wp-json\/wp\/v2\/types\/product"}],"version-history":[{"count":2,"href":"https:\/\/candeebaar.ee\/lv\/wp-json\/wp\/v2\/product\/8025\/revisions"}],"predecessor-version":[{"id":15429,"href":"https:\/\/candeebaar.ee\/lv\/wp-json\/wp\/v2\/product\/8025\/revisions\/15429"}],"wp:featuredmedia":[{"embeddable":true,"href":"https:\/\/candeebaar.ee\/lv\/wp-json\/wp\/v2\/media\/7986"}],"wp:attachment":[{"href":"https:\/\/candeebaar.ee\/lv\/wp-json\/wp\/v2\/media?parent=8025"}],"wp:term":[{"taxonomy":"product_brand","embeddable":true,"href":"https:\/\/candeebaar.ee\/lv\/wp-json\/wp\/v2\/product_brand?post=8025"},{"taxonomy":"product_cat","embeddable":true,"href":"https:\/\/candeebaar.ee\/lv\/wp-json\/wp\/v2\/product_cat?post=8025"},{"taxonomy":"product_tag","embeddable":true,"href":"https:\/\/candeebaar.ee\/lv\/wp-json\/wp\/v2\/product_tag?post=8025"}],"curies":[{"name":"wp","href":"https:\/\/api.w.org\/{rel}","templated":true}]}}