{"id":8027,"date":"2024-12-31T20:15:51","date_gmt":"2024-12-31T20:15:51","guid":{"rendered":"https:\/\/storetest.ivi.ee\/product\/sprinkles-mediterranean-sea-45g\/"},"modified":"2026-03-28T15:46:08","modified_gmt":"2026-03-28T13:46:08","slug":"smidzinajumi-vidusjura-45g","status":"publish","type":"product","link":"https:\/\/candeebaar.ee\/lv\/veikals\/smidzinajumi-vidusjura-45g\/","title":{"rendered":"Smidzin\u0101t\u0101ji \u201cVidusj\u016bra\u201d 45g"},"content":{"rendered":"<p>Smidzin\u0101t\u0101ji desertu dekor\u0113\u0161anai.<br \/>\nMasa: 45g<br \/>\nSast\u0101vs: cukurs, <strong>kvie\u0161u milti<\/strong>, s\u012brups, emulgators E476, p\u0101rkl\u0101juma glaz\u016bra, kr\u0101svielas E170, E133.<br \/>\nSast\u0101vs uz 100 g:<br \/>\nUzturv\u0113rt\u012bba: 1465kJ\/350kcal<br \/>\nTauki (pies\u0101tin\u0101tie): 2g<br \/>\nOg\u013chidr\u0101ti: 83g<br \/>\nOlbaltumvielas: 0g<br \/>\nUzglab\u0101t sl\u0113gt\u0101 iepakojum\u0101, tum\u0161\u0101 v\u0113s\u0101 viet\u0101.<br \/>\nKoci\u0146iem ir cieta miltu pamatne un tie nav piem\u0113roti pat\u0113ri\u0146am.<\/p>\n<p>Nav piem\u0113rots b\u0113rniem l\u012bdz 3 gadu vecumam.<br \/>\nRa\u017eot\u0101js: Ukraina<br \/>\nDer\u012bguma termi\u0146\u0161: 03.06.2026<\/p>","protected":false},"excerpt":{"rendered":"<p>Smidzin\u0101t\u0101ji desertu dekor\u0113\u0161anai. Masa: 45g Sast\u0101vs: cukurs, kvie\u0161u milti, s\u012brups, emulgators E476, p\u0101rkl\u0101juma glaz\u016bra, kr\u0101svielas E170, E133. Saturs uz 100g: Uzturv\u0113rt\u012bba: 1465kJ\/350kcal Tauki (pies\u0101tin\u0101tie): 2g Og\u013chidr\u0101ti: 83g Olbaltumvielas: 0g Uzglab\u0101t sl\u0113gt\u0101 iepakojum\u0101, tum\u0161\u0101, v\u0113s\u0101 viet\u0101. Koci\u0146iem ir cieta miltu pamatne un tie nav piem\u0113roti pat\u0113ri\u0146am. Ne [\u2026]<\/p>","protected":false},"featured_media":7991,"template":"","meta":{"_seopress_robots_primary_cat":"none","_seopress_titles_title":"","_seopress_titles_desc":"","_seopress_robots_index":""},"product_brand":[],"product_cat":[15,104],"product_tag":[175],"class_list":{"0":"post-8027","1":"product","2":"type-product","3":"status-publish","4":"has-post-thumbnail","6":"product_cat-all-products","7":"product_cat-sprinkles","8":"product_tag-easter","10":"first","11":"instock","12":"taxable","13":"shipping-taxable","14":"purchasable","15":"product-type-simple"},"_links":{"self":[{"href":"https:\/\/candeebaar.ee\/lv\/wp-json\/wp\/v2\/product\/8027","targetHints":{"allow":["GET"]}}],"collection":[{"href":"https:\/\/candeebaar.ee\/lv\/wp-json\/wp\/v2\/product"}],"about":[{"href":"https:\/\/candeebaar.ee\/lv\/wp-json\/wp\/v2\/types\/product"}],"version-history":[{"count":1,"href":"https:\/\/candeebaar.ee\/lv\/wp-json\/wp\/v2\/product\/8027\/revisions"}],"predecessor-version":[{"id":8028,"href":"https:\/\/candeebaar.ee\/lv\/wp-json\/wp\/v2\/product\/8027\/revisions\/8028"}],"wp:featuredmedia":[{"embeddable":true,"href":"https:\/\/candeebaar.ee\/lv\/wp-json\/wp\/v2\/media\/7991"}],"wp:attachment":[{"href":"https:\/\/candeebaar.ee\/lv\/wp-json\/wp\/v2\/media?parent=8027"}],"wp:term":[{"taxonomy":"product_brand","embeddable":true,"href":"https:\/\/candeebaar.ee\/lv\/wp-json\/wp\/v2\/product_brand?post=8027"},{"taxonomy":"product_cat","embeddable":true,"href":"https:\/\/candeebaar.ee\/lv\/wp-json\/wp\/v2\/product_cat?post=8027"},{"taxonomy":"product_tag","embeddable":true,"href":"https:\/\/candeebaar.ee\/lv\/wp-json\/wp\/v2\/product_tag?post=8027"}],"curies":[{"name":"wp","href":"https:\/\/api.w.org\/{rel}","templated":true}]}}