{"id":8029,"date":"2024-12-31T20:15:51","date_gmt":"2024-12-31T20:15:51","guid":{"rendered":"https:\/\/storetest.ivi.ee\/product\/sprinkles-romantic-night-45g\/"},"modified":"2025-04-11T20:52:24","modified_gmt":"2025-04-11T18:52:24","slug":"smidzinajumi-romantiska-nakts-45g","status":"publish","type":"product","link":"https:\/\/candeebaar.ee\/lv\/veikals\/smidzinajumi-romantiska-nakts-45g\/","title":{"rendered":"Sprinkles \u201cRomantic Night\u201d 45g"},"content":{"rendered":"<p>Smidzin\u0101t\u0101ji desertu dekor\u0113\u0161anai.<br \/>\nMasa: 45g<br \/>\nSast\u0101vs: cukurs, <strong>kvie\u0161u milti<\/strong>, s\u012brups, emulgators E476, p\u0101rkl\u0101juma glaz\u016bra, kr\u0101svielas E122, E124, E170, E174.<br \/>\nSast\u0101vs uz 100 g:<br \/>\nUzturv\u0113rt\u012bba: 1465kJ\/350kcal<br \/>\nTauki (pies\u0101tin\u0101tie): 2g<br \/>\nOg\u013chidr\u0101ti: 83g<br \/>\nOlbaltumvielas: 0g<br \/>\nUzglab\u0101t sl\u0113gt\u0101 iepakojum\u0101, tum\u0161\u0101 v\u0113s\u0101 viet\u0101.<\/p>\n<p>Nav piem\u0113rots b\u0113rniem l\u012bdz 3 gadu vecumam.<br \/>\nRa\u017eot\u0101js: Ukraina<br \/>\nDer\u012bguma termi\u0146\u0161: 29.01.2026<\/p>","protected":false},"excerpt":{"rendered":"<p>Smidzin\u0101t\u0101ji desertu dekor\u0113\u0161anai. Masa: 45g Sast\u0101vs: cukurs, kvie\u0161u milti, s\u012brups, emulgators E476, p\u0101rkl\u0101juma glaz\u016bra, kr\u0101svielas E122, E124, E170, E174. Saturs uz 100g: Uzturv\u0113rt\u012bba: 1465kJ\/350kcal Tauki (pies\u0101tin\u0101tie): 2g Og\u013chidr\u0101ti: 83g Olbaltumvielas: 0g Uzglab\u0101t sl\u0113gt\u0101 iepakojum\u0101, tum\u0161\u0101, v\u0113s\u0101 viet\u0101. Nav piem\u0113rots b\u0113rniem l\u012bdz 3 gadu vecumam. Ra\u017eot\u0101js: Ukraina Der\u012bguma termi\u0146\u0161: [\u2026]<\/p>","protected":false},"featured_media":7993,"template":"","meta":{"_seopress_robots_primary_cat":"","_seopress_titles_title":"","_seopress_titles_desc":"","_seopress_robots_index":""},"product_brand":[],"product_cat":[15,104],"product_tag":[],"class_list":{"0":"post-8029","1":"product","2":"type-product","3":"status-publish","4":"has-post-thumbnail","6":"product_cat-all-products","7":"product_cat-sprinkles","9":"first","10":"outofstock","11":"taxable","12":"shipping-taxable","13":"purchasable","14":"product-type-simple"},"_links":{"self":[{"href":"https:\/\/candeebaar.ee\/lv\/wp-json\/wp\/v2\/product\/8029","targetHints":{"allow":["GET"]}}],"collection":[{"href":"https:\/\/candeebaar.ee\/lv\/wp-json\/wp\/v2\/product"}],"about":[{"href":"https:\/\/candeebaar.ee\/lv\/wp-json\/wp\/v2\/types\/product"}],"version-history":[{"count":1,"href":"https:\/\/candeebaar.ee\/lv\/wp-json\/wp\/v2\/product\/8029\/revisions"}],"predecessor-version":[{"id":8030,"href":"https:\/\/candeebaar.ee\/lv\/wp-json\/wp\/v2\/product\/8029\/revisions\/8030"}],"wp:featuredmedia":[{"embeddable":true,"href":"https:\/\/candeebaar.ee\/lv\/wp-json\/wp\/v2\/media\/7993"}],"wp:attachment":[{"href":"https:\/\/candeebaar.ee\/lv\/wp-json\/wp\/v2\/media?parent=8029"}],"wp:term":[{"taxonomy":"product_brand","embeddable":true,"href":"https:\/\/candeebaar.ee\/lv\/wp-json\/wp\/v2\/product_brand?post=8029"},{"taxonomy":"product_cat","embeddable":true,"href":"https:\/\/candeebaar.ee\/lv\/wp-json\/wp\/v2\/product_cat?post=8029"},{"taxonomy":"product_tag","embeddable":true,"href":"https:\/\/candeebaar.ee\/lv\/wp-json\/wp\/v2\/product_tag?post=8029"}],"curies":[{"name":"wp","href":"https:\/\/api.w.org\/{rel}","templated":true}]}}