{"id":8035,"date":"2024-12-31T20:15:51","date_gmt":"2024-12-31T20:15:51","guid":{"rendered":"https:\/\/storetest.ivi.ee\/product\/topping-hot-feelings-45g\/"},"modified":"2025-12-02T12:13:17","modified_gmt":"2025-12-02T10:13:17","slug":"piedevas-karstas-sajutas-45g","status":"publish","type":"product","link":"https:\/\/candeebaar.ee\/lv\/veikals\/piedevas-karstas-sajutas-45g\/","title":{"rendered":"Virsi\u0146\u0161 \u201cHot Feelings\u201d 45g"},"content":{"rendered":"<p>Smidzin\u0101t\u0101ji desertu dekor\u0113\u0161anai. Bumbi\u0146\u0101m ir m\u012bksta \u0161okol\u0101des pamatne. Koci\u0146iem ir cieta miltu pamatne un tie nav piem\u0113roti pat\u0113ri\u0146am.<br \/>\nMasa: 45g<br \/>\nSast\u0101vs: cukurs, ciete (<strong>kvie\u0161i<\/strong>, kukur\u016bza, kartupe\u013ci, r\u012bsi), <strong>kvie\u0161i<\/strong> milti, <strong>iesala<\/strong> kvie\u0161i, kvie\u0161i <strong>lipeklis<\/strong>, augu e\u013c\u013ca (saulespu\u0137u, rap\u0161u, kokosriekstu), glikozes s\u012brups, v\u012bnogu sula, maltodekstr\u012bns, apgrieztais cukurs, sausais <strong>pienu<\/strong>, kakao sviests, kakao masa, kr\u0101svielas (E100, E120, E131, E132, E133, E153, E162, E170, E172, E173, E174), dab\u012bgs vani\u013cas aromatiz\u0113t\u0101js, E901, E903, E904, biezin\u0101t\u0101js E40, emulsi E40, 6<strong>sojas<\/strong>) E473, liellopu ga\u013cas \u017eelat\u012bns, E330, E470b, E555, s\u0101ls.<br \/>\nSast\u0101vs uz 100 g:<br \/>\nUzturv\u0113rt\u012bba: 1741kJ\/412kcal<br \/>\nTauki (pies\u0101tin\u0101tie): 4,5\u00a0g (2,5\u00a0g)<br \/>\nOg\u013chidr\u0101ti (cukuri): 90,9 g (77,5 g)<br \/>\nOlbaltumvielas: 1,2g<br \/>\nS\u0101ls: 0,1 g<\/p>\n<p>Nav piem\u0113rots b\u0113rniem l\u012bdz 3 gadu vecumam.<br \/>\nRa\u017eot\u0101js: V\u0101cija<br \/>\nDer\u012bguma termi\u0146\u0161: 2026.\u00a0gada febru\u0101ris<\/p>","protected":false},"excerpt":{"rendered":"<p>Smidzin\u0101t\u0101ji desertu dekor\u0113\u0161anai. Bumbi\u0146\u0101m ir m\u012bksta \u0161okol\u0101des pamatne. Koci\u0146iem ir cieta miltu pamatne un tie nav piem\u0113roti pat\u0113ri\u0146am. Masa: 45g Sast\u0101vs: cukurs, ciete (kvie\u0161i, kukur\u016bza, kartupe\u013ci, r\u012bsi), kvie\u0161u milti, kvie\u0161u iesals, kvie\u0161u lipeklis, augu e\u013c\u013ca (saulespu\u0137u, rap\u0161u s\u0113klu, kokosriekstu), glikozes s\u012brups, v\u012bnogu sula, maltodekstr\u012bns, apgrieztais cukurs, sausais piens , kakao sviests, [\u2026]<\/p>","protected":false},"featured_media":7990,"template":"","meta":{"_seopress_robots_primary_cat":"","_seopress_titles_title":"","_seopress_titles_desc":"","_seopress_robots_index":""},"product_brand":[],"product_cat":[15,104],"product_tag":[],"class_list":{"0":"post-8035","1":"product","2":"type-product","3":"status-publish","4":"has-post-thumbnail","6":"product_cat-all-products","7":"product_cat-sprinkles","9":"first","10":"outofstock","11":"taxable","12":"shipping-taxable","13":"purchasable","14":"product-type-simple"},"_links":{"self":[{"href":"https:\/\/candeebaar.ee\/lv\/wp-json\/wp\/v2\/product\/8035","targetHints":{"allow":["GET"]}}],"collection":[{"href":"https:\/\/candeebaar.ee\/lv\/wp-json\/wp\/v2\/product"}],"about":[{"href":"https:\/\/candeebaar.ee\/lv\/wp-json\/wp\/v2\/types\/product"}],"version-history":[{"count":1,"href":"https:\/\/candeebaar.ee\/lv\/wp-json\/wp\/v2\/product\/8035\/revisions"}],"predecessor-version":[{"id":8036,"href":"https:\/\/candeebaar.ee\/lv\/wp-json\/wp\/v2\/product\/8035\/revisions\/8036"}],"wp:featuredmedia":[{"embeddable":true,"href":"https:\/\/candeebaar.ee\/lv\/wp-json\/wp\/v2\/media\/7990"}],"wp:attachment":[{"href":"https:\/\/candeebaar.ee\/lv\/wp-json\/wp\/v2\/media?parent=8035"}],"wp:term":[{"taxonomy":"product_brand","embeddable":true,"href":"https:\/\/candeebaar.ee\/lv\/wp-json\/wp\/v2\/product_brand?post=8035"},{"taxonomy":"product_cat","embeddable":true,"href":"https:\/\/candeebaar.ee\/lv\/wp-json\/wp\/v2\/product_cat?post=8035"},{"taxonomy":"product_tag","embeddable":true,"href":"https:\/\/candeebaar.ee\/lv\/wp-json\/wp\/v2\/product_tag?post=8035"}],"curies":[{"name":"wp","href":"https:\/\/api.w.org\/{rel}","templated":true}]}}